{"id":835,"date":"2023-12-14T14:31:47","date_gmt":"2023-12-14T12:31:47","guid":{"rendered":"https:\/\/digimaterjalid.cs.ut.ee\/?page_id=835"},"modified":"2026-03-03T18:59:46","modified_gmt":"2026-03-03T16:59:46","slug":"soovitusi-opihaldussusteemide-kasutamiseks","status":"publish","type":"page","link":"https:\/\/digioppevara.edu.ee\/kvaliteet\/soovitused-valik\/soovitusi-opihaldussusteemide-kasutamiseks\/","title":{"rendered":"Soovitusi \u00f5pihalduss\u00fcsteemide kasutamiseks"},"content":{"rendered":"\n<blockquote class=\"wp-block-quote is-layout-flow wp-block-quote-is-layout-flow\" style=\"padding-top:var(--wp--preset--spacing--30);padding-right:var(--wp--preset--spacing--30);padding-bottom:var(--wp--preset--spacing--30);padding-left:var(--wp--preset--spacing--30)\">\n<p style=\"font-size:clamp(0.875rem, 0.875rem + ((1vw - 0.2rem) * 0.625), 1.25rem);\">\u00d5pihalduss\u00fcsteemid (LMS-id) on digitaalsed platvormid, mis pakuvad \u00f5petajatele ja \u00f5ppijatele mitmesuguseid t\u00f6\u00f6riistu \u00f5ppeprotsessi toetamiseks.<\/p>\n<\/blockquote>\n\n\n\n<div style=\"height:50px\" aria-hidden=\"true\" class=\"wp-block-spacer\"><\/div>\n\n\n\n<div class=\"wp-block-columns alignwide is-layout-flex wp-container-core-columns-is-layout-d0bbbce0 wp-block-columns-is-layout-flex\">\n<div class=\"wp-block-column is-layout-flow wp-container-core-column-is-layout-e3d1c41b wp-block-column-is-layout-flow\">\n<h4 class=\"wp-block-heading has-contrast-2-color has-text-color has-link-color wp-elements-70069bd8b6e7196f42e2267917f0d7d6\">M\u00f5tle l\u00e4bi oma vajadused<\/h4>\n\n\n\n<p class=\"has-text-align-left\">Enne LMS-i valimist m\u00f5tle l\u00e4bi, milliseid funktsioone sa vajad. Kas soovid LMS-i, mis v\u00f5imaldab sul hallata \u00f5ppematerjale, korraldada \u00f5ppetegevusi v\u00f5i hinnata \u00f5pilasi?<\/p>\n\n\n\n<div style=\"height:15px\" aria-hidden=\"true\" class=\"wp-block-spacer\"><\/div>\n<\/div>\n\n\n\n<div class=\"wp-block-column is-layout-flow wp-container-core-column-is-layout-e3d1c41b wp-block-column-is-layout-flow\">\n<h4 class=\"wp-block-heading has-contrast-2-color has-text-color has-link-color wp-elements-ea4efc468ed9a0ba6ec7009718644ff7\">\u00d5pi LMS-i kasutama<\/h4>\n\n\n\n<p>Enne LMS-i kasutuselev\u00f5ttu v\u00f5ta aega, et \u00f5ppida, kuidas seda kasutada. Enamikul LMS-idel on olemas juhendmaterjalid ja koolitused, mis aitavad sul s\u00fcsteemiga tutvuda.<\/p>\n\n\n\n<div style=\"height:20px\" aria-hidden=\"true\" class=\"wp-block-spacer\"><\/div>\n<\/div>\n<\/div>\n\n\n\n<div class=\"wp-block-columns alignwide is-layout-flex wp-container-core-columns-is-layout-d0bbbce0 wp-block-columns-is-layout-flex\">\n<div class=\"wp-block-column is-layout-flow wp-container-core-column-is-layout-e3d1c41b wp-block-column-is-layout-flow\">\n<h4 class=\"wp-block-heading has-contrast-2-color has-text-color has-link-color wp-elements-ab19fd122615149b103a0e6b6c3cdd3f\">Kohanda LMS-i oma vajadustele<\/h4>\n\n\n\n<p class=\"has-text-align-left\">Enamik LMS-e v\u00f5imaldab sul s\u00fcsteemi kohandada oma vajadustele. N\u00e4iteks saad lisada oma \u00f5ppematerjale, luua \u00f5ppetegevusi ja m\u00e4\u00e4rata \u00fclesandeid.<\/p>\n\n\n\n<div style=\"height:15px\" aria-hidden=\"true\" class=\"wp-block-spacer\"><\/div>\n<\/div>\n\n\n\n<div class=\"wp-block-column is-layout-flow wp-container-core-column-is-layout-e3d1c41b wp-block-column-is-layout-flow\">\n<h4 class=\"wp-block-heading has-contrast-2-color has-text-color has-link-color wp-elements-fc6530279727a79d32beb19b93022714\">Kasuta LMS-i regulaarselt<\/h4>\n\n\n\n<p>Mida rohkem sa LMS-i kasutad, seda paremini saad sellest kasu. Proovi kasutada LMS-i erinevatel eesm\u00e4rkidel, et n\u00e4ha, kuidas see sinu \u00f5ppeprotsessi parandada saab.<\/p>\n\n\n\n<div style=\"height:20px\" aria-hidden=\"true\" class=\"wp-block-spacer\"><\/div>\n<\/div>\n<\/div>\n\n\n\n<div style=\"height:15px\" aria-hidden=\"true\" class=\"wp-block-spacer\"><\/div>\n\n\n\n<div class=\"wp-block-group alignfull has-base-2-background-color has-background has-global-padding is-layout-constrained wp-container-core-group-is-layout-669513ed wp-block-group-is-layout-constrained\" style=\"margin-top:0;margin-bottom:0;padding-top:var(--wp--preset--spacing--50);padding-right:var(--wp--preset--spacing--50);padding-bottom:var(--wp--preset--spacing--50);padding-left:var(--wp--preset--spacing--50)\">\n<h3 class=\"wp-block-heading has-text-align-center has-large-font-size\" style=\"margin-top:0;margin-bottom:var(--wp--preset--spacing--30);font-style:normal;font-weight:400\">Kasulikke \u00f5pihalduss\u00fcsteeme<\/h3>\n\n\n\n<ul class=\"wp-block-list is-style-checkmark-list\">\n<li style=\"margin-top:var(--wp--preset--spacing--10);margin-bottom:var(--wp--preset--spacing--10)\"><a href=\"https:\/\/moodle.edu.ee\/\" target=\"_blank\" rel=\"noreferrer noopener\">Moodle<\/a> ja <a href=\"https:\/\/www.socrative.com\/\" target=\"_blank\" rel=\"noreferrer noopener\">Socrative<\/a> on avatud l\u00e4htekoodiga LMS-id, mis pakuvad erinevaid funktsioone, sealhulgas kursuste loomist ja haldamist, suhtlust \u00f5ppijate ja \u00f5petajate vahel, hindamist ja aruandlust.&nbsp;<\/li>\n\n\n\n<li style=\"margin-top:var(--wp--preset--spacing--10);margin-bottom:var(--wp--preset--spacing--10)\"><a href=\"https:\/\/classroom.google.com\/\" target=\"_blank\" rel=\"noreferrer noopener\">Google Classroom<\/a> on tasuta LMS, mida saab kasutada koos Google&#8217;i muude t\u00f6\u00f6riistadega, n\u00e4iteks Google Docsi, Google Slidesi ja Google Sheetsiga.<\/li>\n\n\n\n<li><a href=\"https:\/\/www.sakailms.org\/\" target=\"_blank\" rel=\"noreferrer noopener\">Sakai<\/a> on tasuta ja avatud l\u00e4htekoodiga LMS, mis pakub sarnaseid funktsioone nagu Google Classroom ja Moodle, sealhulgas kursuste loomist ja haldamist, suhtlust \u00f5ppijate ja \u00f5petajate vahel, hindamist ja aruandlust.<\/li>\n<\/ul>\n<\/div>\n\n\n\n<div class=\"wp-block-group has-global-padding is-layout-constrained wp-block-group-is-layout-constrained\">\n<h3 class=\"wp-block-heading has-text-align-center has-contrast-color has-text-color has-link-color has-large-font-size wp-elements-36bb9dfa0bc97e6e64ba8bb8d6fc5047\" style=\"margin-top:var(--wp--preset--spacing--50);margin-bottom:var(--wp--preset--spacing--30);font-style:normal;font-weight:400\">N\u00e4iteid \u00f5pihalduss\u00fcsteemi funktsioonist \u00f5ppet\u00f6\u00f6s<\/h3>\n\n\n\n<blockquote class=\"wp-block-quote is-style-default has-contrast-color has-custom-oran-background-color has-text-color has-background has-link-color wp-elements-7a76f2fa36fa1aa8b76815cb1c327b08 is-layout-flow wp-block-quote-is-layout-flow\" style=\"margin-top:var(--wp--preset--spacing--20);margin-right:var(--wp--preset--spacing--60);margin-bottom:var(--wp--preset--spacing--20);margin-left:var(--wp--preset--spacing--60);padding-top:var(--wp--preset--spacing--30);padding-right:var(--wp--preset--spacing--30);padding-bottom:var(--wp--preset--spacing--30);padding-left:var(--wp--preset--spacing--30)\">\n<p style=\"margin-top:0;margin-right:0;margin-bottom:0;margin-left:0;font-size:clamp(0.875rem, 0.875rem + ((1vw - 0.2rem) * 0.625), 1.25rem);\">\u00d5ppematerjalide haldamiseks lisa LMS-i oma esitlusi, \u00f5pikuid, \u00fclesandeid ja muid \u00f5ppematerjale.<\/p>\n<\/blockquote>\n\n\n\n<blockquote class=\"wp-block-quote is-style-default has-contrast-color has-custom-oran-background-color has-text-color has-background has-link-color wp-elements-06b24861be8d9f7868dfe1775fbd11e9 is-layout-flow wp-block-quote-is-layout-flow\" style=\"margin-top:var(--wp--preset--spacing--20);margin-right:var(--wp--preset--spacing--60);margin-bottom:var(--wp--preset--spacing--20);margin-left:var(--wp--preset--spacing--60);padding-top:var(--wp--preset--spacing--30);padding-bottom:var(--wp--preset--spacing--30)\">\n<p style=\"font-size:clamp(0.875rem, 0.875rem + ((1vw - 0.2rem) * 0.625), 1.25rem);\">\u00d5pitegevuste haldamiseks saad LMS-ides luua \u00fclesandeid, teste ja muid tegevusi ning j\u00e4lgida \u00f5ppijate edusamme.<\/p>\n<\/blockquote>\n\n\n\n<blockquote class=\"wp-block-quote is-style-default has-contrast-color has-custom-oran-background-color has-text-color has-background has-link-color wp-elements-5eaed87aa1b73b5854dae24d4de077a2 is-layout-flow wp-block-quote-is-layout-flow\" style=\"margin-top:var(--wp--preset--spacing--20);margin-right:var(--wp--preset--spacing--60);margin-bottom:var(--wp--preset--spacing--20);margin-left:var(--wp--preset--spacing--60);padding-top:var(--wp--preset--spacing--30);padding-bottom:var(--wp--preset--spacing--30)\">\n<p style=\"font-size:clamp(0.875rem, 0.875rem + ((1vw - 0.2rem) * 0.625), 1.25rem);\">\u00d5ppijate hindamiseks saad LMS-ides luua teste, k\u00fcsitlusi ja muid hindamisi.<\/p>\n<\/blockquote>\n\n\n\n<blockquote class=\"wp-block-quote is-style-default has-contrast-color has-custom-oran-background-color has-text-color has-background has-link-color wp-elements-343c2390e9fd975f1b072cf86715431a is-layout-flow wp-block-quote-is-layout-flow\" style=\"margin-top:var(--wp--preset--spacing--20);margin-right:var(--wp--preset--spacing--60);margin-bottom:var(--wp--preset--spacing--20);margin-left:var(--wp--preset--spacing--60);padding-top:var(--wp--preset--spacing--20);padding-bottom:var(--wp--preset--spacing--20)\">\n<p style=\"font-size:clamp(0.875rem, 0.875rem + ((1vw - 0.2rem) * 0.625), 1.25rem);\">\u00d5ppijate tagasiside kogumiseks saad LMS-ides luua, avaldada ja hallata k\u00fcsitlusi.<\/p>\n<\/blockquote>\n<\/div>\n\n\n<div style=\"padding-top:var(--wp--preset--spacing--30);margin-top:var(--wp--preset--spacing--40);margin-bottom:var(--wp--preset--spacing--40)\" class=\"taxonomy-post_tag is-style-pill wp-block-post-terms\"><a href=\"https:\/\/digioppevara.edu.ee\/kvaliteet\/tag\/juhendid\/\" rel=\"tag\">juhendid<\/a><span class=\"wp-block-post-terms__separator\"> <\/span><a href=\"https:\/\/digioppevara.edu.ee\/kvaliteet\/tag\/lms\/\" rel=\"tag\">LMS<\/a><span class=\"wp-block-post-terms__separator\"> <\/span><a href=\"https:\/\/digioppevara.edu.ee\/kvaliteet\/tag\/naited\/\" rel=\"tag\">n\u00e4ited<\/a><span class=\"wp-block-post-terms__separator\"> <\/span><a href=\"https:\/\/digioppevara.edu.ee\/kvaliteet\/tag\/opihaldussusteemid\/\" rel=\"tag\">\u00f5pihalduss\u00fcsteemid<\/a><span class=\"wp-block-post-terms__separator\"> <\/span><a href=\"https:\/\/digioppevara.edu.ee\/kvaliteet\/tag\/soovitused\/\" rel=\"tag\">soovitused<\/a><\/div>\n\n\n<p><\/p>\n","protected":false},"excerpt":{"rendered":"<p>\u00d5pihalduss\u00fcsteemid (LMS-id) on digitaalsed platvormid, mis pakuvad \u00f5petajatele ja \u00f5ppijatele mitmesuguseid t\u00f6\u00f6riistu \u00f5ppeprotsessi toetamiseks. M\u00f5tle l\u00e4bi oma vajadused Enne LMS-i valimist m\u00f5tle l\u00e4bi, milliseid funktsioone sa vajad. Kas soovid LMS-i, mis v\u00f5imaldab sul hallata \u00f5ppematerjale, korraldada \u00f5ppetegevusi v\u00f5i hinnata \u00f5pilasi? \u00d5pi LMS-i kasutama Enne LMS-i kasutuselev\u00f5ttu v\u00f5ta aega, et \u00f5ppida, kuidas seda kasutada. Enamikul LMS-idel [&hellip;]<\/p>\n","protected":false},"author":1,"featured_media":0,"parent":461,"menu_order":0,"comment_status":"open","ping_status":"closed","template":"","meta":{"footnotes":""},"categories":[],"tags":[76,90,9,18,64],"class_list":["post-835","page","type-page","status-publish","hentry","tag-juhendid","tag-lms","tag-naited","tag-opihaldussusteemid","tag-soovitused"],"_links":{"self":[{"href":"https:\/\/digioppevara.edu.ee\/kvaliteet\/wp-json\/wp\/v2\/pages\/835","targetHints":{"allow":["GET"]}}],"collection":[{"href":"https:\/\/digioppevara.edu.ee\/kvaliteet\/wp-json\/wp\/v2\/pages"}],"about":[{"href":"https:\/\/digioppevara.edu.ee\/kvaliteet\/wp-json\/wp\/v2\/types\/page"}],"author":[{"embeddable":true,"href":"https:\/\/digioppevara.edu.ee\/kvaliteet\/wp-json\/wp\/v2\/users\/1"}],"replies":[{"embeddable":true,"href":"https:\/\/digioppevara.edu.ee\/kvaliteet\/wp-json\/wp\/v2\/comments?post=835"}],"version-history":[{"count":25,"href":"https:\/\/digioppevara.edu.ee\/kvaliteet\/wp-json\/wp\/v2\/pages\/835\/revisions"}],"predecessor-version":[{"id":1324,"href":"https:\/\/digioppevara.edu.ee\/kvaliteet\/wp-json\/wp\/v2\/pages\/835\/revisions\/1324"}],"up":[{"embeddable":true,"href":"https:\/\/digioppevara.edu.ee\/kvaliteet\/wp-json\/wp\/v2\/pages\/461"}],"wp:attachment":[{"href":"https:\/\/digioppevara.edu.ee\/kvaliteet\/wp-json\/wp\/v2\/media?parent=835"}],"wp:term":[{"taxonomy":"category","embeddable":true,"href":"https:\/\/digioppevara.edu.ee\/kvaliteet\/wp-json\/wp\/v2\/categories?post=835"},{"taxonomy":"post_tag","embeddable":true,"href":"https:\/\/digioppevara.edu.ee\/kvaliteet\/wp-json\/wp\/v2\/tags?post=835"}],"curies":[{"name":"wp","href":"https:\/\/api.w.org\/{rel}","templated":true}]}}