{"id":828,"date":"2023-12-14T14:14:04","date_gmt":"2023-12-14T12:14:04","guid":{"rendered":"https:\/\/digimaterjalid.cs.ut.ee\/?page_id=828"},"modified":"2026-03-03T20:04:39","modified_gmt":"2026-03-03T18:04:39","slug":"soovitusi-adaptiivsete-oppesusteemide-kasutamiseks","status":"publish","type":"page","link":"https:\/\/digioppevara.edu.ee\/kvaliteet\/soovitused-valik\/soovitusi-adaptiivsete-oppesusteemide-kasutamiseks\/","title":{"rendered":"Soovitusi adaptiivsete \u00f5ppes\u00fcsteemide kasutamiseks"},"content":{"rendered":"\n<blockquote class=\"wp-block-quote is-layout-flow wp-container-core-quote-is-layout-e2c6bd79 wp-block-quote-is-layout-flow\" style=\"padding-bottom:var(--wp--preset--spacing--10)\">\n<p style=\"margin-top:0;font-size:clamp(0.875rem, 0.875rem + ((1vw - 0.2rem) * 0.625), 1.25rem);\">Adaptiivsed \u00f5ppes\u00fcsteemid (A\u00d5S-id) on digitaalsed platvormid, mis kohandavad \u00f5ppematerjali ja -tegevust \u00f5pilase individuaalsetele vajadustele ja v\u00f5imetele ning pakuvad \u00f5ppijale personaalset \u00f5ppekogemust.<\/p>\n\n\n\n<details class=\"wp-block-details is-style-arrow-icon-details has-base-2-background-color has-background is-layout-flow wp-container-core-details-is-layout-8a368f38 wp-block-details-is-layout-flow\" style=\"font-size:clamp(0.875rem, 0.875rem + ((1vw - 0.2rem) * 0.625), 1.25rem);\"><summary>Mille jaoks saab A\u00d5S-e kasutada?<\/summary>\n<ul style=\"border-top-left-radius:0px;border-top-right-radius:0px;border-bottom-left-radius:0px;border-bottom-right-radius:0px;margin-top:var(--wp--preset--spacing--10);margin-bottom:var(--wp--preset--spacing--10)\" class=\"wp-block-list is-style-checkmark-list\">\n<li style=\"margin-top:var(--wp--preset--spacing--20);margin-right:var(--wp--preset--spacing--30);margin-bottom:var(--wp--preset--spacing--20);margin-left:var(--wp--preset--spacing--30);font-size:rem\">\u00d5ppematerjalide kohandamiseks. N\u00e4iteks v\u00f5ib A\u00d5S pakkuda \u00f5pilasele erinevaid \u00f5ppematerjale, s\u00f5ltuvalt tema edusammudest v\u00f5i v\u00f5imetest.<\/li>\n\n\n\n<li style=\"margin-top:var(--wp--preset--spacing--10);margin-right:var(--wp--preset--spacing--30);margin-bottom:var(--wp--preset--spacing--10);margin-left:var(--wp--preset--spacing--30)\">\u00d5ppetegevuste kohandamiseks. N\u00e4iteks v\u00f5ib A\u00d5S pakkuda \u00f5pilasele erinevaid \u00f5ppetegevusi, s\u00f5ltuvalt tema huvidest v\u00f5i v\u00f5imetest.<\/li>\n\n\n\n<li style=\"margin-top:var(--wp--preset--spacing--10);margin-right:var(--wp--preset--spacing--30);margin-bottom:var(--wp--preset--spacing--10);margin-left:var(--wp--preset--spacing--30)\">\u00d5ppijate hindamiseks. N\u00e4iteks v\u00f5ib A\u00d5S pakkuda \u00f5pilasele erinevaid \u00fclesandeid, s\u00f5ltuvalt tema edusammudest v\u00f5i v\u00f5imetest.<\/li>\n\n\n\n<li style=\"margin-top:var(--wp--preset--spacing--10);margin-right:var(--wp--preset--spacing--30);margin-bottom:var(--wp--preset--spacing--10);margin-left:var(--wp--preset--spacing--30)\">Erinevate \u00f5ppijate vajaduste toetamiseks. N\u00e4iteks v\u00f5ivad A\u00d5S-id pakkuda \u00f5ppijatele erinevaid \u00f5ppematerjale, \u00f5ppetegevusi ja hindamis\u00fclesandeid.<\/li>\n\n\n\n<li style=\"margin-top:var(--wp--preset--spacing--10);margin-right:var(--wp--preset--spacing--30);margin-bottom:var(--wp--preset--spacing--10);margin-left:var(--wp--preset--spacing--30)\">\u00d5ppijate edusammude j\u00e4lgimiseks. Teavet saab kasutada \u00f5ppijate \u00f5ppimise toetamiseks ja nende vajaduste kindlaks m\u00e4\u00e4ramiseks.<\/li>\n\n\n\n<li style=\"margin-top:var(--wp--preset--spacing--10);margin-right:var(--wp--preset--spacing--30);margin-bottom:var(--wp--preset--spacing--10);margin-left:var(--wp--preset--spacing--30)\">\u00d5ppijatele tagasiside pakkumiseks. Tagasisidet saab kasutada \u00f5ppijate \u00f5pimotivatsiooni suurendamiseks ja nende \u00f5ppeprotsessi t\u00e4iustamiseks.<\/li>\n<\/ul>\n<\/details>\n<\/blockquote>\n\n\n\n<div class=\"wp-block-columns alignwide is-layout-flex wp-container-core-columns-is-layout-666ca843 wp-block-columns-is-layout-flex\" style=\"padding-top:var(--wp--preset--spacing--30)\">\n<div class=\"wp-block-column is-layout-flow wp-container-core-column-is-layout-e3d1c41b wp-block-column-is-layout-flow\">\n<h4 class=\"wp-block-heading has-contrast-2-color has-text-color has-link-color wp-elements-70069bd8b6e7196f42e2267917f0d7d6\">M\u00f5tle l\u00e4bi oma vajadused<\/h4>\n\n\n\n<p class=\"has-text-align-left\">Milliseid funktsioone sa vajad? Kas soovid A\u00d5S-i, mis v\u00f5imaldab sul hallata \u00f5ppematerjale, korraldada \u00f5ppetegevusi v\u00f5i hinnata \u00f5pilasi?<\/p>\n<\/div>\n\n\n\n<div class=\"wp-block-column is-layout-flow wp-container-core-column-is-layout-e3d1c41b wp-block-column-is-layout-flow\">\n<h4 class=\"wp-block-heading has-contrast-2-color has-text-color has-link-color wp-elements-dac0705aed85b25bcb0e57252eae09b4\">\u00d5pi A\u00d5S-i kasutama<\/h4>\n\n\n\n<p>Enne A\u00d5S-i kasutuselev\u00f5ttu v\u00f5ta aega, et \u00f5ppida, kuidas seda kasutada. Enamikul A\u00d5S-idel on olemas juhendmaterjalid ja koolitused, mis aitavad sul s\u00fcsteemiga tutvuda.<\/p>\n<\/div>\n<\/div>\n\n\n\n<div class=\"wp-block-columns alignwide is-layout-flex wp-container-core-columns-is-layout-fc0f907f wp-block-columns-is-layout-flex\" style=\"margin-top:var(--wp--preset--spacing--30);margin-bottom:var(--wp--preset--spacing--30);padding-top:0\">\n<div class=\"wp-block-column is-layout-flow wp-container-core-column-is-layout-e3d1c41b wp-block-column-is-layout-flow\">\n<h4 class=\"wp-block-heading has-contrast-2-color has-text-color has-link-color wp-elements-9bc7ac50c8605c3b799e4f71b0ca6760\">Kohanda A\u00d5S-i oma vajadustele<\/h4>\n\n\n\n<p class=\"has-text-align-left\">Enamik A\u00d5S-e v\u00f5imaldab sul s\u00fcsteemi kohandada oma vajadustele. N\u00e4iteks saad lisada oma \u00f5ppematerjale, luua \u00f5ppetegevusi ja m\u00e4\u00e4rata \u00fclesandeid.<\/p>\n<\/div>\n\n\n\n<div class=\"wp-block-column is-layout-flow wp-container-core-column-is-layout-e3d1c41b wp-block-column-is-layout-flow\">\n<h4 class=\"wp-block-heading has-contrast-2-color has-text-color has-link-color wp-elements-a880cc01a25e00bfb0ae20093bc34b52\">Kasuta A\u00d5S-i regulaarselt<\/h4>\n\n\n\n<p>Mida rohkem sa A\u00d5S-i kasutad, seda enam on sellest kasu. Proovi kasutada A\u00d5S-i erinevatel eesm\u00e4rkidel, et n\u00e4ha, kuidas see sinu \u00f5ppeprotsessi t\u00e4iustab.<\/p>\n<\/div>\n<\/div>\n\n\n\n<div class=\"wp-block-group alignfull has-base-2-background-color has-background has-global-padding is-layout-constrained wp-container-core-group-is-layout-f4b31284 wp-block-group-is-layout-constrained\" style=\"margin-top:var(--wp--preset--spacing--40);margin-bottom:var(--wp--preset--spacing--40);padding-top:var(--wp--preset--spacing--40);padding-right:var(--wp--preset--spacing--60);padding-bottom:var(--wp--preset--spacing--40);padding-left:var(--wp--preset--spacing--60)\">\n<p class=\"has-medium-font-size\" style=\"margin-top:0\">Kasulikud A\u00d5S-i vahendid, mis kohandavad \u00f5ppesisu, aitavad \u00f5ppijatel \u00f5ppida oma tempot ja vajadusi j\u00e4rgides:<\/p>\n\n\n\n<ul class=\"wp-block-list is-style-checkmark-list\">\n<li class=\"has-medium-font-size\" style=\"margin-top:0;margin-right:0;margin-bottom:var(--wp--preset--spacing--10)\"><a href=\"https:\/\/classroom.google.com\/\" target=\"_blank\" rel=\"noreferrer noopener\">Google Classroom<\/a><\/li>\n\n\n\n<li style=\"margin-right:0;margin-bottom:var(--wp--preset--spacing--10)\"><a href=\"https:\/\/moodle.edu.ee\/\" target=\"_blank\" rel=\"noreferrer noopener\">Moodle<\/a><\/li>\n\n\n\n<li style=\"margin-bottom:var(--wp--preset--spacing--10)\"><a href=\"https:\/\/www.khanacademy.org\/\" target=\"_blank\" rel=\"noreferrer noopener\">Khan Academy<\/a><\/li>\n\n\n\n<li style=\"margin-bottom:var(--wp--preset--spacing--10)\"><a href=\"https:\/\/www.quizalize.com\/\" target=\"_blank\" rel=\"noreferrer noopener\">Quizalize<\/a><\/li>\n\n\n\n<li style=\"margin-bottom:var(--wp--preset--spacing--10)\"><a href=\"https:\/\/www.memrise.com\/\" target=\"_blank\" rel=\"noreferrer noopener\">Memrise<\/a><\/li>\n\n\n\n<li style=\"margin-bottom:var(--wp--preset--spacing--10)\"><a href=\"https:\/\/nutisport.eu\/\" target=\"_blank\" rel=\"noreferrer noopener\">Nutisport<\/a><\/li>\n\n\n\n<li><a href=\"https:\/\/www.smartsparrow.com\/\" target=\"_blank\" rel=\"noreferrer noopener\">Smart Sparrow<\/a><\/li>\n<\/ul>\n<\/div>\n\n\n<div style=\"padding-top:0;margin-top:var(--wp--preset--spacing--40);margin-bottom:var(--wp--preset--spacing--40)\" class=\"taxonomy-post_tag is-style-pill wp-block-post-terms\"><a href=\"https:\/\/digioppevara.edu.ee\/kvaliteet\/tag\/adaptiivsed-oppesusteemid\/\" rel=\"tag\">adaptiivsed \u00f5ppes\u00fcsteemid<\/a><span class=\"wp-block-post-terms__separator\"> <\/span><a href=\"https:\/\/digioppevara.edu.ee\/kvaliteet\/tag\/juhendid\/\" rel=\"tag\">juhendid<\/a><span class=\"wp-block-post-terms__separator\"> <\/span><a href=\"https:\/\/digioppevara.edu.ee\/kvaliteet\/tag\/naited\/\" rel=\"tag\">n\u00e4ited<\/a><span class=\"wp-block-post-terms__separator\"> <\/span><a href=\"https:\/\/digioppevara.edu.ee\/kvaliteet\/tag\/soovitused\/\" rel=\"tag\">soovitused<\/a><\/div>\n\n\n<p><\/p>\n","protected":false},"excerpt":{"rendered":"<p>M\u00f5tle l\u00e4bi oma vajadused Milliseid funktsioone sa vajad? Kas soovid A\u00d5S-i, mis v\u00f5imaldab sul hallata \u00f5ppematerjale, korraldada \u00f5ppetegevusi v\u00f5i hinnata \u00f5pilasi? \u00d5pi A\u00d5S-i kasutama Enne A\u00d5S-i kasutuselev\u00f5ttu v\u00f5ta aega, et \u00f5ppida, kuidas seda kasutada. Enamikul A\u00d5S-idel on olemas juhendmaterjalid ja koolitused, mis aitavad sul s\u00fcsteemiga tutvuda. Kohanda A\u00d5S-i oma vajadustele Enamik A\u00d5S-e v\u00f5imaldab sul s\u00fcsteemi [&hellip;]<\/p>\n","protected":false},"author":1,"featured_media":0,"parent":461,"menu_order":0,"comment_status":"open","ping_status":"closed","template":"","meta":{"footnotes":""},"categories":[],"tags":[27,76,9,64],"class_list":["post-828","page","type-page","status-publish","hentry","tag-adaptiivsed-oppesusteemid","tag-juhendid","tag-naited","tag-soovitused"],"_links":{"self":[{"href":"https:\/\/digioppevara.edu.ee\/kvaliteet\/wp-json\/wp\/v2\/pages\/828","targetHints":{"allow":["GET"]}}],"collection":[{"href":"https:\/\/digioppevara.edu.ee\/kvaliteet\/wp-json\/wp\/v2\/pages"}],"about":[{"href":"https:\/\/digioppevara.edu.ee\/kvaliteet\/wp-json\/wp\/v2\/types\/page"}],"author":[{"embeddable":true,"href":"https:\/\/digioppevara.edu.ee\/kvaliteet\/wp-json\/wp\/v2\/users\/1"}],"replies":[{"embeddable":true,"href":"https:\/\/digioppevara.edu.ee\/kvaliteet\/wp-json\/wp\/v2\/comments?post=828"}],"version-history":[{"count":34,"href":"https:\/\/digioppevara.edu.ee\/kvaliteet\/wp-json\/wp\/v2\/pages\/828\/revisions"}],"predecessor-version":[{"id":1342,"href":"https:\/\/digioppevara.edu.ee\/kvaliteet\/wp-json\/wp\/v2\/pages\/828\/revisions\/1342"}],"up":[{"embeddable":true,"href":"https:\/\/digioppevara.edu.ee\/kvaliteet\/wp-json\/wp\/v2\/pages\/461"}],"wp:attachment":[{"href":"https:\/\/digioppevara.edu.ee\/kvaliteet\/wp-json\/wp\/v2\/media?parent=828"}],"wp:term":[{"taxonomy":"category","embeddable":true,"href":"https:\/\/digioppevara.edu.ee\/kvaliteet\/wp-json\/wp\/v2\/categories?post=828"},{"taxonomy":"post_tag","embeddable":true,"href":"https:\/\/digioppevara.edu.ee\/kvaliteet\/wp-json\/wp\/v2\/tags?post=828"}],"curies":[{"name":"wp","href":"https:\/\/api.w.org\/{rel}","templated":true}]}}