{"id":814,"date":"2023-12-14T13:54:59","date_gmt":"2023-12-14T11:54:59","guid":{"rendered":"https:\/\/digimaterjalid.cs.ut.ee\/?page_id=814"},"modified":"2026-03-04T12:11:35","modified_gmt":"2026-03-04T10:11:35","slug":"soovitusi-virtuaalse-ja-liitreaalsuse-kasutamiseks","status":"publish","type":"page","link":"https:\/\/digioppevara.edu.ee\/kvaliteet\/soovitused-valik\/soovitusi-virtuaalse-ja-liitreaalsuse-kasutamiseks\/","title":{"rendered":"Soovitusi virtuaalse ja liitreaalsuse kasutamiseks"},"content":{"rendered":"\n<blockquote class=\"wp-block-quote is-layout-flow wp-block-quote-is-layout-flow\">\n<p style=\"font-size:clamp(0.875rem, 0.875rem + ((1vw - 0.2rem) * 0.625), 1.25rem);\">Virtuaalse ja liitreaalsuse rakendused (VR\/AR) loovad aktiivse \u00f5pikeskkonna, kus \u00f5ppijad saavad paremini m\u00f5ista keerulisi ideid, omandada praktilisi oskusi, arendada loovat m\u00f5tlemist ja probleemide lahendamist.<\/p>\n<\/blockquote>\n\n\n\n<div style=\"height:50px\" aria-hidden=\"true\" class=\"wp-block-spacer\"><\/div>\n\n\n\n<div class=\"wp-block-columns alignwide is-layout-flex wp-container-core-columns-is-layout-d0bbbce0 wp-block-columns-is-layout-flex\">\n<div class=\"wp-block-column is-layout-flow wp-container-core-column-is-layout-e3d1c41b wp-block-column-is-layout-flow\">\n<h4 class=\"wp-block-heading has-contrast-2-color has-text-color has-link-color wp-elements-e7e3c934d88c0c0e162b23a47669ac88\">Alusta lihtsamatest projektidest<\/h4>\n\n\n\n<p class=\"has-text-align-left\">Kui oled algaja VR\/AR-i kasutamisel, alusta lihtsatest tegevustest. See aitab Sul protsessiga tuttavaks saada ja motiveerib j\u00e4tkama.<\/p>\n\n\n\n<div style=\"height:15px\" aria-hidden=\"true\" class=\"wp-block-spacer\"><\/div>\n<\/div>\n\n\n\n<div class=\"wp-block-column is-layout-flow wp-container-core-column-is-layout-e3d1c41b wp-block-column-is-layout-flow\">\n<h4 class=\"wp-block-heading has-contrast-2-color has-text-color has-link-color wp-elements-fd533b4fecd74de58a09c8fc3951d3f7\">M\u00f5tle l\u00e4bi oma \u00f5pieesm\u00e4rgid<\/h4>\n\n\n\n<p>Enne VR\/AR-i kasutamist m\u00f5tleelge l\u00e4bi, mida soovid saavutada. See aitab valida \u00f5ige VR\/AR-i kogemuse ja kasutada seda t\u00f5husalt.<\/p>\n\n\n\n<div style=\"height:20px\" aria-hidden=\"true\" class=\"wp-block-spacer\"><\/div>\n<\/div>\n\n\n\n<div class=\"wp-block-column is-layout-flow wp-container-core-column-is-layout-e3d1c41b wp-block-column-is-layout-flow\">\n<h4 class=\"wp-block-heading has-contrast-2-color has-text-color has-link-color wp-elements-d4ac70a743b52636923ac5944a037cb3\">Kasuta kvaliteetseid ressursse<\/h4>\n\n\n\n<p class=\"has-text-align-left\">Kui otsid VR\/AR-i kogemusi, veendu, et need on kvaliteetsed ja vastavad Su vajadustele.<\/p>\n\n\n\n<div style=\"height:15px\" aria-hidden=\"true\" class=\"wp-block-spacer\"><\/div>\n<\/div>\n<\/div>\n\n\n\n<div class=\"wp-block-columns alignwide is-layout-flex wp-container-core-columns-is-layout-d0bbbce0 wp-block-columns-is-layout-flex\">\n<div class=\"wp-block-column is-layout-flow wp-container-core-column-is-layout-e3d1c41b wp-block-column-is-layout-flow\">\n<h4 class=\"wp-block-heading has-contrast-2-color has-text-color has-link-color wp-elements-436a7487b3d4ba1b810a91eae7af65cc\">Kasuta visuaalselt atraktiivseid ressursse<\/h4>\n\n\n\n<p class=\"has-text-align-left\">\u00d5ppijad on t\u00f5en\u00e4oliselt rohkem kaasatud ja motiveeritud, kui kogemused on visuaalselt atraktiivsed.<\/p>\n\n\n\n<div style=\"height:15px\" aria-hidden=\"true\" class=\"wp-block-spacer\"><\/div>\n<\/div>\n\n\n\n<div class=\"wp-block-column is-layout-flow wp-container-core-column-is-layout-e3d1c41b wp-block-column-is-layout-flow\">\n<h4 class=\"wp-block-heading has-contrast-2-color has-text-color has-link-color wp-elements-9f6ccb2e7cbca4feda6421aa284a7451\">V\u00f5imalda interaktiivsust<\/h4>\n\n\n\n<p>Loo kogemusi, mis on interaktiivsed, mis aitavad \u00f5ppijatel \u00f5ppeprotsessis aktiivsemalt osaleda.<\/p>\n\n\n\n<div style=\"height:20px\" aria-hidden=\"true\" class=\"wp-block-spacer\"><\/div>\n<\/div>\n\n\n\n<div class=\"wp-block-column is-layout-flow wp-container-core-column-is-layout-e3d1c41b wp-block-column-is-layout-flow\">\n<h4 class=\"wp-block-heading has-contrast-2-color has-text-color has-link-color wp-elements-ddafa373a657140ed3b83e9aa09c6177\">Seo \u00f5ppijate huvidega<\/h4>\n\n\n\n<p class=\"has-text-align-left\">Loo kogemusi, mis on seotud \u00f5ppijate huvidega, et \u00f5ppijad oleks rohkem kaasatud ja motiveeritud.<\/p>\n\n\n\n<div style=\"height:15px\" aria-hidden=\"true\" class=\"wp-block-spacer\"><\/div>\n<\/div>\n<\/div>\n\n\n\n<div style=\"height:15px\" aria-hidden=\"true\" class=\"wp-block-spacer\"><\/div>\n\n\n\n<div class=\"wp-block-group alignfull has-base-2-background-color has-background has-global-padding is-layout-constrained wp-container-core-group-is-layout-669513ed wp-block-group-is-layout-constrained\" style=\"margin-top:0;margin-bottom:0;padding-top:var(--wp--preset--spacing--50);padding-right:var(--wp--preset--spacing--50);padding-bottom:var(--wp--preset--spacing--50);padding-left:var(--wp--preset--spacing--50)\">\n<h3 class=\"wp-block-heading has-text-align-center has-large-font-size\" style=\"font-style:normal;font-weight:400\">Kasulikke vahendeid VR\/AR-i kasutamiseks ja loomiseks<\/h3>\n\n\n\n<div style=\"height:15px\" aria-hidden=\"true\" class=\"wp-block-spacer\"><\/div>\n\n\n\n<ul class=\"wp-block-list is-style-checkmark-list\">\n<li><a href=\"https:\/\/artsandculture.google.com\/project\/expeditions\" target=\"_blank\" rel=\"noreferrer noopener\">Arts &amp; Culture Expeditions<\/a>&nbsp; on tasuta platvorm, mis v\u00f5imaldab \u00f5petajatel luua ja jagada VR-\u00f5pireise.<\/li>\n\n\n\n<li><a href=\"https:\/\/quivervision.com\/\" target=\"_blank\" rel=\"noreferrer noopener\">Quiver<\/a> ja <a href=\"https:\/\/sketchfab.com\/\" target=\"_blank\" rel=\"noreferrer noopener\">Sketchfab<\/a> on AR-rakendused, mis v\u00f5imaldavad kasutajatel luua ja vaadata 3D-animatsioone.<\/li>\n\n\n\n<li><a href=\"https:\/\/futuclass.com\/et-ee\/apps\/\" target=\"_blank\" rel=\"noreferrer noopener\">Futuclass<\/a> on loonud eestikeelseid VR-tunde ja -rakendusi, mh keemia ja f\u00fc\u00fcsika \u00f5ppimiseks.<\/li>\n<\/ul>\n<\/div>\n\n\n\n<div class=\"wp-block-group alignfull has-global-padding is-layout-constrained wp-container-core-group-is-layout-8df4387f wp-block-group-is-layout-constrained\" style=\"margin-top:0;margin-bottom:0;padding-top:var(--wp--preset--spacing--50);padding-right:var(--wp--preset--spacing--50);padding-bottom:var(--wp--preset--spacing--50);padding-left:var(--wp--preset--spacing--50)\">\n<h3 class=\"wp-block-heading has-text-align-center has-contrast-color has-text-color has-link-color has-large-font-size wp-elements-e0b4c3aa11e106234551eff295618530\" style=\"border-style:none;border-width:0px;font-style:normal;font-weight:400\">N\u00e4iteid VR\/AR-ist \u00f5ppet\u00f6\u00f6s<\/h3>\n\n\n\n<div style=\"height:15px\" aria-hidden=\"true\" class=\"wp-block-spacer\"><\/div>\n\n\n\n<div class=\"wp-block-columns alignwide is-layout-flex wp-container-core-columns-is-layout-ff4b9c61 wp-block-columns-is-layout-flex\" style=\"margin-top:0;margin-bottom:0\">\n<div class=\"wp-block-column is-layout-flow wp-container-core-column-is-layout-8a368f38 wp-block-column-is-layout-flow\">\n<blockquote class=\"wp-block-quote is-style-default has-contrast-color has-custom-oran-background-color has-text-color has-background has-link-color wp-elements-f02dac7756ebd7b981a69a19e02e8486 is-layout-flow wp-block-quote-is-layout-flow\" style=\"margin-top:var(--wp--preset--spacing--10);margin-right:var(--wp--preset--spacing--60);margin-bottom:var(--wp--preset--spacing--10);margin-left:var(--wp--preset--spacing--60);padding-top:var(--wp--preset--spacing--30);padding-bottom:var(--wp--preset--spacing--30)\">\n<p style=\"font-size:clamp(0.875rem, 0.875rem + ((1vw - 0.2rem) * 0.625), 1.25rem);\">Bioloogia VR-tunnis \u00f5pib \u00f5ppija tuvastama luid, lihaseid, elundeid ja lihaseid. M\u00f5istab inimkeha struktuure ja nende seoseid.<\/p>\n<\/blockquote>\n<\/div>\n<\/div>\n\n\n\n<div class=\"wp-block-columns alignwide is-layout-flex wp-container-core-columns-is-layout-ff4b9c61 wp-block-columns-is-layout-flex\" style=\"margin-top:0;margin-bottom:0\">\n<div class=\"wp-block-column is-layout-flow wp-container-core-column-is-layout-8a368f38 wp-block-column-is-layout-flow\">\n<blockquote class=\"wp-block-quote is-style-default has-contrast-color has-custom-oran-background-color has-text-color has-background has-link-color wp-elements-08a81d9d7c9d9db3afc2ace050d27d0f is-layout-flow wp-block-quote-is-layout-flow\" style=\"margin-top:var(--wp--preset--spacing--10);margin-right:var(--wp--preset--spacing--60);margin-bottom:var(--wp--preset--spacing--10);margin-left:var(--wp--preset--spacing--60);padding-top:var(--wp--preset--spacing--30);padding-bottom:var(--wp--preset--spacing--30)\">\n<p style=\"font-size:clamp(0.875rem, 0.875rem + ((1vw - 0.2rem) * 0.625), 1.25rem);\">F\u00fc\u00fcsika VR-tunnis \u00f5pib \u00f5ppija tundma p\u00f5hilisi elektroonika komponente, kokku panema lihtsamaid vooluahelaid ja arvutama vooluahelas leiduvat pinget, voolutugevust ja takistust.<\/p>\n<\/blockquote>\n<\/div>\n<\/div>\n\n\n\n<div class=\"wp-block-columns alignwide is-layout-flex wp-container-core-columns-is-layout-ff4b9c61 wp-block-columns-is-layout-flex\" style=\"margin-top:0;margin-bottom:0\">\n<div class=\"wp-block-column is-layout-flow wp-container-core-column-is-layout-8a368f38 wp-block-column-is-layout-flow\">\n<blockquote class=\"wp-block-quote is-style-default has-contrast-color has-custom-oran-background-color has-text-color has-background has-link-color wp-elements-27afbf6c076dbaeb823cbdd56cabce53 is-layout-flow wp-block-quote-is-layout-flow\" style=\"margin-top:var(--wp--preset--spacing--10);margin-right:var(--wp--preset--spacing--60);margin-bottom:var(--wp--preset--spacing--10);margin-left:var(--wp--preset--spacing--60);padding-top:var(--wp--preset--spacing--30);padding-bottom:var(--wp--preset--spacing--30)\">\n<p style=\"font-size:clamp(0.875rem, 0.875rem + ((1vw - 0.2rem) * 0.625), 1.25rem);\">Keemia VR-tunnis \u00f5pib ja harjutab \u00f5ppija valemite p\u00f5hjal ainete aineklassidesse jaotamist.<\/p>\n<\/blockquote>\n<\/div>\n<\/div>\n<\/div>\n\n\n<div class=\"taxonomy-post_tag is-style-pill wp-block-post-terms\"><a href=\"https:\/\/digioppevara.edu.ee\/kvaliteet\/tag\/ar\/\" rel=\"tag\">AR<\/a><span class=\"wp-block-post-terms__separator\"> <\/span><a href=\"https:\/\/digioppevara.edu.ee\/kvaliteet\/tag\/juhendid\/\" rel=\"tag\">juhendid<\/a><span class=\"wp-block-post-terms__separator\"> <\/span><a href=\"https:\/\/digioppevara.edu.ee\/kvaliteet\/tag\/liitreaalsus\/\" rel=\"tag\">liitreaalsus<\/a><span class=\"wp-block-post-terms__separator\"> <\/span><a href=\"https:\/\/digioppevara.edu.ee\/kvaliteet\/tag\/naited\/\" rel=\"tag\">n\u00e4ited<\/a><span class=\"wp-block-post-terms__separator\"> <\/span><a href=\"https:\/\/digioppevara.edu.ee\/kvaliteet\/tag\/soovitused\/\" rel=\"tag\">soovitused<\/a><span class=\"wp-block-post-terms__separator\"> <\/span><a href=\"https:\/\/digioppevara.edu.ee\/kvaliteet\/tag\/virtuaalreaalsus\/\" rel=\"tag\">virtuaalreaalsus<\/a><span class=\"wp-block-post-terms__separator\"> <\/span><a href=\"https:\/\/digioppevara.edu.ee\/kvaliteet\/tag\/vr\/\" rel=\"tag\">VR<\/a><\/div>\n\n\n<div style=\"height:24px\" aria-hidden=\"true\" class=\"wp-block-spacer\"><\/div>\n\n\n\n<p><\/p>\n","protected":false},"excerpt":{"rendered":"<p>Virtuaalse ja liitreaalsuse rakendused (VR\/AR) loovad aktiivse \u00f5pikeskkonna, kus \u00f5ppijad saavad paremini m\u00f5ista keerulisi ideid, omandada praktilisi oskusi, arendada loovat m\u00f5tlemist ja probleemide lahendamist. Alusta lihtsamatest projektidest Kui oled algaja VR\/AR-i kasutamisel, alusta lihtsatest tegevustest. See aitab Sul protsessiga tuttavaks saada ja motiveerib j\u00e4tkama. M\u00f5tle l\u00e4bi oma \u00f5pieesm\u00e4rgid Enne VR\/AR-i kasutamist m\u00f5tleelge l\u00e4bi, mida soovid [&hellip;]<\/p>\n","protected":false},"author":1,"featured_media":0,"parent":461,"menu_order":0,"comment_status":"open","ping_status":"closed","template":"","meta":{"footnotes":""},"categories":[],"tags":[89,76,42,9,64,41,88],"class_list":["post-814","page","type-page","status-publish","hentry","tag-ar","tag-juhendid","tag-liitreaalsus","tag-naited","tag-soovitused","tag-virtuaalreaalsus","tag-vr"],"_links":{"self":[{"href":"https:\/\/digioppevara.edu.ee\/kvaliteet\/wp-json\/wp\/v2\/pages\/814","targetHints":{"allow":["GET"]}}],"collection":[{"href":"https:\/\/digioppevara.edu.ee\/kvaliteet\/wp-json\/wp\/v2\/pages"}],"about":[{"href":"https:\/\/digioppevara.edu.ee\/kvaliteet\/wp-json\/wp\/v2\/types\/page"}],"author":[{"embeddable":true,"href":"https:\/\/digioppevara.edu.ee\/kvaliteet\/wp-json\/wp\/v2\/users\/1"}],"replies":[{"embeddable":true,"href":"https:\/\/digioppevara.edu.ee\/kvaliteet\/wp-json\/wp\/v2\/comments?post=814"}],"version-history":[{"count":33,"href":"https:\/\/digioppevara.edu.ee\/kvaliteet\/wp-json\/wp\/v2\/pages\/814\/revisions"}],"predecessor-version":[{"id":1434,"href":"https:\/\/digioppevara.edu.ee\/kvaliteet\/wp-json\/wp\/v2\/pages\/814\/revisions\/1434"}],"up":[{"embeddable":true,"href":"https:\/\/digioppevara.edu.ee\/kvaliteet\/wp-json\/wp\/v2\/pages\/461"}],"wp:attachment":[{"href":"https:\/\/digioppevara.edu.ee\/kvaliteet\/wp-json\/wp\/v2\/media?parent=814"}],"wp:term":[{"taxonomy":"category","embeddable":true,"href":"https:\/\/digioppevara.edu.ee\/kvaliteet\/wp-json\/wp\/v2\/categories?post=814"},{"taxonomy":"post_tag","embeddable":true,"href":"https:\/\/digioppevara.edu.ee\/kvaliteet\/wp-json\/wp\/v2\/tags?post=814"}],"curies":[{"name":"wp","href":"https:\/\/api.w.org\/{rel}","templated":true}]}}