{"id":791,"date":"2023-12-14T13:33:12","date_gmt":"2023-12-14T11:33:12","guid":{"rendered":"https:\/\/digimaterjalid.cs.ut.ee\/?page_id=791"},"modified":"2026-03-03T20:44:30","modified_gmt":"2026-03-03T18:44:30","slug":"soovitusi-kusimustike-testide-toolehtede-loomiseks-ja-kasutamiseks","status":"publish","type":"page","link":"https:\/\/digioppevara.edu.ee\/kvaliteet\/soovitused-valik\/soovitusi-kusimustike-testide-toolehtede-loomiseks-ja-kasutamiseks\/","title":{"rendered":"Soovitusi k\u00fcsimustike, testide, t\u00f6\u00f6lehtede loomiseks ja kasutamiseks"},"content":{"rendered":"\n<blockquote class=\"wp-block-quote is-layout-flow wp-container-core-quote-is-layout-8a368f38 wp-block-quote-is-layout-flow\">\n<p class=\"has-medium-font-size\">K\u00fcsimustikud, testid ja t\u00f6\u00f6lehed sobivad \u00f5ppijate teadmiste ja m\u00f5istmise hindamiseks, nende \u00f5ppeprotsessi j\u00e4lgimiseks ja tagasiside andmiseks.<\/p>\n\n\n\n<details class=\"wp-block-details is-style-arrow-icon-details is-layout-flow wp-container-core-details-is-layout-80470d57 wp-block-details-is-layout-flow\" style=\"margin-top:0;margin-bottom:0;font-size:clamp(0.875rem, 0.875rem + ((1vw - 0.2rem) * 0.625), 1.25rem);\"><summary>K\u00fcsimustikke&#8230;<\/summary>\n<p class=\"has-medium-font-size\">&#8230;saab kasutada \u00f5ppijate teadmiste hindamiseks konkreetse teema kohta. N\u00e4iteks v\u00f5ib \u00f5petaja luua k\u00fcsimustiku, et hinnata \u00f5ppijate teadmisi Ameerika \u00dchendriikide ajaloost.<\/p>\n<\/details>\n\n\n\n<details class=\"wp-block-details is-style-arrow-icon-details is-layout-flow wp-container-core-details-is-layout-e3d1c41b wp-block-details-is-layout-flow\" style=\"font-size:clamp(0.875rem, 0.875rem + ((1vw - 0.2rem) * 0.625), 1.25rem);\"><summary>Teste&#8230;<\/summary>\n<p class=\"has-medium-font-size\">&#8230;saab kasutada \u00f5ppijate teadmiste ja m\u00f5istmise hindamiseks laiema \u00f5ppekava ulatuses. N\u00e4iteks v\u00f5ib \u00f5petaja luua testi, et hinnata \u00f5ppijate teadmisi loodusteaduse p\u00f5him\u00f5tetest.<\/p>\n<\/details>\n\n\n\n<details class=\"wp-block-details is-style-arrow-icon-details is-layout-flow wp-container-core-details-is-layout-e3d1c41b wp-block-details-is-layout-flow\" style=\"font-size:clamp(0.875rem, 0.875rem + ((1vw - 0.2rem) * 0.625), 1.25rem);\"><summary>T\u00f6\u00f6lehti&#8230;<\/summary>\n<p class=\"has-medium-font-size\">&#8230;saab kasutada \u00f5ppijate teadmiste ja oskuste harjutamiseks. N\u00e4iteks v\u00f5ib \u00f5petaja luua t\u00f6\u00f6lehe selleks, et \u00f5ppijad saaks harjutada matemaatika\u00fclesannete lahendamist.<\/p>\n<\/details>\n<\/blockquote>\n\n\n\n<div class=\"wp-block-columns alignwide is-layout-flex wp-container-core-columns-is-layout-62bf5416 wp-block-columns-is-layout-flex\" style=\"padding-top:var(--wp--preset--spacing--40)\">\n<div class=\"wp-block-column is-layout-flow wp-container-core-column-is-layout-e3d1c41b wp-block-column-is-layout-flow\">\n<h4 class=\"wp-block-heading has-contrast-2-color has-text-color has-link-color wp-elements-fd533b4fecd74de58a09c8fc3951d3f7\">M\u00f5tle l\u00e4bi oma \u00f5pieesm\u00e4rgid<\/h4>\n\n\n\n<p class=\"has-text-align-left\">Kas soovid hinnata \u00f5ppijate teadmisi konkreetse teema kohta? Kas soovid j\u00e4lgida nende \u00f5ppeprotsessi? Kas soovid anda neile tagasisidet?<\/p>\n<\/div>\n\n\n\n<div class=\"wp-block-column is-layout-flow wp-container-core-column-is-layout-e3d1c41b wp-block-column-is-layout-flow\">\n<h4 class=\"wp-block-heading has-contrast-2-color has-text-color has-link-color wp-elements-65a3577a6aee54be46c98bdbc2d823e4\">Enne looma asumist m\u00f5tle l\u00e4bi<\/h4>\n\n\n\n<p>Enne k\u00fcsimustike, testide v\u00f5i t\u00f6\u00f6lehtede loomist m\u00f5tle l\u00e4bi, mida sa soovid, et \u00f5ppijad \u00f5piksid. Kas soovid, et nad \u00f5piksid uut teemat, harjuksid oskustega v\u00f5i rakendaksid oma teadmisi uutes olukordades?<\/p>\n<\/div>\n\n\n\n<div class=\"wp-block-column is-layout-flow wp-container-core-column-is-layout-e3d1c41b wp-block-column-is-layout-flow\">\n<h4 class=\"wp-block-heading has-contrast-2-color has-text-color has-link-color wp-elements-4153c8be40d0d9439f234a1f383f597d\">Paku mitmesuguseid valikuid<\/h4>\n\n\n\n<p class=\"has-text-align-left\">Kui pakud k\u00fcsimustele mitmesuguseid valikuid, annab see \u00f5ppijatele v\u00f5imaluse n\u00e4idata oma teadmisi erineval viisil.<\/p>\n<\/div>\n<\/div>\n\n\n\n<div class=\"wp-block-columns alignwide is-layout-flex wp-container-core-columns-is-layout-666ca843 wp-block-columns-is-layout-flex\" style=\"padding-top:var(--wp--preset--spacing--30)\">\n<div class=\"wp-block-column is-layout-flow wp-container-core-column-is-layout-e3d1c41b wp-block-column-is-layout-flow\">\n<h4 class=\"wp-block-heading has-contrast-2-color has-text-color has-link-color wp-elements-2537b42b430ad4fc86d152d34fc00272\">Kasuta selget ja arusaadavat keelt<\/h4>\n\n\n\n<p class=\"has-text-align-left\">K\u00fcsimused ja juhised peaksid olema selged ja arusaadavad k\u00f5igile \u00f5ppijatele.<\/p>\n<\/div>\n\n\n\n<div class=\"wp-block-column is-layout-flow wp-container-core-column-is-layout-e3d1c41b wp-block-column-is-layout-flow\">\n<h4 class=\"wp-block-heading has-contrast-2-color has-text-color has-link-color wp-elements-899602f4822cf476fb443dbc20e21c27\">Kasuta visuaalselt k\u00f6itvaid materjale<\/h4>\n\n\n\n<p><\/p>\n<\/div>\n\n\n\n<div class=\"wp-block-column is-layout-flow wp-container-core-column-is-layout-e3d1c41b wp-block-column-is-layout-flow\">\n<h4 class=\"wp-block-heading has-contrast-2-color has-text-color has-link-color wp-elements-ce3062b5266560b3b70f0f259283f240\">Loo \u00fclesandeid, mis on seotud \u00f5ppijate huvidega<\/h4>\n\n\n\n<p class=\"has-text-align-left\"><\/p>\n<\/div>\n<\/div>\n\n\n\n<div class=\"wp-block-columns alignwide is-layout-flex wp-container-core-columns-is-layout-d46cdb35 wp-block-columns-is-layout-flex\" style=\"padding-top:var(--wp--preset--spacing--30);padding-bottom:var(--wp--preset--spacing--50)\">\n<div class=\"wp-block-column is-layout-flow wp-container-core-column-is-layout-e3d1c41b wp-block-column-is-layout-flow\">\n<h4 class=\"wp-block-heading has-contrast-2-color has-text-color has-link-color wp-elements-4b2a7fac5f659c14d533d075c7586693\">Anna \u00f5ppijatele tagasisidet<\/h4>\n\n\n\n<p class=\"has-text-align-left\">K\u00fcsimused ja juhised peaksid olema selged ja arusaadavad k\u00f5igile \u00f5ppijatele.<\/p>\n<\/div>\n\n\n\n<div class=\"wp-block-column is-layout-flow wp-container-core-column-is-layout-e3d1c41b wp-block-column-is-layout-flow\">\n<h4 class=\"wp-block-heading has-contrast-2-color has-text-color has-link-color wp-elements-85be506a5c5471c95044b30963428e7d\">Varu piisavalt aega<\/h4>\n\n\n\n<p>K\u00fcsitluste, testide ja t\u00f6\u00f6lehtede loomine v\u00f5tab aega. Alusta varakult ja planeeri endale piisavalt aega, et hoolikalt l\u00e4bi m\u00f5elda ja \u00fcle vaadata.<\/p>\n<\/div>\n\n\n\n<div class=\"wp-block-column is-layout-flow wp-container-core-column-is-layout-e3d1c41b wp-block-column-is-layout-flow\">\n<h4 class=\"wp-block-heading has-contrast-2-color has-text-color has-link-color wp-elements-6114cc46c36257fa37ac103427290bda\">Vali formaat<\/h4>\n\n\n\n<p class=\"has-text-align-left\">Optimeeri t\u00f6\u00f6lehtede ja testide formaat (nt PDF versus veebirakendus), et tagada v\u00e4iksem andmemaht ja pikem ressursside eluiga.<\/p>\n<\/div>\n<\/div>\n\n\n\n<div class=\"wp-block-group alignfull has-base-2-background-color has-background has-global-padding is-layout-constrained wp-container-core-group-is-layout-669513ed wp-block-group-is-layout-constrained\" style=\"margin-top:0;margin-bottom:0;padding-top:var(--wp--preset--spacing--50);padding-right:var(--wp--preset--spacing--50);padding-bottom:var(--wp--preset--spacing--50);padding-left:var(--wp--preset--spacing--50)\">\n<h3 class=\"wp-block-heading has-text-align-center has-large-font-size\" style=\"margin-bottom:var(--wp--preset--spacing--30);font-style:normal;font-weight:400\">Kasulikke vahendeid k\u00fcsitluste, testide ja t\u00f6\u00f6lehtede loomiseks<\/h3>\n\n\n\n<ul class=\"wp-block-list is-style-checkmark-list\">\n<li style=\"margin-bottom:var(--wp--preset--spacing--10)\"><a href=\"https:\/\/workspace.google.com\/intl\/en_ie\/lp\/forms\/\" target=\"_blank\" rel=\"noreferrer noopener\">Google Forms<\/a>, <a href=\"https:\/\/support.microsoft.com\/et-ee\/topic\/vormi-koostamine-microsoft-formsi-abil-4ffb64cc-7d5d-402f-b82e-b1d49418fd9d\" target=\"_blank\" rel=\"noreferrer noopener\">Microsoft Forms<\/a> ja on <a href=\"https:\/\/www.formative.com\/\" target=\"_blank\" rel=\"noreferrer noopener\">Formative<\/a> t\u00f6\u00f6riistad, mis v\u00f5imaldavad luua k\u00fcsitlusi, teste ja t\u00f6\u00f6lehti.<\/li>\n\n\n\n<li style=\"margin-bottom:var(--wp--preset--spacing--10)\"><a href=\"https:\/\/quizizz.com\/\" target=\"_blank\" rel=\"noreferrer noopener\">Quizizz<\/a>, <a href=\"https:\/\/loquiz.com\/\" target=\"_blank\" rel=\"noreferrer noopener\">Loquiz<\/a>, <a href=\"https:\/\/quizlet.com\/\" target=\"_blank\" rel=\"noreferrer noopener\">Quizlet<\/a> on veebip\u00f5hised platvormid, mida saab kasutada interaktiivsete testide ja k\u00fcsitluste loomiseks.<\/li>\n\n\n\n<li><a href=\"https:\/\/www.liveworksheets.com\/\" target=\"_blank\" rel=\"noreferrer noopener\">LiveWorksheets<\/a> ja <a href=\"https:\/\/app.wizer.me\/\" target=\"_blank\" rel=\"noreferrer noopener\">Wizer<\/a> on veebip\u00f5hised platvormid, mida saab kasutada interaktiivsete t\u00f6\u00f6lehtede ja interaktiivsete testide loomiseks.<\/li>\n<\/ul>\n<\/div>\n\n\n<div style=\"margin-top:var(--wp--preset--spacing--50);margin-bottom:var(--wp--preset--spacing--50)\" class=\"taxonomy-post_tag is-style-pill wp-block-post-terms\"><a href=\"https:\/\/digioppevara.edu.ee\/kvaliteet\/tag\/juhendid\/\" rel=\"tag\">juhendid<\/a><span class=\"wp-block-post-terms__separator\"> <\/span><a href=\"https:\/\/digioppevara.edu.ee\/kvaliteet\/tag\/kusimustikud\/\" rel=\"tag\">k\u00fcsimustikud<\/a><span class=\"wp-block-post-terms__separator\"> <\/span><a href=\"https:\/\/digioppevara.edu.ee\/kvaliteet\/tag\/naited\/\" rel=\"tag\">n\u00e4ited<\/a><span class=\"wp-block-post-terms__separator\"> <\/span><a href=\"https:\/\/digioppevara.edu.ee\/kvaliteet\/tag\/soovitused\/\" rel=\"tag\">soovitused<\/a><span class=\"wp-block-post-terms__separator\"> <\/span><a href=\"https:\/\/digioppevara.edu.ee\/kvaliteet\/tag\/testid\/\" rel=\"tag\">testid<\/a><span class=\"wp-block-post-terms__separator\"> <\/span><a href=\"https:\/\/digioppevara.edu.ee\/kvaliteet\/tag\/toolehed\/\" rel=\"tag\">t\u00f6\u00f6lehed<\/a><\/div>\n\n\n<div style=\"height:22px\" aria-hidden=\"true\" class=\"wp-block-spacer\"><\/div>\n\n\n\n<p><\/p>\n","protected":false},"excerpt":{"rendered":"<p>M\u00f5tle l\u00e4bi oma \u00f5pieesm\u00e4rgid Kas soovid hinnata \u00f5ppijate teadmisi konkreetse teema kohta? Kas soovid j\u00e4lgida nende \u00f5ppeprotsessi? Kas soovid anda neile tagasisidet? Enne looma asumist m\u00f5tle l\u00e4bi Enne k\u00fcsimustike, testide v\u00f5i t\u00f6\u00f6lehtede loomist m\u00f5tle l\u00e4bi, mida sa soovid, et \u00f5ppijad \u00f5piksid. Kas soovid, et nad \u00f5piksid uut teemat, harjuksid oskustega v\u00f5i rakendaksid oma teadmisi uutes [&hellip;]<\/p>\n","protected":false},"author":1,"featured_media":0,"parent":461,"menu_order":0,"comment_status":"open","ping_status":"closed","template":"","meta":{"footnotes":""},"categories":[],"tags":[76,23,9,64,24,25],"class_list":["post-791","page","type-page","status-publish","hentry","tag-juhendid","tag-kusimustikud","tag-naited","tag-soovitused","tag-testid","tag-toolehed"],"_links":{"self":[{"href":"https:\/\/digioppevara.edu.ee\/kvaliteet\/wp-json\/wp\/v2\/pages\/791","targetHints":{"allow":["GET"]}}],"collection":[{"href":"https:\/\/digioppevara.edu.ee\/kvaliteet\/wp-json\/wp\/v2\/pages"}],"about":[{"href":"https:\/\/digioppevara.edu.ee\/kvaliteet\/wp-json\/wp\/v2\/types\/page"}],"author":[{"embeddable":true,"href":"https:\/\/digioppevara.edu.ee\/kvaliteet\/wp-json\/wp\/v2\/users\/1"}],"replies":[{"embeddable":true,"href":"https:\/\/digioppevara.edu.ee\/kvaliteet\/wp-json\/wp\/v2\/comments?post=791"}],"version-history":[{"count":35,"href":"https:\/\/digioppevara.edu.ee\/kvaliteet\/wp-json\/wp\/v2\/pages\/791\/revisions"}],"predecessor-version":[{"id":1369,"href":"https:\/\/digioppevara.edu.ee\/kvaliteet\/wp-json\/wp\/v2\/pages\/791\/revisions\/1369"}],"up":[{"embeddable":true,"href":"https:\/\/digioppevara.edu.ee\/kvaliteet\/wp-json\/wp\/v2\/pages\/461"}],"wp:attachment":[{"href":"https:\/\/digioppevara.edu.ee\/kvaliteet\/wp-json\/wp\/v2\/media?parent=791"}],"wp:term":[{"taxonomy":"category","embeddable":true,"href":"https:\/\/digioppevara.edu.ee\/kvaliteet\/wp-json\/wp\/v2\/categories?post=791"},{"taxonomy":"post_tag","embeddable":true,"href":"https:\/\/digioppevara.edu.ee\/kvaliteet\/wp-json\/wp\/v2\/tags?post=791"}],"curies":[{"name":"wp","href":"https:\/\/api.w.org\/{rel}","templated":true}]}}