{"id":758,"date":"2023-12-14T11:37:31","date_gmt":"2023-12-14T09:37:31","guid":{"rendered":"https:\/\/digimaterjalid.cs.ut.ee\/?page_id=758"},"modified":"2026-03-11T16:38:13","modified_gmt":"2026-03-11T14:38:13","slug":"metaandmed","status":"publish","type":"page","link":"https:\/\/digioppevara.edu.ee\/kvaliteet\/metaandmed\/","title":{"rendered":"Metaandmed"},"content":{"rendered":"\n<p style=\"margin-bottom:var(--wp--preset--spacing--30)\">\u00d5ppematerjalide taaskasutamine hoiab kokku \u00f5petaja aega ja mitmekesistab \u00f5ppeprotsessi. Selleks, et loodud \u00f5ppematerjale oleks v\u00f5imalik ka teistel leida ja taaskasutada, on vaja need \u00fcles laadida avalikesse kanalitesse (nt E-koolikott, YouTube, Vimeo, OER Commons, Scientix, Stem Alliance), pilverakendustesse (Google Drive, OneDrive, Dropbox, iCloud, GitHub Enterprise Cloud jm) v\u00f5i muudele veebilehtedele (nt isiklikud kodulehed, \u00f5pikogukonnad Facebookis vm). Loodud materjalid tuleb varustada metaandmete ja litsentsiga.<\/p>\n\n\n\n<div class=\"wp-block-group alignfull has-base-2-background-color has-background has-global-padding is-layout-constrained wp-container-core-group-is-layout-fa526e41 wp-block-group-is-layout-constrained\" style=\"padding-top:var(--wp--preset--spacing--40);padding-right:var(--wp--preset--spacing--50);padding-bottom:var(--wp--preset--spacing--30);padding-left:var(--wp--preset--spacing--50)\">\n<h3 class=\"wp-block-heading\">Mis on metaandmed ja mida nende lisamisel arvesse v\u00f5tta?<\/h3>\n\n\n\n<p class=\"has-text-align-left\">\u00d5ppematerjalide metaandmed annavad teavet \u00f5ppematerjalide sisu, eesm\u00e4rgi, sihtr\u00fchma ja muude omaduste kohta, mis aitavad potentsiaalsetel kasutajatel \u00f5ppematerjale paremini leida, rakendada, m\u00f5ista ja hinnata. Metaandmed tuleb lisada nii \u00fcksiku esitluse kui ka n\u00e4iteks mahuka Moodle\u2019i kursuse puhul.&nbsp;<\/p>\n\n\n\n<p class=\"has-text-align-left\">Metaandmeid kasutavad nii inimesed kui ka arvutiprogrammid erinevate \u00fclesannete t\u00e4itmisel. Igal \u00f5piobjektil v\u00f5i kogumil on s\u00f5ltumata selle konkreetsest f\u00fc\u00fcsilisest kujust kolm iseloomulikku tunnust: sisu, kontekst ja struktuur.&nbsp; Metaandmed peavad kajastama k\u00f5iki neid infoobjekti tunnuseid (Konsa, K., 2019).<\/p>\n<\/div>\n\n\n\n<h3 class=\"wp-block-heading is-style-default\" style=\"margin-top:var(--wp--preset--spacing--40)\">Metaandmete lisamine<\/h3>\n\n\n\n<p class=\"has-text-align-left\">Repositooriumitel on metaandmete lisamiseks erinevaid standardeid. Levinumad neist on Dublin Core ja IEEE LOM. P\u00f5hiosas on standardid sarnased. Standardite paljususe \u00fcks p\u00f5hjus on see, et need on arendatud erinevates organisatsioonides. N\u00e4iteks E-koolikotis on kasutusel EstCore 2 standard ja Tartu \u00dclikooli repositooriumis DataDoi on kasutusel Dublin Core standard. Metaandmed v\u00f5ivad esineda v\u00e4ga erineval kujul: tegemist v\u00f5ib olla vaba tekstiga, v\u00f5tmes\u00f5nadega, sh teemaviidetega (#), kontrollitud terminoloogiaga v\u00f5i siis t\u00e4pselt m\u00e4\u00e4ratletud kategooriate s\u00fcsteemiga (Konsa, K., 2019).<\/p>\n\n\n\n<div class=\"wp-block-columns alignwide is-layout-flex wp-container-core-columns-is-layout-bf1aab50 wp-block-columns-is-layout-flex\" style=\"padding-top:var(--wp--preset--spacing--30);padding-bottom:var(--wp--preset--spacing--10)\">\n<div class=\"wp-block-column is-layout-flow wp-container-core-column-is-layout-e3d1c41b wp-block-column-is-layout-flow\">\n<h4 class=\"wp-block-heading has-contrast-2-color has-text-color has-link-color wp-elements-5610bc25bd9b80ed79f4d2fb69d52885\">Metaandmed, millele kindlasti m\u00f5elda<\/h4>\n\n\n\n<p>\u00d5ppematerjali metaandmed lisatakse repositooriumisse tavaliselt selle \u00fcleslaadimisel. Metaandmete sisestamiseks kasutatakse repositooriumi vormi. Vormi v\u00e4ljad on t\u00e4histatud vastavate metaandmete elementidega.<\/p>\n\n\n\n<p>Metaandmete sisestamine v\u00f5ib tunduda keeruline, kuid tegelikult on see \u00fcsna lihtne. Oluline on vaid teada, milliseid metaandmeid on vaja sisestada ja kuidas neid t\u00e4pselt sisestada. Kasuta metaandmete sisestamisel standardset&nbsp; ja t\u00e4pset s\u00f5nastust. Uuenda metaandmeid, kui \u00f5ppematerjalis on toimunud muudatusi.<\/p>\n\n\n\n<details class=\"wp-block-details is-style-arrow-icon-details is-layout-flow wp-container-core-details-is-layout-e3d1c41b wp-block-details-is-layout-flow\"><summary>\u00d5ppematerjalide metaandmetes sisalduv teave v\u00f5ib olla v\u00e4ga erinev. \u00dcldiselt h\u00f5lmab see j\u00e4rgmisi komponente&#8230;<\/summary>\n<div class=\"wp-block-group has-global-padding is-layout-constrained wp-container-core-group-is-layout-19e250f3 wp-block-group-is-layout-constrained\">\n<ul style=\"margin-top:0\" class=\"wp-block-list is-style-checkmark-list\">\n<li style=\"margin-bottom:var(--wp--preset--spacing--10)\"><strong>Pealkiri <\/strong>(<em>title<\/em>) peaks olema l\u00fchike ja informatiivne ning sisaldama \u00f5ppematerjali p\u00f5hiteemat ja eesm\u00e4rki.\u00a0<\/li>\n\n\n\n<li style=\"margin-bottom:var(--wp--preset--spacing--10)\"><strong>Autor <\/strong>(<em>creator<\/em>)<strong> <\/strong>ja<strong> kaasautor <\/strong>(<em>contributor<\/em>). Isik v\u00f5i organisatsioon, kes on \u00f5ppematerjali loonud v\u00f5i kohandanud.<\/li>\n\n\n\n<li style=\"margin-bottom:var(--wp--preset--spacing--10)\"><strong>Teema <\/strong>(<em>subject<\/em>)<\/li>\n\n\n\n<li style=\"margin-bottom:var(--wp--preset--spacing--10)\"><strong>V\u00f5tmes\u00f5nad <\/strong>(<em>key words<\/em>). Konkreetsemad terminid, mis t\u00e4psemalt kirjeldavad \u00f5ppematerjali sisu. Need on tavaliselt \u00fche- v\u00f5i kahes\u00f5nalised fraasid, mis on seotud \u00f5ppematerjalis k\u00e4sitletud teemade, ideede v\u00f5i m\u00f5istetega. N\u00e4iteks v\u00f5ivad \u00f5ppematerjali v\u00f5tmes\u00f5nad olla: &#8220;kolmnurkade omadused&#8221;, &#8220;funktsioonide graafikud&#8221; ja &#8220;arv pii&#8221;.<\/li>\n\n\n\n<li style=\"margin-bottom:var(--wp--preset--spacing--10)\"><strong>Kirjeldus <\/strong>(<em>description<\/em>). Kokkuv\u00f5te \u00f5ppematerjali sisust; peaks olema informatiivne ja aitama otsijal otsustada, kas materjal on talle sobiv. Kirjeldada tuleks \u00f5ppematerjali eesm\u00e4rki, v\u00e4ljundeid ja tegevusi.\u00a0<\/li>\n\n\n\n<li style=\"margin-bottom:var(--wp--preset--spacing--10)\"><strong>Sihtr\u00fchm <\/strong>(<em>target group<\/em>). Metaandmed peaksid andma teavet \u00f5ppematerjalide sihtr\u00fchma kohta. See v\u00f5ib h\u00f5lmata selliseid andmeid nagu \u00f5ppematerjalide klassifikatsioon ja \u00f5ppijate vanus, tase ning huvid.<\/li>\n\n\n\n<li style=\"margin-bottom:var(--wp--preset--spacing--10)\"><strong>V\u00e4ljaandja <\/strong>(<em>publisher<\/em>)<\/li>\n\n\n\n<li style=\"margin-bottom:var(--wp--preset--spacing--10)\"><strong>Kuup\u00e4ev <\/strong>(<em>date<\/em>). \u00d5ppematerjali loomise, uuendamise v\u00f5i avaldamise aeg.\u00a0<\/li>\n\n\n\n<li style=\"margin-bottom:var(--wp--preset--spacing--10)\"><strong>Materjali t\u00fc\u00fcp <\/strong>(<em>type<\/em>). \u00d5ppematerjali liik; nt t\u00f6\u00f6leht, e-\u00f5pik.<\/li>\n\n\n\n<li style=\"margin-bottom:var(--wp--preset--spacing--10)\"><strong>Vorming <\/strong>(<em>format<\/em>). N\u00e4iteks .pdf, .xlsx.<\/li>\n\n\n\n<li style=\"margin-bottom:var(--wp--preset--spacing--10)\"><strong>Keel <\/strong>(<em>language<\/em>). \u00d5ppematerjali keel.\u00a0<\/li>\n\n\n\n<li><strong>Litsentsid <\/strong>(<em>licences<\/em>). Tuleb m\u00e4\u00e4ratleda, millistel tingimustel v\u00f5ib \u00f5ppematerjali kasutada.<\/li>\n<\/ul>\n<\/div>\n<\/details>\n<\/div>\n\n\n\n<div class=\"wp-block-column is-layout-flow wp-container-core-column-is-layout-e3d1c41b wp-block-column-is-layout-flow\">\n<h4 class=\"wp-block-heading has-contrast-2-color has-text-color has-link-color wp-elements-f7db8b0ecd488a5237f88e08eb1150e0\">Millised on head v\u00f5tmes\u00f5nad?<\/h4>\n\n\n\n<p class=\"has-text-align-left\">V\u00f5tmes\u00f5nu kasutatakse eelk\u00f5ige \u00f5ppematerjali otsingul. V\u00f5tmes\u00f5nad peaksid k\u00f5ige t\u00e4psemini iseloomustama loodud materjali. V\u00f5tmes\u00f5nad v\u00f5ivad olla s\u00f5nad pealkirjast, sisust, autorite kohta, sihtr\u00fchma kohta. S\u00f5naotsing on k\u00f5ige laiem otsinguviis ning sarnaneb Google&#8217;i otsinguga. Uuele \u00f5ppematerjalile v\u00f5tmes\u00f5nade lisamisel on k\u00f5ige parem m\u00f5elda, milliste s\u00f5nade j\u00e4rgi Sa ise antud materjali otsiksid. V\u00f5tmes\u00f5nad peaksid olema v\u00f5imalikult konkreetsed, l\u00fchikesed, \u00fche- v\u00f5i kahes\u00f5nalised terminid (<a href=\"https:\/\/projektid.edu.ee\/display\/koolikott\/KKK#KKK-Metaandmed\" target=\"_blank\" rel=\"noreferrer noopener\">E-koolikott, 2023<\/a>).<\/p>\n\n\n\n<div style=\"height:15px\" aria-hidden=\"true\" class=\"wp-block-spacer\"><\/div>\n<\/div>\n<\/div>\n\n\n\n<blockquote class=\"wp-block-quote is-layout-flow wp-block-quote-is-layout-flow\">\n<p style=\"font-size:clamp(0.875rem, 0.875rem + ((1vw - 0.2rem) * 0.625), 1.25rem);\">Materjalide s\u00e4ilitamisel tuleks hinnata nende pikaajalist kasutusvajadust. Kui materjal on ajakohane ainult l\u00fchiajaliselt, tuleks m\u00e4\u00e4rata s\u00e4ilitust\u00e4htaeg ja kaaluda optimeeritud formaate, et v\u00e4hendada andmete mahtu ja keskkonnakoormust.<\/p>\n<\/blockquote>\n\n\n<div style=\"padding-top:var(--wp--preset--spacing--20);margin-top:var(--wp--preset--spacing--40);margin-bottom:var(--wp--preset--spacing--40)\" class=\"taxonomy-post_tag is-style-pill wp-block-post-terms\"><a href=\"https:\/\/digioppevara.edu.ee\/kvaliteet\/tag\/korduskasutus\/\" rel=\"tag\">korduskasutus<\/a><span class=\"wp-block-post-terms__separator\"> <\/span><a href=\"https:\/\/digioppevara.edu.ee\/kvaliteet\/tag\/leitavus\/\" rel=\"tag\">leitavus<\/a><span class=\"wp-block-post-terms__separator\"> <\/span><a href=\"https:\/\/digioppevara.edu.ee\/kvaliteet\/tag\/litsentsid\/\" rel=\"tag\">litsentsid<\/a><span class=\"wp-block-post-terms__separator\"> <\/span><a href=\"https:\/\/digioppevara.edu.ee\/kvaliteet\/tag\/metaandmed\/\" rel=\"tag\">metaandmed<\/a><span class=\"wp-block-post-terms__separator\"> <\/span><a href=\"https:\/\/digioppevara.edu.ee\/kvaliteet\/tag\/votmesonad\/\" rel=\"tag\">v\u00f5tmes\u00f5nad<\/a><\/div>\n\n<div class=\"has-avatars has-dates has-excerpts no-comments wp-block-latest-comments\">Kommentaare ei ole.<\/div>\n\n\t<div id=\"respond\" style=\"padding-bottom:var(--wp--preset--spacing--30);\" class=\"comment-respond wp-block-post-comments-form\">\n\t\t<h3 id=\"reply-title\" class=\"comment-reply-title\">Lisa kommentaar <small><a rel=\"nofollow\" id=\"cancel-comment-reply-link\" href=\"\/kvaliteet\/wp-json\/wp\/v2\/pages\/758#respond\" style=\"display:none;\">T\u00fchista vastus<\/a><\/small><\/h3><form action=\"https:\/\/digioppevara.edu.ee\/kvaliteet\/wp-comments-post.php\" method=\"post\" id=\"commentform\" class=\"comment-form\"><p class=\"comment_notes\">Sinu e-postiaadressi ei avaldata.<\/p><p class=\"comment-form-comment\"><label for=\"comment\">Kommenteeri <span class=\"required\">*<\/span><\/label> <textarea id=\"comment\" name=\"comment\" cols=\"45\" rows=\"8\" maxlength=\"65525\" required><\/textarea><\/p><p class=\"comment-form-author\"><label for=\"author\">Nimi <span class=\"required\">*<\/span><\/label> <input id=\"author\" name=\"author\" type=\"text\" value=\"\" size=\"30\" maxlength=\"245\" autocomplete=\"name\" required \/><\/p>\n<p class=\"comment-form-email\"><label for=\"email\">E-post <span class=\"required\">*<\/span><\/label> <input id=\"email\" name=\"email\" type=\"email\" value=\"\" size=\"30\" maxlength=\"100\" autocomplete=\"email\" required \/><\/p>\n<p class=\"comment-form-cookies-consent\"><input id=\"wp-comment-cookies-consent\" name=\"wp-comment-cookies-consent\" type=\"checkbox\" value=\"yes\" \/> <label for=\"wp-comment-cookies-consent\">Salvesta minu nimi, e-posti- ja veebiaadress sellesse veebilehitsejasse j\u00e4rgmiste kommentaaride jaoks.<\/label><\/p>\n<p class=\"form-submit wp-block-button\"><input name=\"submit\" type=\"submit\" id=\"submit\" class=\"wp-block-button__link wp-element-button\" value=\"Saada kommentaar\" \/> <input type='hidden' name='comment_post_ID' value='758' id='comment_post_ID' \/>\n<input type='hidden' name='comment_parent' id='comment_parent' value='0' \/>\n<\/p><p style=\"display: none !important;\" class=\"akismet-fields-container\" data-prefix=\"ak_\"><label>&#916;<textarea name=\"ak_hp_textarea\" cols=\"45\" rows=\"8\" maxlength=\"100\"><\/textarea><\/label><input type=\"hidden\" id=\"ak_js_1\" name=\"ak_js\" value=\"102\"\/><script>document.getElementById( \"ak_js_1\" ).setAttribute( \"value\", ( new Date() ).getTime() );<\/script><\/p><\/form>\t<\/div><!-- #respond -->\n\t","protected":false},"excerpt":{"rendered":"<p>\u00d5ppematerjalide taaskasutamine hoiab kokku \u00f5petaja aega ja mitmekesistab \u00f5ppeprotsessi. Selleks, et loodud \u00f5ppematerjale oleks v\u00f5imalik ka teistel leida ja taaskasutada, on vaja need \u00fcles laadida avalikesse kanalitesse (nt E-koolikott, YouTube, Vimeo, OER Commons, Scientix, Stem Alliance), pilverakendustesse (Google Drive, OneDrive, Dropbox, iCloud, GitHub Enterprise Cloud jm) v\u00f5i muudele veebilehtedele (nt isiklikud kodulehed, \u00f5pikogukonnad Facebookis vm). [&hellip;]<\/p>\n","protected":false},"author":1,"featured_media":0,"parent":0,"menu_order":0,"comment_status":"open","ping_status":"closed","template":"","meta":{"footnotes":""},"categories":[],"tags":[93,92,72,71,85],"class_list":["post-758","page","type-page","status-publish","hentry","tag-korduskasutus","tag-leitavus","tag-litsentsid","tag-metaandmed","tag-votmesonad"],"_links":{"self":[{"href":"https:\/\/digioppevara.edu.ee\/kvaliteet\/wp-json\/wp\/v2\/pages\/758","targetHints":{"allow":["GET"]}}],"collection":[{"href":"https:\/\/digioppevara.edu.ee\/kvaliteet\/wp-json\/wp\/v2\/pages"}],"about":[{"href":"https:\/\/digioppevara.edu.ee\/kvaliteet\/wp-json\/wp\/v2\/types\/page"}],"author":[{"embeddable":true,"href":"https:\/\/digioppevara.edu.ee\/kvaliteet\/wp-json\/wp\/v2\/users\/1"}],"replies":[{"embeddable":true,"href":"https:\/\/digioppevara.edu.ee\/kvaliteet\/wp-json\/wp\/v2\/comments?post=758"}],"version-history":[{"count":50,"href":"https:\/\/digioppevara.edu.ee\/kvaliteet\/wp-json\/wp\/v2\/pages\/758\/revisions"}],"predecessor-version":[{"id":1580,"href":"https:\/\/digioppevara.edu.ee\/kvaliteet\/wp-json\/wp\/v2\/pages\/758\/revisions\/1580"}],"wp:attachment":[{"href":"https:\/\/digioppevara.edu.ee\/kvaliteet\/wp-json\/wp\/v2\/media?parent=758"}],"wp:term":[{"taxonomy":"category","embeddable":true,"href":"https:\/\/digioppevara.edu.ee\/kvaliteet\/wp-json\/wp\/v2\/categories?post=758"},{"taxonomy":"post_tag","embeddable":true,"href":"https:\/\/digioppevara.edu.ee\/kvaliteet\/wp-json\/wp\/v2\/tags?post=758"}],"curies":[{"name":"wp","href":"https:\/\/api.w.org\/{rel}","templated":true}]}}