{"id":744,"date":"2023-12-14T03:28:36","date_gmt":"2023-12-14T01:28:36","guid":{"rendered":"https:\/\/digimaterjalid.cs.ut.ee\/?page_id=744"},"modified":"2026-03-04T12:07:12","modified_gmt":"2026-03-04T10:07:12","slug":"soovitusi-e-opikute-kasutamiseks","status":"publish","type":"page","link":"https:\/\/digioppevara.edu.ee\/kvaliteet\/soovitused-valik\/soovitusi-e-opikute-kasutamiseks\/","title":{"rendered":"Soovitusi e-\u00f5pikute kasutamiseks"},"content":{"rendered":"\n<blockquote class=\"wp-block-quote is-layout-flow wp-block-quote-is-layout-flow\">\n<p style=\"font-size:clamp(0.875rem, 0.875rem + ((1vw - 0.2rem) * 0.625), 1.25rem);\">E-\u00f5pikud on digitaalsed \u00f5ppematerjalid, mis pakuvad \u00f5ppijatele v\u00f5imalust \u00f5ppida iseseisvalt ja oma tempos.<\/p>\n\n\n\n<p style=\"font-size:clamp(0.875rem, 0.875rem + ((1vw - 0.2rem) * 0.625), 1.25rem);\">E-\u00f5pikuid saab kasutada n\u00e4iteks:<\/p>\n\n\n\n<ul class=\"wp-block-list is-style-checkmark-list\">\n<li style=\"margin-bottom:var(--wp--preset--spacing--10);font-size:clamp(0.875rem, 0.875rem + ((1vw - 0.2rem) * 0.625), 1.25rem);\">\u00d5ppesisu tutvustamiseks ja harjutamiseks<\/li>\n\n\n\n<li style=\"margin-bottom:var(--wp--preset--spacing--10);font-size:clamp(0.875rem, 0.875rem + ((1vw - 0.2rem) * 0.625), 1.25rem);\">\u00d5ppimise interaktiivsemaks ja kaasahaaravamaks muutmiseks<\/li>\n\n\n\n<li style=\"margin-bottom:var(--wp--preset--spacing--10);font-size:clamp(0.875rem, 0.875rem + ((1vw - 0.2rem) * 0.625), 1.25rem);\">\u00d5ppimise isikup\u00e4rastamiseks ja paindlikumaks muutmiseks<\/li>\n\n\n\n<li style=\"font-size:clamp(0.875rem, 0.875rem + ((1vw - 0.2rem) * 0.625), 1.25rem);\">Teadmiste hindamiseks<\/li>\n<\/ul>\n<\/blockquote>\n\n\n\n<div class=\"wp-block-columns alignwide is-layout-flex wp-container-core-columns-is-layout-62bf5416 wp-block-columns-is-layout-flex\" style=\"padding-top:var(--wp--preset--spacing--40)\">\n<div class=\"wp-block-column is-layout-flow wp-container-core-column-is-layout-e3d1c41b wp-block-column-is-layout-flow\">\n<h4 class=\"wp-block-heading has-contrast-2-color has-text-color has-link-color wp-elements-745897a636114cf9f6f528474c275d10\">Alusta e-\u00f5pikute kasutamisega j\u00e4rk-j\u00e4rgult<\/h4>\n\n\n\n<p class=\"has-text-align-left has-medium-font-size\">Alusta \u00fche v\u00f5i kahe e-\u00f5pikuga ja laienda oma kasutamist j\u00e4rk-j\u00e4rgult, et uue vormiga harjuda.<\/p>\n<\/div>\n\n\n\n<div class=\"wp-block-column is-layout-flow wp-container-core-column-is-layout-e3d1c41b wp-block-column-is-layout-flow\">\n<h4 class=\"wp-block-heading has-contrast-2-color has-text-color has-link-color wp-elements-f1c0fdb7bc3972ca6d0ebd7434e13d00\">Kasuta e-\u00f5pikute interaktiivseid elemente&#8230;<\/h4>\n\n\n\n<p class=\"has-medium-font-size\">&#8230;., mis aitavad \u00f5ppijatel \u00f5ppematerjaliga suhestuda. N\u00e4iteks sisaldavad e-\u00f5pikud sageli videoid, helifaile, animatsioone ja m\u00e4nge.<\/p>\n<\/div>\n\n\n\n<div class=\"wp-block-column is-layout-flow wp-container-core-column-is-layout-e3d1c41b wp-block-column-is-layout-flow\">\n<h4 class=\"wp-block-heading has-contrast-2-color has-text-color has-link-color wp-elements-e21aa2ecae3c210995b37a602012e940\">Isikup\u00e4rasta \u00f5pikogemust<\/h4>\n\n\n\n<p class=\"has-text-align-left has-medium-font-size\">Anna \u00f5ppijatele v\u00f5imalus kohandada oma \u00f5piteekonda vastavalt nende \u00f5ppevajadustele ja -eelistustele. N\u00e4iteks <\/p>\n\n\n\n<details class=\"wp-block-details is-style-arrow-icon-details is-layout-flow wp-block-details-is-layout-flow\"><summary>N\u00e4iteks&#8230;<\/summary>\n<p>&#8230;v\u00f5ib pakkuda v\u00f5imalust valida teemasid, sobivat raskusastet ja tempot v\u00f5i seadistada personaalseid m\u00e4rkmeid. E-\u00f5pikud on kohandatavad, sealhulgas \u00f5pilastele, kellel on erivajadused, kasutades juurdep\u00e4\u00e4setavusfunktsioone nagu <a href=\"https:\/\/support.microsoft.com\/et-ee\/windows\/teksti-ja-rakenduste-suurendamine-c3095a80-6edd-4779-9282-623c4d721d64\" data-type=\"link\" data-id=\"https:\/\/support.microsoft.com\/et-ee\/windows\/teksti-ja-rakenduste-suurendamine-c3095a80-6edd-4779-9282-623c4d721d64\">teksti suuruse muutmine<\/a> ja ekraanilugeja tugi.<\/p>\n<\/details>\n<\/div>\n<\/div>\n\n\n\n<div class=\"wp-block-columns alignwide is-layout-flex wp-container-core-columns-is-layout-3e0fef09 wp-block-columns-is-layout-flex\" style=\"padding-top:var(--wp--preset--spacing--20);padding-bottom:var(--wp--preset--spacing--40)\">\n<div class=\"wp-block-column is-layout-flow wp-container-core-column-is-layout-e3d1c41b wp-block-column-is-layout-flow\">\n<h4 class=\"wp-block-heading has-contrast-2-color has-text-color has-link-color wp-elements-54ba3925007a5c4d00ccfa117b5cfafa\">J\u00e4lgi ja toeta \u00f5piprotsessi edenemist<\/h4>\n\n\n\n<p class=\"has-text-align-left\">Kasuta e-\u00f5pikute anal\u00fc\u00fctilisi t\u00f6\u00f6riistu, et j\u00e4lgida \u00f5ppijate edenemist, m\u00f5ista nende tugevaid k\u00fclgi ja v\u00e4ljakutseid, kohandada \u00f5petamist vastavalt vajadustele ning pakkuda isikup\u00e4rastatud tuge ja juhiseid. Lisa v\u00f5i kasuta e-\u00f5pikute tagasiside- ja hindamisvahendeid, mis v\u00f5imaldavad \u00f5petajatel anda kiiret tagasisidet ning \u00f5ppijatel j\u00e4lgida oma edenemist.<\/p>\n<\/div>\n\n\n\n<div class=\"wp-block-column is-layout-flow wp-container-core-column-is-layout-e3d1c41b wp-block-column-is-layout-flow\">\n<h4 class=\"wp-block-heading has-contrast-2-color has-text-color has-link-color wp-elements-742d93d4714b636a00e2cf9f93352b3b\">Toeta koost\u00f6ist \u00f5pet<\/h4>\n\n\n\n<p>E-\u00f5pikud v\u00f5imaldavad koost\u00f6ist \u00f5pet, kus \u00f5ppijad saavad koost\u00f6\u00f6d teha, jagada m\u00e4rkmeid ja t\u00f6\u00f6tada koos \u00fchiste \u00fclesannete kallal. Loo v\u00f5imalusi koost\u00f6iseks \u00f5ppeks e-\u00f5pikute kaudu, n\u00e4iteks integreeri foorumid, grupiprojektid v\u00f5i jagatud dokumendid.<\/p>\n<\/div>\n\n\n\n<div class=\"wp-block-column is-layout-flow wp-container-core-column-is-layout-e3d1c41b wp-block-column-is-layout-flow\">\n<h4 class=\"wp-block-heading has-contrast-2-color has-text-color has-link-color wp-elements-d5e882f057024b154878f591922e4ba3\">Tee koost\u00f6\u00f6d kolleegidega<\/h4>\n\n\n\n<p class=\"has-text-align-left\">Jaga teiste \u00f5petajatega oma kogemusi e-\u00f5pikute kasutamisest.<\/p>\n<\/div>\n<\/div>\n\n\n\n<blockquote class=\"wp-block-quote is-layout-flow wp-block-quote-is-layout-flow\" style=\"padding-top:var(--wp--preset--spacing--30);padding-right:var(--wp--preset--spacing--30);padding-bottom:var(--wp--preset--spacing--30);padding-left:var(--wp--preset--spacing--30)\">\n<h3 class=\"wp-block-heading\" style=\"margin-bottom:var(--wp--preset--spacing--10)\">E-\u00f5pikute s\u00e4ilitamisest<\/h3>\n\n\n\n<p style=\"font-size:clamp(0.875rem, 0.875rem + ((1vw - 0.2rem) * 0.625), 1.25rem);\">E-\u00f5pikute loomisel ja kasutamisel tuleks arvestada nende s\u00e4ilitamise m\u00f5juga. Vananenud materjalid tuleks eemaldada v\u00f5i arhiveerida energiat\u00f5husates formaatides. E-\u00f5piku arhiveerimiseks energiat\u00f5hus formaat peaks olema tihendatud, universaalselt loetav ja h\u00f5lpsasti jagatav, et minimeerida salvestamise ja edastamise energiakulu.<\/p>\n\n\n\n<div class=\"wp-block-group has-global-padding is-layout-constrained wp-container-core-group-is-layout-8ecdc3de wp-block-group-is-layout-constrained\" style=\"margin-top:0;margin-bottom:0;padding-top:0;padding-right:0;padding-bottom:0;padding-left:0\">\n<p style=\"font-size:clamp(0.875rem, 0.875rem + ((1vw - 0.2rem) * 0.625), 1.25rem);\">Soovitatavad formaadid on:<\/p>\n\n\n\n<details class=\"wp-block-details is-style-arrow-icon-details is-layout-flow wp-container-core-details-is-layout-e3d1c41b wp-block-details-is-layout-flow\" style=\"font-size:clamp(0.875rem, 0.875rem + ((1vw - 0.2rem) * 0.625), 1.25rem);\"><summary>EPUB (Electronic Publication)<\/summary>\n<p style=\"margin-right:0;margin-left:var(--wp--preset--spacing--30);font-size:clamp(0.875rem, 0.875rem + ((1vw - 0.2rem) * 0.625), 1.25rem);\">Tihendatud formaat, optimeeritud e-raamatute jaoks. S\u00e4ilitab tekstilise sisu ja lihtsamad graafikad minimaalse mahuga. Laialdaselt toetatud e-lugerite ja rakenduste poolt (nt Kindle, Adobe Digital Editions).<\/p>\n\n\n\n<p style=\"margin-left:var(--wp--preset--spacing--30);font-size:clamp(0.875rem, 0.875rem + ((1vw - 0.2rem) * 0.625), 1.25rem);\">Parim kasutusviis: sobib tekstip\u00f5histe ja lihtsa graafikaga e-\u00f5pikutele.<\/p>\n<\/details>\n\n\n\n<details class=\"wp-block-details is-style-arrow-icon-details is-layout-flow wp-container-core-details-is-layout-e3d1c41b wp-block-details-is-layout-flow\" style=\"font-size:clamp(0.875rem, 0.875rem + ((1vw - 0.2rem) * 0.625), 1.25rem);\"><summary>PDF (Portable Document Format)<\/summary>\n<p style=\"margin-left:var(--wp--preset--spacing--30);font-size:clamp(0.875rem, 0.875rem + ((1vw - 0.2rem) * 0.625), 1.25rem);\">Universaalne ja v\u00e4ga laialdaselt toetatud formaat. Tihendamise v\u00f5imalused (nt PDF\/A, mis sobib pikaajaliseks arhiveerimiseks). S\u00e4ilitab e-\u00f5piku algse kujunduse ja vormistuse.<\/p>\n\n\n\n<p style=\"margin-left:var(--wp--preset--spacing--30)\">Soovitus: kasuta PDF\/A-1a v\u00f5i PDF\/A-2a standardit, mis on loodud pikaajaliseks arhiveerimiseks.<\/p>\n<\/details>\n\n\n\n<details class=\"wp-block-details is-style-arrow-icon-details is-layout-flow wp-container-core-details-is-layout-e3d1c41b wp-block-details-is-layout-flow\" style=\"font-size:clamp(0.875rem, 0.875rem + ((1vw - 0.2rem) * 0.625), 1.25rem);\"><summary>HTML\/ZIP (veebiformaat arhiveerimiseks)<\/summary>\n<p style=\"margin-left:var(--wp--preset--spacing--30)\">HTML-failid koos seotud ressurssidega (nt pildid, stiililehed) saab tihendada ZIP-formaadis. Hea lahendus, kui e-\u00f5pik sisaldab interaktiivseid elemente v\u00f5i veebisaitidena jagatavat sisu.<\/p>\n\n\n\n<p style=\"margin-left:var(--wp--preset--spacing--30)\">Soovitus: veendu, et k\u00f5ik failid oleksid optimeeritud ja tarbetu dubleerimine eemaldatud.<\/p>\n<\/details>\n\n\n\n<details class=\"wp-block-details is-style-arrow-icon-details is-layout-flow wp-container-core-details-is-layout-e3d1c41b wp-block-details-is-layout-flow\" style=\"font-size:clamp(0.875rem, 0.875rem + ((1vw - 0.2rem) * 0.625), 1.25rem);\"><summary>XML (Extensible Markup Language) koos tihendamisega<\/summary>\n<p style=\"margin-left:var(--wp--preset--spacing--30);font-size:clamp(0.875rem, 0.875rem + ((1vw - 0.2rem) * 0.625), 1.25rem);\">V\u00f5imaldab sisu semantiliselt struktureerida ja pikaajaliselt s\u00e4ilitada. Sobib h\u00e4sti suurte e-\u00f5piku kogumike arhiveerimiseks andmebaaside jaoks.<\/p>\n\n\n\n<p style=\"margin-left:var(--wp--preset--spacing--30)\">Soovitus: kasuta tihendatud versiooni, n\u00e4iteks GZIP.<\/p>\n<\/details>\n<\/div>\n<\/blockquote>\n\n\n\n<h3 class=\"wp-block-heading has-text-align-center\" style=\"margin-top:var(--wp--preset--spacing--50)\">Energiat\u00f5hususe praktilisi soovitusi<\/h3>\n\n\n\n<div class=\"wp-block-columns alignwide is-layout-flex wp-container-core-columns-is-layout-84f59ea4 wp-block-columns-is-layout-flex\" style=\"padding-top:var(--wp--preset--spacing--30);padding-bottom:var(--wp--preset--spacing--50)\">\n<div class=\"wp-block-column is-layout-flow wp-container-core-column-is-layout-e3d1c41b wp-block-column-is-layout-flow\">\n<h4 class=\"wp-block-heading has-contrast-2-color has-text-color has-link-color wp-elements-b1206f68f2816e12ed21a39bc1c46fa1\">Tihenda faile<\/h4>\n\n\n\n<p class=\"has-text-align-left\">Kasuta t\u00f6\u00f6riistu, mis v\u00e4hendavad e-\u00f5piku mahtu, s\u00e4ilitades sisu kvaliteedi. N\u00e4iteks: Calibre (EPUB-i jaoks), Adobe Acrobat (PDF-i jaoks).<\/p>\n<\/div>\n\n\n\n<div class=\"wp-block-column is-layout-flow wp-container-core-column-is-layout-e3d1c41b wp-block-column-is-layout-flow\">\n<h4 class=\"wp-block-heading has-contrast-2-color has-text-color has-link-color wp-elements-2cdacc29daa378b0a822b03657fed563\">Optimeeri pilte<\/h4>\n\n\n\n<p>Kui e-\u00f5pikus on graafikat, tihenda pildid (nt PNG asemel kasutage WebP&#8217;d v\u00f5i optimeeritud JPEG-i).<\/p>\n<\/div>\n\n\n\n<div class=\"wp-block-column is-layout-flow wp-container-core-column-is-layout-e3d1c41b wp-block-column-is-layout-flow\">\n<h4 class=\"wp-block-heading has-contrast-2-color has-text-color has-link-color wp-elements-57c52863f3cbf8da40b3fb1910efb52b\">Eemalda mittevajalikud andmed<\/h4>\n\n\n\n<p class=\"has-text-align-left\">Arhiveerige ainult vajalikud failid ja eemaldage vananenud v\u00f5i ajutised elemendid.<\/p>\n<\/div>\n<\/div>\n\n\n\n<div class=\"wp-block-group alignfull has-base-2-background-color has-background has-global-padding is-layout-constrained wp-container-core-group-is-layout-669513ed wp-block-group-is-layout-constrained\" style=\"margin-top:0;margin-bottom:0;padding-top:var(--wp--preset--spacing--50);padding-right:var(--wp--preset--spacing--50);padding-bottom:var(--wp--preset--spacing--50);padding-left:var(--wp--preset--spacing--50)\">\n<h3 class=\"wp-block-heading has-text-align-center has-large-font-size\" style=\"margin-bottom:var(--wp--preset--spacing--30);font-style:normal;font-weight:400\">Kasulikud vahendid<\/h3>\n\n\n\n<ul class=\"wp-block-list is-style-default\">\n<li><a href=\"https:\/\/www.opiq.ee\/\" target=\"_blank\" rel=\"noreferrer noopener\">Opiq<\/a> ja <a href=\"https:\/\/www.taskutark.ee\/\" target=\"_blank\" rel=\"noreferrer noopener\">TaskuTark<\/a> on erinevate \u00f5ppeainete e-\u00f5pikute kogumikud.<\/li>\n<\/ul>\n<\/div>\n\n\n\n<div class=\"wp-block-group has-global-padding is-layout-constrained wp-container-core-group-is-layout-dfb11602 wp-block-group-is-layout-constrained\" style=\"padding-top:var(--wp--preset--spacing--40)\">\n<h3 class=\"wp-block-heading has-text-align-center has-contrast-color has-text-color has-link-color has-large-font-size wp-elements-d0d8f90c1bb71811920dc79bf1e102fb\" style=\"margin-top:var(--wp--preset--spacing--10);margin-bottom:var(--wp--preset--spacing--30);font-style:normal;font-weight:400\">N\u00e4iteid e-\u00f5pikutest<\/h3>\n\n\n\n<blockquote class=\"wp-block-quote is-style-default has-contrast-color has-custom-oran-background-color has-text-color has-background has-link-color wp-elements-5f1063f61abf48e962e576f193ce728c is-layout-flow wp-block-quote-is-layout-flow\" style=\"margin-top:var(--wp--preset--spacing--10);margin-right:var(--wp--preset--spacing--60);margin-bottom:var(--wp--preset--spacing--10);margin-left:var(--wp--preset--spacing--60);padding-top:var(--wp--preset--spacing--20);padding-bottom:var(--wp--preset--spacing--20)\">\n<p style=\"font-size:clamp(0.875rem, 0.875rem + ((1vw - 0.2rem) * 0.625), 1.25rem);\">E-\u00f5pik <a href=\"https:\/\/www.taskutark.ee\/study\/meedia-ja-mojutamine\/\" data-type=\"link\" data-id=\"https:\/\/www.taskutark.ee\/study\/meedia-ja-mojutamine\/\" target=\"_blank\" rel=\"noreferrer noopener\">\u201eMeedia ja m\u00f5jutamine\u201c<\/a><\/p>\n<\/blockquote>\n\n\n\n<blockquote class=\"wp-block-quote is-style-default has-contrast-color has-custom-oran-background-color has-text-color has-background has-link-color wp-elements-33d749812dde1a033d0123b1387499d9 is-layout-flow wp-block-quote-is-layout-flow\" style=\"margin-top:var(--wp--preset--spacing--10);margin-right:var(--wp--preset--spacing--60);margin-bottom:var(--wp--preset--spacing--10);margin-left:var(--wp--preset--spacing--60);padding-top:var(--wp--preset--spacing--20);padding-bottom:var(--wp--preset--spacing--20)\">\n<p style=\"font-size:clamp(0.875rem, 0.875rem + ((1vw - 0.2rem) * 0.625), 1.25rem);\"><a href=\"https:\/\/www.opiq.ee\/Kit\/Details\/514\" data-type=\"link\" data-id=\"https:\/\/www.opiq.ee\/Kit\/Details\/514\" target=\"_blank\" rel=\"noreferrer noopener\">M\u00e4ngukooli muusika<\/a><\/p>\n<\/blockquote>\n\n\n\n<blockquote class=\"wp-block-quote is-style-default has-contrast-color has-custom-oran-background-color has-text-color has-background has-link-color wp-elements-f9e2089b3a747c1005830e3ece1c19ea is-layout-flow wp-block-quote-is-layout-flow\" style=\"margin-top:var(--wp--preset--spacing--10);margin-right:var(--wp--preset--spacing--60);margin-bottom:var(--wp--preset--spacing--10);margin-left:var(--wp--preset--spacing--60);padding-top:var(--wp--preset--spacing--20);padding-bottom:var(--wp--preset--spacing--20)\">\n<p style=\"font-size:clamp(0.875rem, 0.875rem + ((1vw - 0.2rem) * 0.625), 1.25rem);\"><a href=\"https:\/\/www.taskutark.ee\/study\/eesti-keele-opik-4-klassile-ii-osa\/\" data-type=\"link\" data-id=\"https:\/\/www.taskutark.ee\/study\/eesti-keele-opik-4-klassile-ii-osa\/\" target=\"_blank\" rel=\"noreferrer noopener\">Eesti keele \u00f5pik<\/a> 4. klassile. II osa<\/p>\n<\/blockquote>\n\n\n\n<blockquote class=\"wp-block-quote is-style-default has-contrast-color has-custom-oran-background-color has-text-color has-background has-link-color wp-elements-d0d19b93ca6c1435a3d9a34c28608037 is-layout-flow wp-block-quote-is-layout-flow\" style=\"margin-top:var(--wp--preset--spacing--10);margin-right:var(--wp--preset--spacing--60);margin-bottom:var(--wp--preset--spacing--10);margin-left:var(--wp--preset--spacing--60);padding-top:var(--wp--preset--spacing--20);padding-bottom:var(--wp--preset--spacing--20)\">\n<p style=\"font-size:clamp(0.875rem, 0.875rem + ((1vw - 0.2rem) * 0.625), 1.25rem);\"><a href=\"https:\/\/folkmusicbaltics.weebly.com\/e-raamatud.html\" data-type=\"link\" data-id=\"https:\/\/folkmusicbaltics.weebly.com\/e-raamatud.html\" target=\"_blank\" rel=\"noreferrer noopener\">Rahvamuusika \u00f5pikud<\/a> viiuli-, rahvakandle- ja l\u00f5\u00f5tspilli m\u00e4ngijatele<\/p>\n<\/blockquote>\n<\/div>\n\n\n<div style=\"margin-top:var(--wp--preset--spacing--50);margin-bottom:var(--wp--preset--spacing--50)\" class=\"taxonomy-post_tag is-style-pill wp-block-post-terms\"><a href=\"https:\/\/digioppevara.edu.ee\/kvaliteet\/tag\/e-opik\/\" rel=\"tag\">e-\u00f5pik<\/a><span class=\"wp-block-post-terms__separator\"> <\/span><a href=\"https:\/\/digioppevara.edu.ee\/kvaliteet\/tag\/energiatohusus\/\" rel=\"tag\">energiat\u00f5husus<\/a><span class=\"wp-block-post-terms__separator\"> <\/span><a href=\"https:\/\/digioppevara.edu.ee\/kvaliteet\/tag\/juhendid\/\" rel=\"tag\">juhendid<\/a><span class=\"wp-block-post-terms__separator\"> <\/span><a href=\"https:\/\/digioppevara.edu.ee\/kvaliteet\/tag\/naited\/\" rel=\"tag\">n\u00e4ited<\/a><span class=\"wp-block-post-terms__separator\"> <\/span><a href=\"https:\/\/digioppevara.edu.ee\/kvaliteet\/tag\/soovitused\/\" rel=\"tag\">soovitused<\/a><\/div>\n\n\n<p><\/p>\n","protected":false},"excerpt":{"rendered":"<p>Alusta e-\u00f5pikute kasutamisega j\u00e4rk-j\u00e4rgult Alusta \u00fche v\u00f5i kahe e-\u00f5pikuga ja laienda oma kasutamist j\u00e4rk-j\u00e4rgult, et uue vormiga harjuda. Kasuta e-\u00f5pikute interaktiivseid elemente&#8230; &#8230;., mis aitavad \u00f5ppijatel \u00f5ppematerjaliga suhestuda. N\u00e4iteks sisaldavad e-\u00f5pikud sageli videoid, helifaile, animatsioone ja m\u00e4nge. Isikup\u00e4rasta \u00f5pikogemust Anna \u00f5ppijatele v\u00f5imalus kohandada oma \u00f5piteekonda vastavalt nende \u00f5ppevajadustele ja -eelistustele. N\u00e4iteks J\u00e4lgi ja toeta \u00f5piprotsessi [&hellip;]<\/p>\n","protected":false},"author":1,"featured_media":0,"parent":461,"menu_order":0,"comment_status":"open","ping_status":"closed","template":"","meta":{"footnotes":""},"categories":[],"tags":[51,100,76,9,64],"class_list":["post-744","page","type-page","status-publish","hentry","tag-e-opik","tag-energiatohusus","tag-juhendid","tag-naited","tag-soovitused"],"_links":{"self":[{"href":"https:\/\/digioppevara.edu.ee\/kvaliteet\/wp-json\/wp\/v2\/pages\/744","targetHints":{"allow":["GET"]}}],"collection":[{"href":"https:\/\/digioppevara.edu.ee\/kvaliteet\/wp-json\/wp\/v2\/pages"}],"about":[{"href":"https:\/\/digioppevara.edu.ee\/kvaliteet\/wp-json\/wp\/v2\/types\/page"}],"author":[{"embeddable":true,"href":"https:\/\/digioppevara.edu.ee\/kvaliteet\/wp-json\/wp\/v2\/users\/1"}],"replies":[{"embeddable":true,"href":"https:\/\/digioppevara.edu.ee\/kvaliteet\/wp-json\/wp\/v2\/comments?post=744"}],"version-history":[{"count":57,"href":"https:\/\/digioppevara.edu.ee\/kvaliteet\/wp-json\/wp\/v2\/pages\/744\/revisions"}],"predecessor-version":[{"id":1431,"href":"https:\/\/digioppevara.edu.ee\/kvaliteet\/wp-json\/wp\/v2\/pages\/744\/revisions\/1431"}],"up":[{"embeddable":true,"href":"https:\/\/digioppevara.edu.ee\/kvaliteet\/wp-json\/wp\/v2\/pages\/461"}],"wp:attachment":[{"href":"https:\/\/digioppevara.edu.ee\/kvaliteet\/wp-json\/wp\/v2\/media?parent=744"}],"wp:term":[{"taxonomy":"category","embeddable":true,"href":"https:\/\/digioppevara.edu.ee\/kvaliteet\/wp-json\/wp\/v2\/categories?post=744"},{"taxonomy":"post_tag","embeddable":true,"href":"https:\/\/digioppevara.edu.ee\/kvaliteet\/wp-json\/wp\/v2\/tags?post=744"}],"curies":[{"name":"wp","href":"https:\/\/api.w.org\/{rel}","templated":true}]}}