{"id":737,"date":"2023-12-14T03:12:27","date_gmt":"2023-12-14T01:12:27","guid":{"rendered":"https:\/\/digimaterjalid.cs.ut.ee\/?page_id=737"},"modified":"2026-03-06T16:14:28","modified_gmt":"2026-03-06T14:14:28","slug":"soovitusi-esitluste-loomiseks-ja-kasutamiseks","status":"publish","type":"page","link":"https:\/\/digioppevara.edu.ee\/kvaliteet\/soovitused-valik\/soovitusi-esitluste-loomiseks-ja-kasutamiseks\/","title":{"rendered":"Soovitusi esitluste loomiseks ja kasutamiseks"},"content":{"rendered":"\n<blockquote class=\"wp-block-quote is-layout-flow wp-block-quote-is-layout-flow\" style=\"margin-top:var(--wp--preset--spacing--30);margin-bottom:var(--wp--preset--spacing--30);padding-top:var(--wp--preset--spacing--20);padding-bottom:var(--wp--preset--spacing--20)\">\n<p style=\"font-size:clamp(0.875rem, 0.875rem + ((1vw - 0.2rem) * 0.625), 1.25rem);\">Esitlused on viis uue teabe esitlemiseks, keerukate kontseptsioonide selgitamiseks ja \u00f5ppijate kaasamiseks. Esitlusi saab kasutada ka iseseisva \u00f5ppe toetamiseks<\/p>\n<\/blockquote>\n\n\n\n<div class=\"wp-block-columns alignwide is-layout-flex wp-container-core-columns-is-layout-5d811070 wp-block-columns-is-layout-flex\" style=\"margin-top:var(--wp--preset--spacing--40);margin-bottom:var(--wp--preset--spacing--40);padding-top:var(--wp--preset--spacing--30);padding-bottom:0\">\n<div class=\"wp-block-column is-layout-flow wp-container-core-column-is-layout-e3d1c41b wp-block-column-is-layout-flow\">\n<h4 class=\"wp-block-heading has-contrast-2-color has-text-color has-link-color wp-elements-043ff0fa64f047d8d93368f9a9a28329\">M\u00f5tle l\u00e4bi oma \u00f5pieesm\u00e4rgid <\/h4>\n\n\n\n<p class=\"has-text-align-left\">Mida soovid oma esitlusega saavutada? Kas soovite esitleda uut teavet? Selgitada keerulisi kontseptsioone? V\u00f5i kaasata \u00f5pilasi?<\/p>\n<\/div>\n\n\n\n<div class=\"wp-block-column is-layout-flow wp-container-core-column-is-layout-e3d1c41b wp-block-column-is-layout-flow\">\n<h4 class=\"wp-block-heading has-contrast-2-color has-text-color has-link-color wp-elements-32a6e6c9e2c80d8906fc8eb825e54e94\">Kaalu erinevaid esitlusvorme<\/h4>\n\n\n\n<p>Esitlusi on palju erinevaid vorme, n\u00e4iteks slaidiesitlus, videoesitlus, interaktiivsed esitlused jne. Vali vorm, mis sobib \u00f5pieesm\u00e4rkide ja \u00f5ppijate vanuser\u00fchmaga, arvestades \u00f5ppijate vajadusi ja huvisid.<\/p>\n<\/div>\n\n\n\n<div class=\"wp-block-column is-layout-flow wp-container-core-column-is-layout-e3d1c41b wp-block-column-is-layout-flow\">\n<h4 class=\"wp-block-heading has-contrast-2-color has-text-color has-link-color wp-elements-bd5829133423eee75e79f33f7ed168aa\">Planeeri esitlus hoolikalt<\/h4>\n\n\n\n<p class=\"has-text-align-left\">M\u00f5tle l\u00e4bi oma esitluse struktuur ja sisu. Milliseid teemasid soovite k\u00e4sitleda? Millised on teie v\u00f5tmes\u00f5nad?<\/p>\n<\/div>\n<\/div>\n\n\n\n<div class=\"wp-block-columns alignwide is-layout-flex wp-container-core-columns-is-layout-04679d57 wp-block-columns-is-layout-flex\" style=\"padding-top:var(--wp--preset--spacing--10);padding-bottom:var(--wp--preset--spacing--50)\">\n<div class=\"wp-block-column is-layout-flow wp-container-core-column-is-layout-e3d1c41b wp-block-column-is-layout-flow\">\n<h4 class=\"wp-block-heading has-contrast-2-color has-text-color has-link-color wp-elements-8bfe3fd440e1f5953646388f043ca34d\">Tee esitlus selgeks ja arusaadavaks<\/h4>\n\n\n\n<p class=\"has-text-align-left\">Kasuta lihtsat keelt ja selgeid pilte v\u00f5i diagramme.<\/p>\n<\/div>\n\n\n\n<div class=\"wp-block-column is-layout-flow wp-container-core-column-is-layout-e3d1c41b wp-block-column-is-layout-flow\">\n<h4 class=\"wp-block-heading has-contrast-2-color has-text-color has-link-color wp-elements-c2f51136ca1a4c729312a8c164bb3143\">Kasuta visuaalseid elemente<\/h4>\n\n\n\n<p>Visuaalsed elemendid, nagu pildid, diagrammid ja tabelid, v\u00f5ivad muuta teie esitluse huvitavamaks ja kaasahaaravamaks.<\/p>\n<\/div>\n\n\n\n<div class=\"wp-block-column is-layout-flow wp-container-core-column-is-layout-e3d1c41b wp-block-column-is-layout-flow\">\n<h4 class=\"wp-block-heading has-contrast-2-color has-text-color has-link-color wp-elements-d4ac70a743b52636923ac5944a037cb3\">Kasuta kvaliteetseid ressursse<\/h4>\n\n\n\n<p class=\"has-text-align-left\">Kui oled leidnud esitluse, mida soovid kasutada, veendu, et see on kvaliteetne ja vastab teie \u00f5pieesm\u00e4rkidele ja \u00f5ppijatele v\u00f5i kohanda see v\u00f5imalusel vastavalt.<\/p>\n<\/div>\n<\/div>\n\n\n\n<div class=\"wp-block-group alignfull has-base-2-background-color has-background has-global-padding is-layout-constrained wp-container-core-group-is-layout-669513ed wp-block-group-is-layout-constrained\" style=\"margin-top:0;margin-bottom:0;padding-top:var(--wp--preset--spacing--50);padding-right:var(--wp--preset--spacing--50);padding-bottom:var(--wp--preset--spacing--50);padding-left:var(--wp--preset--spacing--50)\">\n<h3 class=\"wp-block-heading has-text-align-center has-large-font-size\" style=\"margin-bottom:var(--wp--preset--spacing--30);font-style:normal;font-weight:400\">Kasulikke vahendeid esitluste loomiseks<\/h3>\n\n\n\n<ul class=\"wp-block-list is-style-checkmark-list\">\n<li style=\"margin-top:var(--wp--preset--spacing--10);margin-bottom:var(--wp--preset--spacing--10)\"><a href=\"https:\/\/www.microsoft.com\/en-us\/microsoft-365\/powerpoint\" target=\"_blank\" rel=\"noreferrer noopener\">PowerPoint<\/a> on populaarne ja tasuline esitlusprogramm, mida saab kasutada slaidiesitluste loomiseks.<\/li>\n\n\n\n<li style=\"margin-top:var(--wp--preset--spacing--10);margin-right:0;margin-bottom:var(--wp--preset--spacing--10);margin-left:0\"><a href=\"https:\/\/docs.google.com\/presentation\/create\" target=\"_blank\" rel=\"noreferrer noopener\">Google Slides<\/a> on tasuta veebip\u00f5hine t\u00f6\u00f6riist, mida saab kasutada slaidiesitluste loomiseks.<\/li>\n\n\n\n<li style=\"margin-top:var(--wp--preset--spacing--10);margin-bottom:var(--wp--preset--spacing--10)\"><a href=\"https:\/\/prezi.com\/\" target=\"_blank\" rel=\"noreferrer noopener\">Prezi<\/a> on interaktiivsete esitluste loomiseks m\u00f5eldud t\u00f6\u00f6riist.<\/li>\n\n\n\n<li style=\"margin-bottom:0\"><a href=\"https:\/\/www.canva.com\/et_ee\/\" target=\"_blank\" rel=\"noreferrer noopener\">Canva<\/a> ja <a href=\"https:\/\/www.emaze.com\/\" target=\"_blank\" rel=\"noreferrer noopener\">Emaze<\/a> on veebip\u00f5hised t\u00f6\u00f6riistad, mida saab kasutada erinevate esitlusvorme, n\u00e4iteks slaidiesitluste, videoesitluste ja interaktiivsete esitluste loomiseks.<\/li>\n<\/ul>\n<\/div>\n\n\n\n<div class=\"wp-block-group has-global-padding is-layout-constrained wp-container-core-group-is-layout-c19476fc wp-block-group-is-layout-constrained\">\n<h3 class=\"wp-block-heading has-text-align-center has-contrast-color has-base-background-color has-text-color has-background has-link-color has-large-font-size wp-elements-1c03016af819496225a3c6acc2eeff88\" style=\"margin-top:var(--wp--preset--spacing--40);margin-bottom:0;font-style:normal;font-weight:400\">N\u00e4iteid esitlustest<\/h3>\n\n\n\n<blockquote class=\"wp-block-quote is-style-default has-contrast-color has-custom-oran-background-color has-text-color has-background has-link-color wp-elements-aeb623b5dd0b8f166fefc730ccebde06 is-layout-flow wp-container-core-quote-is-layout-c85694b0 wp-block-quote-is-layout-flow\" style=\"margin-top:var(--wp--preset--spacing--10);margin-right:var(--wp--preset--spacing--60);margin-bottom:var(--wp--preset--spacing--10);margin-left:var(--wp--preset--spacing--60);padding-top:var(--wp--preset--spacing--20);padding-bottom:var(--wp--preset--spacing--20)\">\n<p style=\"font-size:clamp(0.875rem, 0.875rem + ((1vw - 0.2rem) * 0.625), 1.25rem);\">Esitlus matemaatiliste m\u00f5istete \u00f5ppimiseks<\/p>\n<\/blockquote>\n\n\n\n<blockquote class=\"wp-block-quote is-style-default has-contrast-color has-custom-oran-background-color has-text-color has-background has-link-color wp-elements-ac04ba7658d3ac393b30b1fc129c48a7 is-layout-flow wp-block-quote-is-layout-flow\" style=\"margin-top:var(--wp--preset--spacing--10);margin-right:var(--wp--preset--spacing--60);margin-bottom:var(--wp--preset--spacing--10);margin-left:var(--wp--preset--spacing--60);padding-top:var(--wp--preset--spacing--20);padding-bottom:var(--wp--preset--spacing--20)\">\n<p style=\"font-size:clamp(0.875rem, 0.875rem + ((1vw - 0.2rem) * 0.625), 1.25rem);\">Esitlus teaduslike faktide ja teooriate \u00f5ppimiseks<\/p>\n<\/blockquote>\n\n\n\n<blockquote class=\"wp-block-quote is-style-default has-contrast-color has-custom-oran-background-color has-text-color has-background has-link-color wp-elements-73fd5a431fad13a12c6767b991ac6bae is-layout-flow wp-block-quote-is-layout-flow\" style=\"margin-top:var(--wp--preset--spacing--10);margin-right:var(--wp--preset--spacing--60);margin-bottom:var(--wp--preset--spacing--10);margin-left:var(--wp--preset--spacing--60);padding-top:var(--wp--preset--spacing--20);padding-bottom:var(--wp--preset--spacing--20)\">\n<p style=\"font-size:clamp(0.875rem, 0.875rem + ((1vw - 0.2rem) * 0.625), 1.25rem);\">Geograafiaesitlus erinevate riikide ja kultuuride tundma \u00f5ppimiseks<\/p>\n<\/blockquote>\n<\/div>\n\n\n<div style=\"padding-top:var(--wp--preset--spacing--10);margin-top:var(--wp--preset--spacing--40);margin-bottom:var(--wp--preset--spacing--40)\" class=\"taxonomy-post_tag is-style-pill wp-block-post-terms\"><a href=\"https:\/\/digioppevara.edu.ee\/kvaliteet\/tag\/esitlused\/\" rel=\"tag\">esitlused<\/a><span class=\"wp-block-post-terms__separator\"> <\/span><a href=\"https:\/\/digioppevara.edu.ee\/kvaliteet\/tag\/juhendid\/\" rel=\"tag\">juhendid<\/a><span class=\"wp-block-post-terms__separator\"> <\/span><a href=\"https:\/\/digioppevara.edu.ee\/kvaliteet\/tag\/naited\/\" rel=\"tag\">n\u00e4ited<\/a><span class=\"wp-block-post-terms__separator\"> <\/span><a href=\"https:\/\/digioppevara.edu.ee\/kvaliteet\/tag\/soovitused\/\" rel=\"tag\">soovitused<\/a><\/div>\n\n<div class=\"has-avatars has-dates has-excerpts no-comments wp-block-latest-comments\">Kommentaare ei ole.<\/div>\n\n\t<div id=\"respond\" style=\"padding-bottom:var(--wp--preset--spacing--40);\" class=\"comment-respond wp-block-post-comments-form\">\n\t\t<h3 id=\"reply-title\" class=\"comment-reply-title\">Lisa kommentaar <small><a rel=\"nofollow\" id=\"cancel-comment-reply-link\" href=\"\/kvaliteet\/wp-json\/wp\/v2\/pages\/737#respond\" style=\"display:none;\">T\u00fchista vastus<\/a><\/small><\/h3><form action=\"https:\/\/digioppevara.edu.ee\/kvaliteet\/wp-comments-post.php\" method=\"post\" id=\"commentform\" class=\"comment-form\"><p class=\"comment_notes\">Sinu e-postiaadressi ei avaldata.<\/p><p class=\"comment-form-comment\"><label for=\"comment\">Kommenteeri <span class=\"required\">*<\/span><\/label> <textarea id=\"comment\" name=\"comment\" cols=\"45\" rows=\"8\" maxlength=\"65525\" required><\/textarea><\/p><p class=\"comment-form-author\"><label for=\"author\">Nimi <span class=\"required\">*<\/span><\/label> <input id=\"author\" name=\"author\" type=\"text\" value=\"\" size=\"30\" maxlength=\"245\" autocomplete=\"name\" required \/><\/p>\n<p class=\"comment-form-email\"><label for=\"email\">E-post <span class=\"required\">*<\/span><\/label> <input id=\"email\" name=\"email\" type=\"email\" value=\"\" size=\"30\" maxlength=\"100\" autocomplete=\"email\" required \/><\/p>\n<p class=\"comment-form-cookies-consent\"><input id=\"wp-comment-cookies-consent\" name=\"wp-comment-cookies-consent\" type=\"checkbox\" value=\"yes\" \/> <label for=\"wp-comment-cookies-consent\">Salvesta minu nimi, e-posti- ja veebiaadress sellesse veebilehitsejasse j\u00e4rgmiste kommentaaride jaoks.<\/label><\/p>\n<p class=\"form-submit wp-block-button\"><input name=\"submit\" type=\"submit\" id=\"submit\" class=\"wp-block-button__link wp-element-button\" value=\"Saada kommentaar\" \/> <input type='hidden' name='comment_post_ID' value='737' id='comment_post_ID' \/>\n<input type='hidden' name='comment_parent' id='comment_parent' value='0' \/>\n<\/p><p style=\"display: none !important;\" class=\"akismet-fields-container\" data-prefix=\"ak_\"><label>&#916;<textarea name=\"ak_hp_textarea\" cols=\"45\" rows=\"8\" maxlength=\"100\"><\/textarea><\/label><input type=\"hidden\" id=\"ak_js_1\" name=\"ak_js\" value=\"216\"\/><script>document.getElementById( \"ak_js_1\" ).setAttribute( \"value\", ( new Date() ).getTime() );<\/script><\/p><\/form>\t<\/div><!-- #respond -->\n\t","protected":false},"excerpt":{"rendered":"<p>Esitlused on viis uue teabe esitlemiseks, keerukate kontseptsioonide selgitamiseks ja \u00f5ppijate kaasamiseks. Esitlusi saab kasutada ka iseseisva \u00f5ppe toetamiseks M\u00f5tle l\u00e4bi oma \u00f5pieesm\u00e4rgid Mida soovid oma esitlusega saavutada? Kas soovite esitleda uut teavet? Selgitada keerulisi kontseptsioone? V\u00f5i kaasata \u00f5pilasi? Kaalu erinevaid esitlusvorme Esitlusi on palju erinevaid vorme, n\u00e4iteks slaidiesitlus, videoesitlus, interaktiivsed esitlused jne. Vali vorm, [&hellip;]<\/p>\n","protected":false},"author":1,"featured_media":0,"parent":461,"menu_order":0,"comment_status":"open","ping_status":"closed","template":"","meta":{"footnotes":""},"categories":[],"tags":[38,76,9,64],"class_list":["post-737","page","type-page","status-publish","hentry","tag-esitlused","tag-juhendid","tag-naited","tag-soovitused"],"_links":{"self":[{"href":"https:\/\/digioppevara.edu.ee\/kvaliteet\/wp-json\/wp\/v2\/pages\/737","targetHints":{"allow":["GET"]}}],"collection":[{"href":"https:\/\/digioppevara.edu.ee\/kvaliteet\/wp-json\/wp\/v2\/pages"}],"about":[{"href":"https:\/\/digioppevara.edu.ee\/kvaliteet\/wp-json\/wp\/v2\/types\/page"}],"author":[{"embeddable":true,"href":"https:\/\/digioppevara.edu.ee\/kvaliteet\/wp-json\/wp\/v2\/users\/1"}],"replies":[{"embeddable":true,"href":"https:\/\/digioppevara.edu.ee\/kvaliteet\/wp-json\/wp\/v2\/comments?post=737"}],"version-history":[{"count":55,"href":"https:\/\/digioppevara.edu.ee\/kvaliteet\/wp-json\/wp\/v2\/pages\/737\/revisions"}],"predecessor-version":[{"id":1532,"href":"https:\/\/digioppevara.edu.ee\/kvaliteet\/wp-json\/wp\/v2\/pages\/737\/revisions\/1532"}],"up":[{"embeddable":true,"href":"https:\/\/digioppevara.edu.ee\/kvaliteet\/wp-json\/wp\/v2\/pages\/461"}],"wp:attachment":[{"href":"https:\/\/digioppevara.edu.ee\/kvaliteet\/wp-json\/wp\/v2\/media?parent=737"}],"wp:term":[{"taxonomy":"category","embeddable":true,"href":"https:\/\/digioppevara.edu.ee\/kvaliteet\/wp-json\/wp\/v2\/categories?post=737"},{"taxonomy":"post_tag","embeddable":true,"href":"https:\/\/digioppevara.edu.ee\/kvaliteet\/wp-json\/wp\/v2\/tags?post=737"}],"curies":[{"name":"wp","href":"https:\/\/api.w.org\/{rel}","templated":true}]}}