{"id":726,"date":"2023-12-14T02:24:50","date_gmt":"2023-12-14T00:24:50","guid":{"rendered":"https:\/\/digimaterjalid.cs.ut.ee\/?page_id=726"},"modified":"2026-03-04T12:16:59","modified_gmt":"2026-03-04T10:16:59","slug":"soovitusi-oppevideote-kasutamiseks","status":"publish","type":"page","link":"https:\/\/digioppevara.edu.ee\/kvaliteet\/soovitused-valik\/soovitusi-oppevideote-kasutamiseks\/","title":{"rendered":"Soovitusi \u00f5ppevideote kasutamiseks"},"content":{"rendered":"\n<blockquote class=\"wp-block-quote is-layout-flow wp-block-quote-is-layout-flow\">\n<p style=\"font-size:clamp(0.875rem, 0.875rem + ((1vw - 0.2rem) * 0.625), 1.25rem);\">\u00d5ppevideod on viis \u00f5ppematerjalide esitlemiseks ning \u00f5ppijatele \u00f5ppimiseks vajaliku teabe ja juhiste andmiseks.<\/p>\n\n\n\n<p style=\"margin-bottom:var(--wp--preset--spacing--10);font-size:clamp(0.875rem, 0.875rem + ((1vw - 0.2rem) * 0.625), 1.25rem);\">\u00d5ppevideosid saab kasutada n\u00e4iteks:<\/p>\n\n\n\n<ul class=\"wp-block-list is-style-checkmark-list\">\n<li style=\"margin-bottom:var(--wp--preset--spacing--10);font-size:clamp(0.875rem, 0.875rem + ((1vw - 0.2rem) * 0.625), 1.25rem);\">Uue teema tutvustamiseks<\/li>\n\n\n\n<li style=\"margin-bottom:var(--wp--preset--spacing--10);font-size:clamp(0.875rem, 0.875rem + ((1vw - 0.2rem) * 0.625), 1.25rem);\">Harjutuste v\u00f5i \u00fclesannete juhendamiseks<\/li>\n\n\n\n<li style=\"font-size:clamp(0.875rem, 0.875rem + ((1vw - 0.2rem) * 0.625), 1.25rem);\">Iseseisva \u00f5ppe toetamiseks<\/li>\n<\/ul>\n<\/blockquote>\n\n\n\n<div style=\"height:50px\" aria-hidden=\"true\" class=\"wp-block-spacer\"><\/div>\n\n\n\n<div class=\"wp-block-columns alignwide is-layout-flex wp-container-core-columns-is-layout-d0bbbce0 wp-block-columns-is-layout-flex\">\n<div class=\"wp-block-column is-layout-flow wp-container-core-column-is-layout-e3d1c41b wp-block-column-is-layout-flow\">\n<h4 class=\"wp-block-heading has-contrast-2-color has-text-color has-link-color wp-elements-f8f4c12e82b18456477893e079463ebc\">Hoia \u00f5ppevideod l\u00fchikesed&#8230; <\/h4>\n\n\n\n<p class=\"has-text-align-left\">&#8230;ja informatiivsed ning kasuta nendes selget ja arusaadavat keelt.<\/p>\n\n\n\n<div style=\"height:15px\" aria-hidden=\"true\" class=\"wp-block-spacer\"><\/div>\n<\/div>\n\n\n\n<div class=\"wp-block-column is-layout-flow wp-container-core-column-is-layout-e3d1c41b wp-block-column-is-layout-flow\">\n<h4 class=\"wp-block-heading has-contrast-2-color has-text-color has-link-color wp-elements-a5c67e4c919af69fbdbdbd33ecca1800\">Tee \u00f5ppevideo kaasahaaravamaks<\/h4>\n\n\n\n<p>Kasuta visuaalseid elemente, n\u00e4iteks fotosid, illustratsioone v\u00f5i animatsioone.<\/p>\n\n\n\n<div style=\"height:20px\" aria-hidden=\"true\" class=\"wp-block-spacer\"><\/div>\n<\/div>\n\n\n\n<div class=\"wp-block-column is-layout-flow wp-container-core-column-is-layout-e3d1c41b wp-block-column-is-layout-flow\">\n<h4 class=\"wp-block-heading has-contrast-2-color has-text-color has-link-color wp-elements-d4ac70a743b52636923ac5944a037cb3\">Kasuta kvaliteetseid ressursse<\/h4>\n\n\n\n<p class=\"has-text-align-left\">Kui oled leidnud \u00f5ppevideo, mida soovid kasutada, veendu, et see on kvaliteetne ja vastab Sinu \u00f5pieesm\u00e4rkidele ja \u00f5ppijatele. Vajadusel ja v\u00f5imalusel kohanda seda  vastavalt.<\/p>\n\n\n\n<div style=\"height:15px\" aria-hidden=\"true\" class=\"wp-block-spacer\"><\/div>\n<\/div>\n<\/div>\n\n\n\n<div style=\"height:15px\" aria-hidden=\"true\" class=\"wp-block-spacer\"><\/div>\n\n\n\n<div class=\"wp-block-group alignfull has-base-2-background-color has-background has-global-padding is-layout-constrained wp-container-core-group-is-layout-669513ed wp-block-group-is-layout-constrained\" style=\"margin-top:0;margin-bottom:0;padding-top:var(--wp--preset--spacing--50);padding-right:var(--wp--preset--spacing--50);padding-bottom:var(--wp--preset--spacing--50);padding-left:var(--wp--preset--spacing--50)\">\n<h3 class=\"wp-block-heading has-text-align-center has-large-font-size\" style=\"margin-bottom:var(--wp--preset--spacing--30);font-style:normal;font-weight:400\">Kasulikke vahendeid \u00f5ppevideote kasutamiseks ja loomiseks<\/h3>\n\n\n\n<ul class=\"wp-block-list is-style-checkmark-list\">\n<li style=\"margin-bottom:var(--wp--preset--spacing--10)\"><a href=\"https:\/\/www.khanacademy.org\/\" target=\"_blank\" rel=\"noreferrer noopener\">Khan Academy<\/a>, <a href=\"https:\/\/www.coursera.org\/\" target=\"_blank\" rel=\"noreferrer noopener\">Coursera<\/a> ja <a href=\"https:\/\/www.youtube.com\/\" target=\"_blank\" rel=\"noreferrer noopener\">YouTube<\/a> pakuvad \u00f5ppevideoid paljude erinevate teemade kohta.<\/li>\n\n\n\n<li><a href=\"https:\/\/www.techsmith.com\/video-editor.html\" target=\"_blank\" rel=\"noreferrer noopener\">Camtasia<\/a> on professionaalne videot\u00f6\u00f6tlusprogramm.<\/li>\n<\/ul>\n<\/div>\n\n\n\n<div class=\"wp-block-group has-global-padding is-layout-constrained wp-block-group-is-layout-constrained\">\n<h3 class=\"wp-block-heading has-text-align-center has-contrast-color has-text-color has-link-color has-large-font-size wp-elements-331c7615a085283d15f757077b0d2a79\" style=\"margin-top:var(--wp--preset--spacing--50);margin-bottom:var(--wp--preset--spacing--40);font-style:normal;font-weight:400\">N\u00e4iteid \u00f5ppevideotest<\/h3>\n\n\n\n<blockquote class=\"wp-block-quote is-style-default has-contrast-color has-custom-oran-background-color has-text-color has-background has-link-color wp-elements-dd5e340888c0b6fb2920a5dbcd90aef3 is-layout-flow wp-block-quote-is-layout-flow\" style=\"margin-top:var(--wp--preset--spacing--30);margin-bottom:var(--wp--preset--spacing--30);padding-top:var(--wp--preset--spacing--30);padding-bottom:var(--wp--preset--spacing--30)\">\n<p style=\"margin-bottom:0;font-size:clamp(0.901rem, 0.901rem + ((1vw - 0.2rem) * 0.748), 1.35rem);\">Loodusteaduse \u00f5ppevideod keerukate kontseptsioonide selgitamiseks:<\/p>\n\n\n\n<figure class=\"wp-block-embed is-type-video is-provider-youtube wp-block-embed-youtube wp-embed-aspect-16-9 wp-has-aspect-ratio\" style=\"margin-top:var(--wp--preset--spacing--10);margin-right:0;margin-bottom:var(--wp--preset--spacing--10);margin-left:0\"><div class=\"wp-block-embed__wrapper\">\n<iframe loading=\"lazy\" title=\"Elu tunnused | VIDEO\u00d5PS Bioloogia #1\" width=\"500\" height=\"281\" src=\"https:\/\/www.youtube.com\/embed\/ArGRIAqHodc?feature=oembed\" frameborder=\"0\" allow=\"accelerometer; autoplay; clipboard-write; encrypted-media; gyroscope; picture-in-picture; web-share\" referrerpolicy=\"strict-origin-when-cross-origin\" allowfullscreen><\/iframe>\n<\/div><\/figure>\n\n\n\n<p class=\"has-text-align-center has-contrast-color has-text-color has-link-color wp-elements-daa305e8886bdfdb7d568b7168e17558\" style=\"margin-top:0;margin-bottom:var(--wp--preset--spacing--30);font-size:clamp(0.875rem, 0.875rem + ((1vw - 0.2rem) * 0.458), 1.15rem);\">Elu tunnused<\/p>\n\n\n\n<figure class=\"wp-block-embed is-type-video is-provider-youtube wp-block-embed-youtube wp-embed-aspect-16-9 wp-has-aspect-ratio\" style=\"margin-top:var(--wp--preset--spacing--10);margin-bottom:var(--wp--preset--spacing--10)\"><div class=\"wp-block-embed__wrapper\">\n<iframe loading=\"lazy\" title=\"Kliimamuutused | VIDEO\u00d5PS x PERG Maailmaharidus #3\" width=\"500\" height=\"281\" src=\"https:\/\/www.youtube.com\/embed\/ueBNfkAkiXU?feature=oembed\" frameborder=\"0\" allow=\"accelerometer; autoplay; clipboard-write; encrypted-media; gyroscope; picture-in-picture; web-share\" referrerpolicy=\"strict-origin-when-cross-origin\" allowfullscreen><\/iframe>\n<\/div><\/figure>\n\n\n\n<p class=\"has-text-align-center\" style=\"margin-top:0;margin-bottom:0;font-size:clamp(0.875rem, 0.875rem + ((1vw - 0.2rem) * 0.458), 1.15rem);\">Kliimamuutused<\/p>\n<\/blockquote>\n\n\n\n<blockquote class=\"wp-block-quote is-style-default has-contrast-color has-custom-oran-background-color has-text-color has-background has-link-color wp-elements-b8592765b6df8a29e7abcef0c5db8dc6 is-layout-flow wp-block-quote-is-layout-flow\" style=\"margin-top:var(--wp--preset--spacing--40);margin-bottom:var(--wp--preset--spacing--40);padding-top:var(--wp--preset--spacing--30);padding-bottom:var(--wp--preset--spacing--30)\">\n<p style=\"margin-bottom:0;font-size:clamp(0.901rem, 0.901rem + ((1vw - 0.2rem) * 0.748), 1.35rem);\">\u00d5ppevideod matemaatika\u00fclesannete lahendamise harjutamiseks:<\/p>\n\n\n\n<figure class=\"wp-block-embed is-type-video is-provider-youtube wp-block-embed-youtube wp-embed-aspect-16-9 wp-has-aspect-ratio\" style=\"margin-top:var(--wp--preset--spacing--10);margin-right:0;margin-bottom:var(--wp--preset--spacing--10);margin-left:0\"><div class=\"wp-block-embed__wrapper\">\n<iframe loading=\"lazy\" title=\"Tehted harilike- ja k\u00fcmnendmurdudega I osa\" width=\"500\" height=\"281\" src=\"https:\/\/www.youtube.com\/embed\/IdFQ07SHnEI?feature=oembed\" frameborder=\"0\" allow=\"accelerometer; autoplay; clipboard-write; encrypted-media; gyroscope; picture-in-picture; web-share\" referrerpolicy=\"strict-origin-when-cross-origin\" allowfullscreen><\/iframe>\n<\/div><\/figure>\n\n\n\n<p class=\"has-text-align-center\" style=\"margin-top:0;margin-bottom:var(--wp--preset--spacing--30);font-size:clamp(0.875rem, 0.875rem + ((1vw - 0.2rem) * 0.458), 1.15rem);\">Tehted harilike- ja k\u00fcmnendmurdudega<\/p>\n\n\n\n<figure class=\"wp-block-embed is-type-video is-provider-youtube wp-block-embed-youtube wp-embed-aspect-16-9 wp-has-aspect-ratio\" style=\"margin-top:var(--wp--preset--spacing--10);margin-bottom:var(--wp--preset--spacing--10)\"><div class=\"wp-block-embed__wrapper\">\n<iframe loading=\"lazy\" title=\"Terve leidmine osa j\u00e4rgi\" width=\"500\" height=\"281\" src=\"https:\/\/www.youtube.com\/embed\/Dcp3WwNLOFs?feature=oembed\" frameborder=\"0\" allow=\"accelerometer; autoplay; clipboard-write; encrypted-media; gyroscope; picture-in-picture; web-share\" referrerpolicy=\"strict-origin-when-cross-origin\" allowfullscreen><\/iframe>\n<\/div><\/figure>\n\n\n\n<p class=\"has-text-align-center\" style=\"font-size:clamp(0.875rem, 0.875rem + ((1vw - 0.2rem) * 0.458), 1.15rem);\">Terve leidmine osa j\u00e4rgi<\/p>\n<\/blockquote>\n\n\n\n<blockquote class=\"wp-block-quote is-style-default has-contrast-color has-custom-oran-background-color has-text-color has-background has-link-color wp-elements-bbe29bf01ab7b3456d2f998ea00a403b is-layout-flow wp-container-core-quote-is-layout-4c010828 wp-block-quote-is-layout-flow\" style=\"margin-top:var(--wp--preset--spacing--40);margin-right:var(--wp--preset--spacing--60);margin-bottom:var(--wp--preset--spacing--40);margin-left:var(--wp--preset--spacing--60);padding-top:var(--wp--preset--spacing--30);padding-right:var(--wp--preset--spacing--40);padding-bottom:var(--wp--preset--spacing--30);padding-left:var(--wp--preset--spacing--40)\">\n<p style=\"font-size:clamp(0.875rem, 0.875rem + ((1vw - 0.2rem) * 0.625), 1.25rem);\">Briti N\u00f5ukogu videod inglise keele \u00f5ppimiseks, koos interaktiivsete \u00fclesannetega: <\/p>\n\n\n\n<ul class=\"wp-block-list\">\n<li style=\"margin-bottom:var(--wp--preset--spacing--10);font-size:clamp(0.875rem, 0.875rem + ((1vw - 0.2rem) * 0.625), 1.25rem);\"><a href=\"https:\/\/learnenglishkids.britishcouncil.org\/listen-watch\/video-zone\" data-type=\"link\" data-id=\"https:\/\/learnenglishkids.britishcouncil.org\/listen-watch\/video-zone\" target=\"_blank\" rel=\"noreferrer noopener\">LearnEnglish Kids<\/a> 5\u201312-aastastele<\/li>\n\n\n\n<li style=\"margin-bottom:var(--wp--preset--spacing--10);font-size:clamp(0.875rem, 0.875rem + ((1vw - 0.2rem) * 0.625), 1.25rem);\"><a href=\"https:\/\/learnenglishteens.britishcouncil.org\/study-break\/video-zone\" data-type=\"link\" data-id=\"https:\/\/learnenglishteens.britishcouncil.org\/study-break\/video-zone\" target=\"_blank\" rel=\"noreferrer noopener\">LearnEnglish Teens<\/a> 13\u201317-aastastele<\/li>\n\n\n\n<li style=\"font-size:clamp(0.875rem, 0.875rem + ((1vw - 0.2rem) * 0.625), 1.25rem);\"><a href=\"https:\/\/learnenglish.britishcouncil.org\/general-english\/video-zone\" data-type=\"link\" data-id=\"https:\/\/learnenglish.britishcouncil.org\/general-english\/video-zone\" target=\"_blank\" rel=\"noreferrer noopener\">LearnEnglish<\/a> B2- ja C1-tasemele<\/li>\n<\/ul>\n<\/blockquote>\n<\/div>\n\n\n<div style=\"margin-top:var(--wp--preset--spacing--50);margin-bottom:var(--wp--preset--spacing--50)\" class=\"taxonomy-post_tag is-style-pill wp-block-post-terms\"><a href=\"https:\/\/digioppevara.edu.ee\/kvaliteet\/tag\/juhendid\/\" rel=\"tag\">juhendid<\/a><span class=\"wp-block-post-terms__separator\"> <\/span><a href=\"https:\/\/digioppevara.edu.ee\/kvaliteet\/tag\/naited\/\" rel=\"tag\">n\u00e4ited<\/a><span class=\"wp-block-post-terms__separator\"> <\/span><a href=\"https:\/\/digioppevara.edu.ee\/kvaliteet\/tag\/oppevideo\/\" rel=\"tag\">\u00f5ppevideo<\/a><span class=\"wp-block-post-terms__separator\"> <\/span><a href=\"https:\/\/digioppevara.edu.ee\/kvaliteet\/tag\/soovitused\/\" rel=\"tag\">soovitused<\/a><span class=\"wp-block-post-terms__separator\"> <\/span><a href=\"https:\/\/digioppevara.edu.ee\/kvaliteet\/tag\/video\/\" rel=\"tag\">video<\/a><\/div>\n\n\n<p><\/p>\n","protected":false},"excerpt":{"rendered":"<p>Hoia \u00f5ppevideod l\u00fchikesed&#8230; &#8230;ja informatiivsed ning kasuta nendes selget ja arusaadavat keelt. Tee \u00f5ppevideo kaasahaaravamaks Kasuta visuaalseid elemente, n\u00e4iteks fotosid, illustratsioone v\u00f5i animatsioone. Kasuta kvaliteetseid ressursse Kui oled leidnud \u00f5ppevideo, mida soovid kasutada, veendu, et see on kvaliteetne ja vastab Sinu \u00f5pieesm\u00e4rkidele ja \u00f5ppijatele. Vajadusel ja v\u00f5imalusel kohanda seda vastavalt. Kasulikke vahendeid \u00f5ppevideote kasutamiseks ja [&hellip;]<\/p>\n","protected":false},"author":1,"featured_media":0,"parent":461,"menu_order":0,"comment_status":"open","ping_status":"closed","template":"","meta":{"footnotes":""},"categories":[],"tags":[76,9,84,64,15],"class_list":["post-726","page","type-page","status-publish","hentry","tag-juhendid","tag-naited","tag-oppevideo","tag-soovitused","tag-video"],"_links":{"self":[{"href":"https:\/\/digioppevara.edu.ee\/kvaliteet\/wp-json\/wp\/v2\/pages\/726","targetHints":{"allow":["GET"]}}],"collection":[{"href":"https:\/\/digioppevara.edu.ee\/kvaliteet\/wp-json\/wp\/v2\/pages"}],"about":[{"href":"https:\/\/digioppevara.edu.ee\/kvaliteet\/wp-json\/wp\/v2\/types\/page"}],"author":[{"embeddable":true,"href":"https:\/\/digioppevara.edu.ee\/kvaliteet\/wp-json\/wp\/v2\/users\/1"}],"replies":[{"embeddable":true,"href":"https:\/\/digioppevara.edu.ee\/kvaliteet\/wp-json\/wp\/v2\/comments?post=726"}],"version-history":[{"count":33,"href":"https:\/\/digioppevara.edu.ee\/kvaliteet\/wp-json\/wp\/v2\/pages\/726\/revisions"}],"predecessor-version":[{"id":1438,"href":"https:\/\/digioppevara.edu.ee\/kvaliteet\/wp-json\/wp\/v2\/pages\/726\/revisions\/1438"}],"up":[{"embeddable":true,"href":"https:\/\/digioppevara.edu.ee\/kvaliteet\/wp-json\/wp\/v2\/pages\/461"}],"wp:attachment":[{"href":"https:\/\/digioppevara.edu.ee\/kvaliteet\/wp-json\/wp\/v2\/media?parent=726"}],"wp:term":[{"taxonomy":"category","embeddable":true,"href":"https:\/\/digioppevara.edu.ee\/kvaliteet\/wp-json\/wp\/v2\/categories?post=726"},{"taxonomy":"post_tag","embeddable":true,"href":"https:\/\/digioppevara.edu.ee\/kvaliteet\/wp-json\/wp\/v2\/tags?post=726"}],"curies":[{"name":"wp","href":"https:\/\/api.w.org\/{rel}","templated":true}]}}