{"id":716,"date":"2023-12-14T01:42:09","date_gmt":"2023-12-13T23:42:09","guid":{"rendered":"https:\/\/digimaterjalid.cs.ut.ee\/?page_id=716"},"modified":"2026-03-04T12:10:50","modified_gmt":"2026-03-04T10:10:50","slug":"soovitusi-tehisaru-kasutamiseks-oppetooks","status":"publish","type":"page","link":"https:\/\/digioppevara.edu.ee\/kvaliteet\/soovitused-valik\/soovitusi-tehisaru-kasutamiseks-oppetooks\/","title":{"rendered":"Soovitusi tehisaru kasutamiseks \u00f5ppet\u00f6\u00f6s"},"content":{"rendered":"\n<blockquote class=\"wp-block-quote is-layout-flow wp-container-core-quote-is-layout-d64da96d wp-block-quote-is-layout-flow\" style=\"margin-top:var(--wp--preset--spacing--20);margin-bottom:var(--wp--preset--spacing--20);padding-bottom:0\">\n<p style=\"font-size:clamp(0.875rem, 0.875rem + ((1vw - 0.2rem) * 0.625), 1.25rem);\">Tehisaru v\u00f5ib pakkuda mitmeid eeliseid \u00f5ppet\u00f6\u00f6 ettevalmistamiseks ja l\u00e4biviimiseks. N\u00e4iteks v\u00f5ib tehisaru kasutada \u00f5ppet\u00f6\u00f6 planeerimiseks, -\u00fclesannete ja -materjalide koostamiseks. See v\u00f5ib aidata s\u00e4\u00e4sta aega, automatiseerida rutiinseid \u00fclesandeid ning pakkuda uusi v\u00f5imalusi \u00f5ppeprotsessi mitmekesistamiseks ja kaasahaaravamaks muutmiseks.<\/p>\n\n\n\n<p style=\"margin-top:var(--wp--preset--spacing--10);margin-bottom:0;font-size:clamp(0.875rem, 0.875rem + ((1vw - 0.2rem) * 0.625), 1.25rem);\">Tehisaru saab kasutada n\u00e4iteks:<\/p>\n\n\n\n<ul style=\"border-style:none;border-width:0px;margin-top:0;margin-bottom:0\" class=\"wp-block-list is-style-checkmark-list has-base-2-background-color has-background\">\n<li style=\"margin-top:0;margin-right:0;margin-bottom:var(--wp--preset--spacing--10);margin-left:0;font-size:clamp(0.875rem, 0.875rem + ((1vw - 0.2rem) * 0.625), 1.25rem);\">\u00d5ppimise j\u00e4lgimiseks ja tagasiside andmiseks<\/li>\n\n\n\n<li style=\"margin-top:0;margin-right:0;margin-bottom:var(--wp--preset--spacing--10);margin-left:0;font-size:clamp(0.875rem, 0.875rem + ((1vw - 0.2rem) * 0.625), 1.25rem);\">\u00d5ppematerjalide loomiseks ja kohandamiseks<\/li>\n\n\n\n<li style=\"margin-top:0;margin-right:0;margin-bottom:var(--wp--preset--spacing--10);margin-left:0;font-size:clamp(0.875rem, 0.875rem + ((1vw - 0.2rem) * 0.625), 1.25rem);\">Hindamise automatiseerimiseks<\/li>\n\n\n\n<li style=\"margin-top:0;margin-right:var(--wp--preset--spacing--10);margin-bottom:var(--wp--preset--spacing--10);margin-left:0;font-size:clamp(0.875rem, 0.875rem + ((1vw - 0.2rem) * 0.625), 1.25rem);\">\u00d5ppeprotsessi personaliseerimiseks<\/li>\n\n\n\n<li style=\"margin-top:0;margin-right:0;margin-bottom:0;margin-left:0;font-size:clamp(0.875rem, 0.875rem + ((1vw - 0.2rem) * 0.625), 1.25rem);\">Iseseisva \u00f5ppe toetamiseks<\/li>\n<\/ul>\n<\/blockquote>\n\n\n\n<div class=\"wp-block-columns alignwide is-layout-flex wp-container-core-columns-is-layout-62bf5416 wp-block-columns-is-layout-flex\" style=\"padding-top:var(--wp--preset--spacing--40)\">\n<div class=\"wp-block-column is-layout-flow wp-container-core-column-is-layout-e3d1c41b wp-block-column-is-layout-flow\">\n<h4 class=\"wp-block-heading has-contrast-2-color has-text-color has-link-color wp-elements-fd533b4fecd74de58a09c8fc3951d3f7\">M\u00f5tle l\u00e4bi oma \u00f5pieesm\u00e4rgid<\/h4>\n\n\n\n<p class=\"has-text-align-left\">Kas soovid toetada \u00f5pilaste \u00f5ppimist? Luua uusi \u00f5ppev\u00f5imalusi? V\u00f5i muuta \u00f5ppet\u00f6\u00f6 l\u00e4biviimist t\u00f5husamaks?<\/p>\n<\/div>\n\n\n\n<div class=\"wp-block-column is-layout-flow wp-container-core-column-is-layout-e3d1c41b wp-block-column-is-layout-flow\">\n<h4 class=\"wp-block-heading has-contrast-2-color has-text-color has-link-color wp-elements-a1b8640b46242f24d4a102ef9bfd737b\">Uuri erinevaid tehisaru vahendeid<\/h4>\n\n\n\n<p>Turul on saadaval palju erinevaid tehisaru vahendeid, mis sobivad erinevatele vajadustele. Proovi erinevaid vahendeid, et leida&nbsp; need, mis on k\u00f5ige paremini sobivad.<\/p>\n<\/div>\n\n\n\n<div class=\"wp-block-column is-layout-flow wp-container-core-column-is-layout-e3d1c41b wp-block-column-is-layout-flow\">\n<h4 class=\"wp-block-heading has-contrast-2-color has-text-color has-link-color wp-elements-5dfd1c68b54a5a36a55f69e81587e377\">Ole teadlik tehisaru piirangutest<\/h4>\n\n\n\n<p class=\"has-text-align-left\">Tehisaru ei ole t\u00e4iuslik. See v\u00f5ib teha vigu ja m\u00f5nikord annab valeinformatsiooni. Ole teadlik tehisaru piirangutest ja kasuta seda kriitiliselt.<\/p>\n<\/div>\n<\/div>\n\n\n\n<div class=\"wp-block-columns alignwide is-layout-flex wp-container-core-columns-is-layout-3e0fef09 wp-block-columns-is-layout-flex\" style=\"padding-top:var(--wp--preset--spacing--20);padding-bottom:var(--wp--preset--spacing--40)\">\n<div class=\"wp-block-column is-layout-flow wp-container-core-column-is-layout-e3d1c41b wp-block-column-is-layout-flow\">\n<h4 class=\"wp-block-heading has-contrast-2-color has-text-color has-link-color wp-elements-611faca9747e3daeddd617f70e87193d\">Kasuta tehisaru toel \u00f5pianal\u00fc\u00fctikat<\/h4>\n\n\n\n<p class=\"has-text-align-left\">N\u00e4iteks v\u00f5ib tehisaru kasutada \u00f5piprotsessi kohandamiseks \u00f5pilaste individuaalsetele vajadustele. Tehisaru toetab \u00f5pilaste \u00f5pitulemuste j\u00e4lgimist, nende huvide ja vajaduste v\u00e4ljaselgitamist v\u00f5i nende \u00f5piprotsessi kohta tagasiside andmist.<\/p>\n<\/div>\n\n\n\n<div class=\"wp-block-column is-layout-flow wp-container-core-column-is-layout-e3d1c41b wp-block-column-is-layout-flow\">\n<h4 class=\"wp-block-heading has-contrast-2-color has-text-color has-link-color wp-elements-a50841c91e89b9d549600da5bb2d9c0b\">Toeta isesesivat \u00f5pet<\/h4>\n\n\n\n<p class=\"has-text-align-left\">\u00d5ppijad saavad tehisaru abil n\u00e4iteks koguda ideid, mida kriitiliselt hinnata, saada tagasisidet enda koostatud tekstile v\u00f5i \u00f5ppida koostama k\u00e4sklusi (algoritme), mille abil soovitud tulemuseni j\u00f5uda.<\/p>\n<\/div>\n\n\n\n<div class=\"wp-block-column is-layout-flow wp-container-core-column-is-layout-e3d1c41b wp-block-column-is-layout-flow\">\n<h4 class=\"wp-block-heading has-contrast-2-color has-text-color has-link-color wp-elements-89cf1c50dd72c5d60f0a17e2ca34780e\"><\/h4>\n\n\n\n<p class=\"has-text-align-left\"><\/p>\n<\/div>\n<\/div>\n\n\n\n<div class=\"wp-block-group alignfull has-base-2-background-color has-background has-global-padding is-layout-constrained wp-container-core-group-is-layout-669513ed wp-block-group-is-layout-constrained\" style=\"margin-top:0;margin-bottom:0;padding-top:var(--wp--preset--spacing--50);padding-right:var(--wp--preset--spacing--50);padding-bottom:var(--wp--preset--spacing--50);padding-left:var(--wp--preset--spacing--50)\">\n<h3 class=\"wp-block-heading has-text-align-center has-large-font-size\" style=\"margin-bottom:var(--wp--preset--spacing--30);font-style:normal;font-weight:400\">Kasulikke tehisaru vahendeid<\/h3>\n\n\n\n<ul class=\"wp-block-list is-style-checkmark-list\">\n<li style=\"margin-bottom:var(--wp--preset--spacing--10)\"><a href=\"https:\/\/curipod.com\/\" target=\"_blank\" rel=\"noreferrer noopener\">Curipod<\/a> \u2013 plaani ja vii ellu interaktiivseid \u00f5ppetunde mis tahes teemal \u2013 koost\u00f6\u00f6s tehisaruga<\/li>\n\n\n\n<li style=\"margin-bottom:var(--wp--preset--spacing--10)\"><a href=\"https:\/\/www.canva.com\/\" target=\"_blank\" rel=\"noreferrer noopener\">Canva<\/a> \u2013 teksti-, pildi-, ja videoloome tehisaru abil.<\/li>\n\n\n\n<li style=\"margin-bottom:var(--wp--preset--spacing--10)\"><a href=\"https:\/\/openai.com\/dall-e-2\" target=\"_blank\" rel=\"noreferrer noopener\">Dall-E<\/a> ja <a href=\"https:\/\/www.bing.com\/images\/create?toWww=1&amp;redig=8E97076D968A4E5BA2ED7FE68874DF4D\" target=\"_blank\" rel=\"noreferrer noopener\">MS Bing<\/a> keskkonnad genereerivad visuaalseid kujutisi, v\u00f5ttes aluseks sisestatud teksti.<\/li>\n\n\n\n<li><a href=\"https:\/\/bard.google.com\/\" target=\"_blank\" rel=\"noreferrer noopener\">Bard<\/a> ja <a href=\"https:\/\/chat.openai.com\/\" target=\"_blank\" rel=\"noreferrer noopener\">ChatGTP<\/a> keskkonnad p\u00f5hinevad suurtel keelemudelitel ja v\u00f5imaldavad ajur\u00fcnnakut, keele\u00f5pe mitmekesistamist, kokkuv\u00f5tete tegemist jpm.<\/li>\n<\/ul>\n<\/div>\n\n\n\n<div class=\"wp-block-group has-global-padding is-layout-constrained wp-container-core-group-is-layout-d272793b wp-block-group-is-layout-constrained\" style=\"padding-top:var(--wp--preset--spacing--40)\">\n<h3 class=\"wp-block-heading has-text-align-center has-contrast-color has-text-color has-link-color has-large-font-size wp-elements-c0e968aee8d1d34fe74633f33f8c7d93\" style=\"margin-bottom:var(--wp--preset--spacing--30);font-style:normal;font-weight:400\">Uuri rohkem tehisaru kohta<\/h3>\n\n\n\n<blockquote class=\"wp-block-quote is-style-default has-contrast-color has-custom-oran-background-color has-text-color has-background has-link-color wp-elements-8d4920eec5cc74ed1b72a680ab9c2214 is-layout-flow wp-block-quote-is-layout-flow\">\n<figure class=\"wp-block-embed is-type-video is-provider-youtube wp-block-embed-youtube wp-embed-aspect-16-9 wp-has-aspect-ratio\" style=\"margin-top:0;margin-bottom:0\"><div class=\"wp-block-embed__wrapper\">\n<iframe loading=\"lazy\" title=\"AI-AI-AI! Mis sa teed?\" width=\"500\" height=\"281\" src=\"https:\/\/www.youtube.com\/embed\/CJIvVR7iM6w?feature=oembed\" frameborder=\"0\" allow=\"accelerometer; autoplay; clipboard-write; encrypted-media; gyroscope; picture-in-picture; web-share\" referrerpolicy=\"strict-origin-when-cross-origin\" allowfullscreen><\/iframe>\n<\/div><\/figure>\n<\/blockquote>\n\n\n\n<blockquote class=\"wp-block-quote is-style-default has-contrast-color has-custom-oran-background-color has-text-color has-background has-link-color wp-elements-fb959f42fdbffcfa55d5f488f5992dae is-layout-flow wp-block-quote-is-layout-flow\">\n<figure class=\"wp-block-embed is-type-video is-provider-youtube wp-block-embed-youtube wp-embed-aspect-16-9 wp-has-aspect-ratio\"><div class=\"wp-block-embed__wrapper\">\n<iframe loading=\"lazy\" title=\"Ai-AI-AI! Mis sa teed? II osa\" width=\"500\" height=\"281\" src=\"https:\/\/www.youtube.com\/embed\/anHRL6QShtM?feature=oembed\" frameborder=\"0\" allow=\"accelerometer; autoplay; clipboard-write; encrypted-media; gyroscope; picture-in-picture; web-share\" referrerpolicy=\"strict-origin-when-cross-origin\" allowfullscreen><\/iframe>\n<\/div><\/figure>\n<\/blockquote>\n\n\n\n<blockquote class=\"wp-block-quote is-style-default has-base-color has-custom-oran-background-color has-text-color has-background has-link-color wp-elements-da0fe045bfd3c6867bb488749020d137 is-layout-flow wp-block-quote-is-layout-flow\">\n<figure class=\"wp-block-embed is-type-video is-provider-youtube wp-block-embed-youtube wp-embed-aspect-16-9 wp-has-aspect-ratio\"><div class=\"wp-block-embed__wrapper\">\n<iframe loading=\"lazy\" title=\"#448 Jaan Aru - Mis on tehisaru?\" width=\"500\" height=\"281\" src=\"https:\/\/www.youtube.com\/embed\/3oy87QIHHKk?feature=oembed\" frameborder=\"0\" allow=\"accelerometer; autoplay; clipboard-write; encrypted-media; gyroscope; picture-in-picture; web-share\" referrerpolicy=\"strict-origin-when-cross-origin\" allowfullscreen><\/iframe>\n<\/div><\/figure>\n<\/blockquote>\n\n\n\n<blockquote class=\"wp-block-quote is-style-default has-base-color has-custom-oran-background-color has-text-color has-background has-link-color wp-elements-fa6a19ddd3fb85592e3acece96833b09 is-layout-flow wp-block-quote-is-layout-flow\">\n<figure class=\"wp-block-embed is-type-video is-provider-youtube wp-block-embed-youtube wp-embed-aspect-16-9 wp-has-aspect-ratio\"><div class=\"wp-block-embed__wrapper\">\n<iframe loading=\"lazy\" title=\"Mis on tehisintellekt? Sissejuhatus tehisintellekti. M\u00f5isted | VIDEO\u00d5PS Informaatika. AI #1\" width=\"500\" height=\"281\" src=\"https:\/\/www.youtube.com\/embed\/hiiZOM3xV_I?feature=oembed\" frameborder=\"0\" allow=\"accelerometer; autoplay; clipboard-write; encrypted-media; gyroscope; picture-in-picture; web-share\" referrerpolicy=\"strict-origin-when-cross-origin\" allowfullscreen><\/iframe>\n<\/div><\/figure>\n<\/blockquote>\n\n\n\n<blockquote class=\"wp-block-quote is-style-default has-base-color has-custom-oran-background-color has-text-color has-background has-link-color wp-elements-13263dc8a1cd393888ad164c585764d6 is-layout-flow wp-block-quote-is-layout-flow\">\n<figure class=\"wp-block-embed is-type-video is-provider-youtube wp-block-embed-youtube wp-embed-aspect-16-9 wp-has-aspect-ratio\"><div class=\"wp-block-embed__wrapper\">\n<iframe loading=\"lazy\" title=\"Tehisintellekt \u00e4rimaailmas | VIDEO\u00d5PS Informaatika. AI #4\" width=\"500\" height=\"281\" src=\"https:\/\/www.youtube.com\/embed\/4qZPUGg3a88?feature=oembed\" frameborder=\"0\" allow=\"accelerometer; autoplay; clipboard-write; encrypted-media; gyroscope; picture-in-picture; web-share\" referrerpolicy=\"strict-origin-when-cross-origin\" allowfullscreen><\/iframe>\n<\/div><\/figure>\n<\/blockquote>\n\n\n\n<blockquote class=\"wp-block-quote has-base-color has-custom-oran-background-color has-text-color has-background has-link-color wp-elements-e0a799577b386e7d81eb3877348aad9e is-layout-flow wp-block-quote-is-layout-flow\">\n<figure class=\"wp-block-embed is-type-video is-provider-youtube wp-block-embed-youtube wp-embed-aspect-16-9 wp-has-aspect-ratio\"><div class=\"wp-block-embed__wrapper\">\n<iframe loading=\"lazy\" title=\"Tehisintellekt ja eetika | VIDEO\u00d5PS Informaatika. AI #5\" width=\"500\" height=\"281\" src=\"https:\/\/www.youtube.com\/embed\/_ayYHtm1l9M?feature=oembed\" frameborder=\"0\" allow=\"accelerometer; autoplay; clipboard-write; encrypted-media; gyroscope; picture-in-picture; web-share\" referrerpolicy=\"strict-origin-when-cross-origin\" allowfullscreen><\/iframe>\n<\/div><\/figure>\n<\/blockquote>\n\n\n\n<blockquote class=\"wp-block-quote is-style-default has-contrast-color has-custom-oran-background-color has-text-color has-background has-link-color wp-elements-564ed64f572467b9c6cc476b5d17decf is-layout-flow wp-block-quote-is-layout-flow\" style=\"padding-top:var(--wp--preset--spacing--30);padding-bottom:var(--wp--preset--spacing--30)\">\n<p style=\"font-size:clamp(0.875rem, 0.875rem + ((1vw - 0.2rem) * 0.625), 1.25rem);\">E-koolikoti <a href=\"https:\/\/e-koolikott.ee\/et\/oppematerjal\/32499-Tehisintellekt\" data-type=\"link\" data-id=\"https:\/\/e-koolikott.ee\/et\/oppematerjal\/32499-Tehisintellekt\" target=\"_blank\" rel=\"noreferrer noopener\">\u00f5ppematerjal<\/a> tehisintellektist<\/p>\n<\/blockquote>\n<\/div>\n\n\n<div style=\"margin-top:var(--wp--preset--spacing--50);margin-bottom:var(--wp--preset--spacing--50)\" class=\"taxonomy-post_tag is-style-pill wp-block-post-terms\"><a href=\"https:\/\/digioppevara.edu.ee\/kvaliteet\/tag\/ai\/\" rel=\"tag\">AI<\/a><span class=\"wp-block-post-terms__separator\"> <\/span><a href=\"https:\/\/digioppevara.edu.ee\/kvaliteet\/tag\/juhendid\/\" rel=\"tag\">juhendid<\/a><span class=\"wp-block-post-terms__separator\"> <\/span><a href=\"https:\/\/digioppevara.edu.ee\/kvaliteet\/tag\/naited\/\" rel=\"tag\">n\u00e4ited<\/a><span class=\"wp-block-post-terms__separator\"> <\/span><a href=\"https:\/\/digioppevara.edu.ee\/kvaliteet\/tag\/soovitused\/\" rel=\"tag\">soovitused<\/a><span class=\"wp-block-post-terms__separator\"> <\/span><a href=\"https:\/\/digioppevara.edu.ee\/kvaliteet\/tag\/tehisaru\/\" rel=\"tag\">tehisaru<\/a><\/div>\n\n\n<p><\/p>\n","protected":false},"excerpt":{"rendered":"<p>M\u00f5tle l\u00e4bi oma \u00f5pieesm\u00e4rgid Kas soovid toetada \u00f5pilaste \u00f5ppimist? Luua uusi \u00f5ppev\u00f5imalusi? V\u00f5i muuta \u00f5ppet\u00f6\u00f6 l\u00e4biviimist t\u00f5husamaks? Uuri erinevaid tehisaru vahendeid Turul on saadaval palju erinevaid tehisaru vahendeid, mis sobivad erinevatele vajadustele. Proovi erinevaid vahendeid, et leida&nbsp; need, mis on k\u00f5ige paremini sobivad. Ole teadlik tehisaru piirangutest Tehisaru ei ole t\u00e4iuslik. See v\u00f5ib teha vigu [&hellip;]<\/p>\n","protected":false},"author":1,"featured_media":0,"parent":461,"menu_order":0,"comment_status":"open","ping_status":"closed","template":"","meta":{"footnotes":""},"categories":[],"tags":[49,76,9,64,46],"class_list":["post-716","page","type-page","status-publish","hentry","tag-ai","tag-juhendid","tag-naited","tag-soovitused","tag-tehisaru"],"_links":{"self":[{"href":"https:\/\/digioppevara.edu.ee\/kvaliteet\/wp-json\/wp\/v2\/pages\/716","targetHints":{"allow":["GET"]}}],"collection":[{"href":"https:\/\/digioppevara.edu.ee\/kvaliteet\/wp-json\/wp\/v2\/pages"}],"about":[{"href":"https:\/\/digioppevara.edu.ee\/kvaliteet\/wp-json\/wp\/v2\/types\/page"}],"author":[{"embeddable":true,"href":"https:\/\/digioppevara.edu.ee\/kvaliteet\/wp-json\/wp\/v2\/users\/1"}],"replies":[{"embeddable":true,"href":"https:\/\/digioppevara.edu.ee\/kvaliteet\/wp-json\/wp\/v2\/comments?post=716"}],"version-history":[{"count":46,"href":"https:\/\/digioppevara.edu.ee\/kvaliteet\/wp-json\/wp\/v2\/pages\/716\/revisions"}],"predecessor-version":[{"id":1433,"href":"https:\/\/digioppevara.edu.ee\/kvaliteet\/wp-json\/wp\/v2\/pages\/716\/revisions\/1433"}],"up":[{"embeddable":true,"href":"https:\/\/digioppevara.edu.ee\/kvaliteet\/wp-json\/wp\/v2\/pages\/461"}],"wp:attachment":[{"href":"https:\/\/digioppevara.edu.ee\/kvaliteet\/wp-json\/wp\/v2\/media?parent=716"}],"wp:term":[{"taxonomy":"category","embeddable":true,"href":"https:\/\/digioppevara.edu.ee\/kvaliteet\/wp-json\/wp\/v2\/categories?post=716"},{"taxonomy":"post_tag","embeddable":true,"href":"https:\/\/digioppevara.edu.ee\/kvaliteet\/wp-json\/wp\/v2\/tags?post=716"}],"curies":[{"name":"wp","href":"https:\/\/api.w.org\/{rel}","templated":true}]}}