{"id":702,"date":"2023-12-14T01:09:26","date_gmt":"2023-12-13T23:09:26","guid":{"rendered":"https:\/\/digimaterjalid.cs.ut.ee\/?page_id=702"},"modified":"2026-03-03T20:30:57","modified_gmt":"2026-03-03T18:30:57","slug":"soovitusi-animatsioonide-simulatsioonide-ja-virtuaalsete-laborite-loomiseks-ja-kasutamiseks","status":"publish","type":"page","link":"https:\/\/digioppevara.edu.ee\/kvaliteet\/soovitused-valik\/soovitusi-animatsioonide-simulatsioonide-ja-virtuaalsete-laborite-loomiseks-ja-kasutamiseks\/","title":{"rendered":"Soovitusi animatsioonide, simulatsioonide ja virtuaalsete laborite loomiseks ja kasutamiseks"},"content":{"rendered":"\n<blockquote class=\"wp-block-quote is-layout-flow wp-block-quote-is-layout-flow\" style=\"margin-top:var(--wp--preset--spacing--50);margin-bottom:var(--wp--preset--spacing--50);padding-bottom:var(--wp--preset--spacing--40)\">\n<p style=\"font-size:clamp(0.875rem, 0.875rem + ((1vw - 0.2rem) * 0.625), 1.25rem);\">Animatsioonid, simulatsioonid ja virtuaalsed laborid on \u00f5ppevahendid, mis kasutavad liikumist ja interaktsiooni, et luua realistlik ja kaasahaarav \u00f5ppekeskkond. Need v\u00f5ivad olla viisiks keerukate ideede selgitamiseks, \u00f5ppijate kaasamiseks ja \u00f5ppeprotsessi l\u00f5busamaks muutmiseks.<\/p>\n\n\n\n<p style=\"font-size:clamp(0.875rem, 0.875rem + ((1vw - 0.2rem) * 0.625), 1.25rem);\">Animatsioone, simulatsioone ja virtuaalseid laboreid saab kasutada n\u00e4iteks:<\/p>\n\n\n\n<ul class=\"wp-block-list is-style-checkmark-list\">\n<li style=\"font-size:clamp(0.875rem, 0.875rem + ((1vw - 0.2rem) * 0.625), 1.25rem);\">Uute m\u00f5istete tutvustamiseks<\/li>\n\n\n\n<li style=\"font-size:clamp(0.875rem, 0.875rem + ((1vw - 0.2rem) * 0.625), 1.25rem);\">Keeruliste ideede selgitamiseks<\/li>\n\n\n\n<li style=\"font-size:clamp(0.875rem, 0.875rem + ((1vw - 0.2rem) * 0.625), 1.25rem);\">Praktiliste oskuste omandamiseks ja harjutamiseks<\/li>\n\n\n\n<li style=\"font-size:clamp(0.875rem, 0.875rem + ((1vw - 0.2rem) * 0.625), 1.25rem);\">Loova m\u00f5tlemise ja probleemide lahendamise edendamiseks<\/li>\n\n\n\n<li style=\"font-size:clamp(0.875rem, 0.875rem + ((1vw - 0.2rem) * 0.625), 1.25rem);\">Iseseisva \u00f5ppe toetamiseks<\/li>\n<\/ul>\n<\/blockquote>\n\n\n\n<div class=\"wp-block-columns alignwide is-layout-flex wp-container-core-columns-is-layout-d0bbbce0 wp-block-columns-is-layout-flex\">\n<div class=\"wp-block-column is-layout-flow wp-container-core-column-is-layout-e3d1c41b wp-block-column-is-layout-flow\">\n<h4 class=\"wp-block-heading has-contrast-2-color has-text-color has-link-color wp-elements-fd533b4fecd74de58a09c8fc3951d3f7\">M\u00f5tle l\u00e4bi oma \u00f5pieesm\u00e4rgid<\/h4>\n\n\n\n<p class=\"has-text-align-left\">Mida soovid, et \u00f5ppijad \u00f5piksid? Kas soovid, et nad m\u00f5istaksid keerulist m\u00f5istet, \u00f5piksid uut oskust v\u00f5i n\u00e4eksid, kuidas midagi toimib?<\/p>\n<\/div>\n\n\n\n<div class=\"wp-block-column is-layout-flow wp-container-core-column-is-layout-e3d1c41b wp-block-column-is-layout-flow\">\n<h4 class=\"wp-block-heading has-contrast-2-color has-text-color has-link-color wp-elements-c74766f94e2d23e36d094035252b3fab\">Kaalu erinevaid animatsiooni- ja simulatsioonivorme<\/h4>\n\n\n\n<details class=\"wp-block-details is-style-arrow-icon-details is-layout-flow wp-block-details-is-layout-flow\"><summary>Animatsioone ja simulatsioone on palju erinevaid vorme, n\u00e4iteks&#8230;<\/summary>\n<ul class=\"wp-block-list is-style-checkmark-list\">\n<li><strong>Klassikaline animatsioon<\/strong>: k\u00f5ige levinum animatsioonivorm, mis kasutab joonistatud v\u00f5i arvutigraafikat, et luua liikuvaid pilte.<\/li>\n\n\n\n<li><strong>3D-animatsioon<\/strong>: kasutab 3D-graafikat, et luua realistlikum ja kaasahaaravam kogemus.<\/li>\n\n\n\n<li><strong>Interaktiivsed simulatsioonid<\/strong>: v\u00f5imaldavad \u00f5pilastel katsetada ja uurida erinevaid kontseptsioone.<\/li>\n<\/ul>\n<\/details>\n<\/div>\n\n\n\n<div class=\"wp-block-column is-layout-flow wp-container-core-column-is-layout-e3d1c41b wp-block-column-is-layout-flow\">\n<h4 class=\"wp-block-heading has-contrast-2-color has-text-color has-link-color wp-elements-12bb03ed15542487e0a38f405dc92ebf\">Tee animatsioon v\u00f5i simulatsioon interaktiivseks<\/h4>\n\n\n\n<p class=\"has-text-align-left\">\u00d5ppijad peaksid olema aktiivsed osalejad, mitte lihtsalt vaatlejad.<\/p>\n<\/div>\n<\/div>\n\n\n\n<div class=\"wp-block-columns alignwide is-layout-flex wp-container-core-columns-is-layout-5fba4137 wp-block-columns-is-layout-flex\" style=\"margin-top:var(--wp--preset--spacing--30);margin-bottom:var(--wp--preset--spacing--30);padding-bottom:var(--wp--preset--spacing--30)\">\n<div class=\"wp-block-column is-layout-flow wp-container-core-column-is-layout-e3d1c41b wp-block-column-is-layout-flow\">\n<h4 class=\"wp-block-heading has-contrast-2-color has-text-color has-link-color wp-elements-d4ac70a743b52636923ac5944a037cb3\">Kasuta kvaliteetseid ressursse<\/h4>\n\n\n\n<p class=\"has-text-align-left\">Kui oled leidnud animatsiooni, simulatsiooni v\u00f5i virtuaalse labori, mida soovid kasutada, veendu, et see on kvaliteetne ja vastab Sinu \u00f5pieesm\u00e4rkidele ja \u00f5ppijatele.<\/p>\n<\/div>\n\n\n\n<div class=\"wp-block-column is-layout-flow wp-container-core-column-is-layout-e3d1c41b wp-block-column-is-layout-flow\">\n<h4 class=\"wp-block-heading has-contrast-2-color has-text-color has-link-color wp-elements-4b2a7fac5f659c14d533d075c7586693\">Anna \u00f5ppijatele tagasisidet<\/h4>\n\n\n\n<p class=\"has-text-align-left\">Tagasiside aitab \u00f5ppijatel oma \u00f5ppimist j\u00e4lgida ja vigu parandada.<\/p>\n<\/div>\n\n\n\n<div class=\"wp-block-column is-layout-flow wp-container-core-column-is-layout-e3d1c41b wp-block-column-is-layout-flow\">\n<h4 class=\"wp-block-heading has-contrast-2-color has-text-color has-link-color wp-elements-3bcccea16a3e14fba642ff42277912d8\">J\u00e4lgi andmemahtu<\/h4>\n\n\n\n<p class=\"has-text-align-left\">Optimeeri animatsioonide ja simulatsioonide failisuuruseid, et v\u00e4hendada andmemahu n\u00f5udlust. Liigselt mahukate ja k\u00f5rge resolutsiooniga materjalide asemel kasuta vajadusel tihendatud versioone.<\/p>\n<\/div>\n<\/div>\n\n\n\n<div class=\"wp-block-group alignfull has-base-2-background-color has-background has-global-padding is-layout-constrained wp-container-core-group-is-layout-669513ed wp-block-group-is-layout-constrained\" style=\"margin-top:0;margin-bottom:0;padding-top:var(--wp--preset--spacing--50);padding-right:var(--wp--preset--spacing--50);padding-bottom:var(--wp--preset--spacing--50);padding-left:var(--wp--preset--spacing--50)\">\n<h3 class=\"wp-block-heading has-text-align-center has-large-font-size\" style=\"margin-bottom:var(--wp--preset--spacing--30);font-style:normal;font-weight:400\">Kasulikke vahendeid animatsioonide ja simulatsioonide loomiseks<\/h3>\n\n\n\n<ul class=\"wp-block-list is-style-checkmark-list\">\n<li style=\"margin-bottom:var(--wp--preset--spacing--10)\"><a href=\"https:\/\/www.powtoon.com\/\" target=\"_blank\" rel=\"noreferrer noopener\">Powtoon<\/a>: Veebiplatvorm, mis v\u00f5imaldab luua professionaalseid animatsioone ilma programmeerimisoskusteta.<\/li>\n\n\n\n<li style=\"margin-bottom:var(--wp--preset--spacing--10)\"><a href=\"https:\/\/www.animaker.com\/\" target=\"_blank\" rel=\"noreferrer noopener\">Animaker<\/a>: Veebiplatvorm, mis v\u00f5imaldab luua animatsioone, kasutades lihtsaid kujundeid ja teksti.<\/li>\n\n\n\n<li style=\"margin-bottom:var(--wp--preset--spacing--10)\"><a href=\"http:\/\/simulate-it.org\/\" target=\"_blank\" rel=\"noreferrer noopener\">SimulateIT<\/a>: Veebiplatvorm, mis v\u00f5imaldab luua interaktiivseid simulatsioone erinevatel teemadel.<\/li>\n\n\n\n<li style=\"margin-bottom:var(--wp--preset--spacing--10)\"><a href=\"https:\/\/www.dialoguetrainer.com\/\" data-type=\"link\" data-id=\"https:\/\/www.dialoguetrainer.com\/\" target=\"_blank\" rel=\"noreferrer noopener\">DialogueTrainer<\/a>: Veebiplatvorm, millel saab luua simulatsioone suhtlemisoskuste harjutamiseks.<\/li>\n\n\n\n<li style=\"margin-bottom:var(--wp--preset--spacing--10)\"><a href=\"https:\/\/scratch.mit.edu\/\" target=\"_blank\" rel=\"noreferrer noopener\">Scratch<\/a>, <a href=\"https:\/\/appinventor.mit.edu\/\" target=\"_blank\" rel=\"noreferrer noopener\">App Inventor<\/a> ja <a href=\"https:\/\/www.codecademy.com\/\" target=\"_blank\" rel=\"noreferrer noopener\">Codecademy<\/a>: Programmeerimise laborid, mida saab kasutada animatsioonide ja simulatsioonide loomiseks.<\/li>\n\n\n\n<li style=\"margin-bottom:var(--wp--preset--spacing--10)\"><a href=\"https:\/\/www.geogebra.org\/\" target=\"_blank\" rel=\"noreferrer noopener\">GeoGebra<\/a>, <a href=\"https:\/\/phet.colorado.edu\/\" target=\"_blank\" rel=\"noreferrer noopener\">PhET<\/a> ja <a href=\"https:\/\/www.vlab.co.in\/\" target=\"_blank\" rel=\"noreferrer noopener\">Virtual Labs<\/a>: \u00f5ppeainep\u00f5hised virtuaalsed laborid.<\/li>\n\n\n\n<li><a href=\"https:\/\/www.khanacademy.org\/\" target=\"_blank\" rel=\"noreferrer noopener\">Khan Academy<\/a>: Virtuaalseid laboreid paljude erinevate teemade kohta.<\/li>\n<\/ul>\n<\/div>\n\n\n\n<div class=\"wp-block-group has-global-padding is-layout-constrained wp-container-core-group-is-layout-19e250f3 wp-block-group-is-layout-constrained\">\n<h3 class=\"wp-block-heading has-text-align-center has-contrast-color has-text-color has-link-color has-large-font-size wp-elements-5e24f76118c2abc536ea25cb91b8dbd6\" style=\"margin-top:var(--wp--preset--spacing--50);margin-bottom:var(--wp--preset--spacing--30);font-style:normal;font-weight:400\">N\u00e4iteid animatsioonidest, simulatsioonidest ja virtuaalsetest laboritest<\/h3>\n\n\n\n<blockquote class=\"wp-block-quote is-style-default has-contrast-color has-custom-oran-background-color has-text-color has-background has-link-color wp-elements-852554a21315dd42a5e53fd1d5c8962a is-layout-flow wp-block-quote-is-layout-flow\" style=\"margin-top:var(--wp--preset--spacing--30);margin-right:var(--wp--preset--spacing--60);margin-bottom:var(--wp--preset--spacing--30);margin-left:var(--wp--preset--spacing--60);padding-top:var(--wp--preset--spacing--30);padding-bottom:var(--wp--preset--spacing--30)\">\n<p style=\"font-size:clamp(0.901rem, 0.901rem + ((1vw - 0.2rem) * 0.748), 1.35rem);\"><a href=\"https:\/\/www.earthspacelab.com\/app\/earth-revolution\/\" data-type=\"link\" data-id=\"https:\/\/www.earthspacelab.com\/app\/earth-revolution\/\" target=\"_blank\" rel=\"noreferrer noopener\">Geograafiaanimatsioon<\/a>, mis n\u00e4itab, kuidas Maa p\u00f6\u00f6rleb \u00fcmber oma telje.<\/p>\n<\/blockquote>\n\n\n\n<blockquote class=\"wp-block-quote is-style-default has-contrast-color has-custom-oran-background-color has-text-color has-background has-link-color wp-elements-7fa7af03c7243d1a2ac9055bb3bc356e is-layout-flow wp-block-quote-is-layout-flow\" style=\"margin-top:var(--wp--preset--spacing--30);margin-bottom:var(--wp--preset--spacing--30);padding-top:var(--wp--preset--spacing--30);padding-bottom:var(--wp--preset--spacing--30)\">\n<p style=\"font-size:clamp(0.901rem, 0.901rem + ((1vw - 0.2rem) * 0.748), 1.35rem);\">Loodusteaduslikud <a href=\"https:\/\/mudelid.5dvision.ee\/\" data-type=\"link\" data-id=\"https:\/\/mudelid.5dvision.ee\/\" target=\"_blank\" rel=\"noreferrer noopener\">mudelid<\/a> bioloogia, keemia ja f\u00fc\u00fcsika \u00f5ppimiseks ja \u00f5petamiseks. <\/p>\n<\/blockquote>\n\n\n\n<blockquote class=\"wp-block-quote is-style-default has-contrast-color has-custom-oran-background-color has-text-color has-background has-link-color wp-elements-309e5f4e076dd8ed4a140cdb96c7abe1 is-layout-flow wp-container-core-quote-is-layout-84c4b8b9 wp-block-quote-is-layout-flow\" style=\"margin-top:var(--wp--preset--spacing--30);margin-bottom:var(--wp--preset--spacing--30);padding-top:var(--wp--preset--spacing--30);padding-bottom:var(--wp--preset--spacing--30)\">\n<p style=\"font-size:clamp(0.901rem, 0.901rem + ((1vw - 0.2rem) * 0.748), 1.35rem);\">Simulatsioonid v\u00f5\u00f5rkeelsete s\u00f5nade ja lausete h\u00e4\u00e4ldamise harjutamiseks:<\/p>\n\n\n\n<ul class=\"wp-block-list is-style-checkmark-list\">\n<li style=\"margin-bottom:var(--wp--preset--spacing--10);font-size:clamp(0.875rem, 0.875rem + ((1vw - 0.2rem) * 0.625), 1.25rem);\">Oddcasti tekstist h\u00e4\u00e4leks <a href=\"https:\/\/ttsdemo.com\/\" data-type=\"link\" data-id=\"https:\/\/ttsdemo.com\/\" target=\"_blank\" rel=\"noreferrer noopener\">demos\u00fcsteem<\/a><\/li>\n\n\n\n<li style=\"font-size:clamp(0.875rem, 0.875rem + ((1vw - 0.2rem) * 0.625), 1.25rem);\">Cambridge English <a href=\"https:\/\/speakandimprove.com\/\" data-type=\"link\" data-id=\"https:\/\/speakandimprove.com\/\" target=\"_blank\" rel=\"noreferrer noopener\">Speak &amp; Improve<\/a><\/li>\n<\/ul>\n<\/blockquote>\n\n\n\n<blockquote class=\"wp-block-quote is-style-default has-contrast-color has-custom-oran-background-color has-text-color has-background has-link-color wp-elements-2bf25a9d0f5f48b8aba4fb44a35ce4b3 is-layout-flow wp-block-quote-is-layout-flow\" style=\"margin-top:var(--wp--preset--spacing--30);margin-right:var(--wp--preset--spacing--60);margin-bottom:var(--wp--preset--spacing--30);margin-left:var(--wp--preset--spacing--60);padding-top:var(--wp--preset--spacing--30);padding-bottom:var(--wp--preset--spacing--30)\">\n<p style=\"font-size:clamp(0.901rem, 0.901rem + ((1vw - 0.2rem) * 0.748), 1.35rem);\">Vestlussimulatsioonide platvorm <a href=\"https:\/\/www.dialoguetrainer.com\" data-type=\"link\" data-id=\"https:\/\/www.dialoguetrainer.com\" target=\"_blank\" rel=\"noreferrer noopener\">DialogueTrainer<\/a> suhtlemisoskuste harjutamiseks.<\/p>\n<\/blockquote>\n<\/div>\n\n\n<div style=\"margin-top:var(--wp--preset--spacing--50);margin-bottom:var(--wp--preset--spacing--50)\" class=\"taxonomy-post_tag is-style-pill wp-block-post-terms\"><a href=\"https:\/\/digioppevara.edu.ee\/kvaliteet\/tag\/animatsioon\/\" rel=\"tag\">animatsioon<\/a><span class=\"wp-block-post-terms__separator\"> <\/span><a href=\"https:\/\/digioppevara.edu.ee\/kvaliteet\/tag\/juhendid\/\" rel=\"tag\">juhendid<\/a><span class=\"wp-block-post-terms__separator\"> <\/span><a href=\"https:\/\/digioppevara.edu.ee\/kvaliteet\/tag\/naited\/\" rel=\"tag\">n\u00e4ited<\/a><span class=\"wp-block-post-terms__separator\"> <\/span><a href=\"https:\/\/digioppevara.edu.ee\/kvaliteet\/tag\/simulatsioon\/\" rel=\"tag\">simulatsioon<\/a><span class=\"wp-block-post-terms__separator\"> <\/span><a href=\"https:\/\/digioppevara.edu.ee\/kvaliteet\/tag\/soovitused\/\" rel=\"tag\">soovitused<\/a><span class=\"wp-block-post-terms__separator\"> <\/span><a href=\"https:\/\/digioppevara.edu.ee\/kvaliteet\/tag\/virtuaalne-labor\/\" rel=\"tag\">virtuaalne labor<\/a><\/div>\n\n\n<p><\/p>\n","protected":false},"excerpt":{"rendered":"<p>M\u00f5tle l\u00e4bi oma \u00f5pieesm\u00e4rgid Mida soovid, et \u00f5ppijad \u00f5piksid? Kas soovid, et nad m\u00f5istaksid keerulist m\u00f5istet, \u00f5piksid uut oskust v\u00f5i n\u00e4eksid, kuidas midagi toimib? Kaalu erinevaid animatsiooni- ja simulatsioonivorme Tee animatsioon v\u00f5i simulatsioon interaktiivseks \u00d5ppijad peaksid olema aktiivsed osalejad, mitte lihtsalt vaatlejad. Kasuta kvaliteetseid ressursse Kui oled leidnud animatsiooni, simulatsiooni v\u00f5i virtuaalse labori, mida soovid [&hellip;]<\/p>\n","protected":false},"author":1,"featured_media":0,"parent":461,"menu_order":0,"comment_status":"open","ping_status":"closed","template":"","meta":{"footnotes":""},"categories":[],"tags":[39,76,9,40,64,30],"class_list":["post-702","page","type-page","status-publish","hentry","tag-animatsioon","tag-juhendid","tag-naited","tag-simulatsioon","tag-soovitused","tag-virtuaalne-labor"],"_links":{"self":[{"href":"https:\/\/digioppevara.edu.ee\/kvaliteet\/wp-json\/wp\/v2\/pages\/702","targetHints":{"allow":["GET"]}}],"collection":[{"href":"https:\/\/digioppevara.edu.ee\/kvaliteet\/wp-json\/wp\/v2\/pages"}],"about":[{"href":"https:\/\/digioppevara.edu.ee\/kvaliteet\/wp-json\/wp\/v2\/types\/page"}],"author":[{"embeddable":true,"href":"https:\/\/digioppevara.edu.ee\/kvaliteet\/wp-json\/wp\/v2\/users\/1"}],"replies":[{"embeddable":true,"href":"https:\/\/digioppevara.edu.ee\/kvaliteet\/wp-json\/wp\/v2\/comments?post=702"}],"version-history":[{"count":42,"href":"https:\/\/digioppevara.edu.ee\/kvaliteet\/wp-json\/wp\/v2\/pages\/702\/revisions"}],"predecessor-version":[{"id":1357,"href":"https:\/\/digioppevara.edu.ee\/kvaliteet\/wp-json\/wp\/v2\/pages\/702\/revisions\/1357"}],"up":[{"embeddable":true,"href":"https:\/\/digioppevara.edu.ee\/kvaliteet\/wp-json\/wp\/v2\/pages\/461"}],"wp:attachment":[{"href":"https:\/\/digioppevara.edu.ee\/kvaliteet\/wp-json\/wp\/v2\/media?parent=702"}],"wp:term":[{"taxonomy":"category","embeddable":true,"href":"https:\/\/digioppevara.edu.ee\/kvaliteet\/wp-json\/wp\/v2\/categories?post=702"},{"taxonomy":"post_tag","embeddable":true,"href":"https:\/\/digioppevara.edu.ee\/kvaliteet\/wp-json\/wp\/v2\/tags?post=702"}],"curies":[{"name":"wp","href":"https:\/\/api.w.org\/{rel}","templated":true}]}}