{"id":675,"date":"2023-12-13T22:52:21","date_gmt":"2023-12-13T20:52:21","guid":{"rendered":"https:\/\/digimaterjalid.cs.ut.ee\/?page_id=675"},"modified":"2026-03-03T19:09:36","modified_gmt":"2026-03-03T17:09:36","slug":"soovitusi-oppemangude-kasutamiseks","status":"publish","type":"page","link":"https:\/\/digioppevara.edu.ee\/kvaliteet\/soovitused-valik\/soovitusi-oppemangude-kasutamiseks\/","title":{"rendered":"Soovitusi \u00f5ppem\u00e4ngude kasutamiseks"},"content":{"rendered":"\n<blockquote class=\"wp-block-quote is-layout-flow wp-block-quote-is-layout-flow\">\n<p style=\"font-size:clamp(0.875rem, 0.875rem + ((1vw - 0.2rem) * 0.625), 1.25rem);\">\u00d5ppem\u00e4ngud on viis \u00f5ppijate kaasamiseks ja \u00f5ppeprotsessi l\u00f5busamaks muutmiseks.&nbsp;<\/p>\n\n\n\n<p style=\"font-size:clamp(0.875rem, 0.875rem + ((1vw - 0.2rem) * 0.625), 1.25rem);\">\u00d5ppem\u00e4nge saab kasutada n\u00e4iteks:<\/p>\n\n\n\n<ul class=\"wp-block-list is-style-checkmark-list\">\n<li style=\"font-size:clamp(0.875rem, 0.875rem + ((1vw - 0.2rem) * 0.625), 1.25rem);\">Huvi \u00e4ratamiseks ja teadmiste aktiveerimiseks enne uut teemat<\/li>\n\n\n\n<li style=\"font-size:clamp(0.875rem, 0.875rem + ((1vw - 0.2rem) * 0.625), 1.25rem);\">Teadmiste kinnistamiseks ja s\u00fcvendamiseks<\/li>\n\n\n\n<li style=\"font-size:clamp(0.875rem, 0.875rem + ((1vw - 0.2rem) * 0.625), 1.25rem);\">Teadmiste hindamiseks<\/li>\n\n\n\n<li style=\"font-size:clamp(0.875rem, 0.875rem + ((1vw - 0.2rem) * 0.625), 1.25rem);\">\u00d5ppeprotsessi personaliseerimiseks<\/li>\n<\/ul>\n<\/blockquote>\n\n\n\n<div style=\"height:50px\" aria-hidden=\"true\" class=\"wp-block-spacer\"><\/div>\n\n\n\n<div class=\"wp-block-columns alignwide is-layout-flex wp-container-core-columns-is-layout-d0bbbce0 wp-block-columns-is-layout-flex\">\n<div class=\"wp-block-column is-layout-flow wp-container-core-column-is-layout-e3d1c41b wp-block-column-is-layout-flow\">\n<h4 class=\"wp-block-heading has-contrast-2-color has-text-color has-link-color wp-elements-fd533b4fecd74de58a09c8fc3951d3f7\">M\u00f5tle l\u00e4bi oma \u00f5pieesm\u00e4rgid<\/h4>\n\n\n\n<p class=\"has-text-align-left\">Mida soovid, et \u00f5ppijad \u00f5ppem\u00e4ngude kaudu \u00f5piksid? Kas soovid, et \u00f5ppijad \u00f5piksid uusi teadmisi, harjuksid oskustega v\u00f5i rakendaksid oma teadmisi uutes olukordades?<\/p>\n\n\n\n<div style=\"height:15px\" aria-hidden=\"true\" class=\"wp-block-spacer\"><\/div>\n<\/div>\n\n\n\n<div class=\"wp-block-column is-layout-flow wp-container-core-column-is-layout-e3d1c41b wp-block-column-is-layout-flow\">\n<h4 class=\"wp-block-heading has-contrast-2-color has-text-color has-link-color wp-elements-748bd594da82947030b5518e8fe8a97d\">Kaalu erinevaid m\u00e4nguvorme<\/h4>\n\n\n\n<p class=\"has-text-align-left\">\u00d5ppem\u00e4nge on palju erinevaid vorme, n\u00e4iteks m\u00f5istatused, pusled, viktoriinid, simulatsioonid, rollim\u00e4ngud jne. Vali vorm, mis sobib \u00f5pieesm\u00e4rkide ja \u00f5ppijate vanuser\u00fchmaga, arvestades \u00f5ppijate vajadusi ja huvisid.<\/p>\n\n\n\n<div style=\"height:20px\" aria-hidden=\"true\" class=\"wp-block-spacer\"><\/div>\n<\/div>\n\n\n\n<div class=\"wp-block-column is-layout-flow wp-container-core-column-is-layout-e3d1c41b wp-block-column-is-layout-flow\">\n<h4 class=\"wp-block-heading has-contrast-2-color has-text-color has-link-color wp-elements-ebe8b6336ef6570616e57f30935429f2\">Kaasa \u00f5ppijaid m\u00e4ngu loomisse<\/h4>\n\n\n\n<p class=\"has-text-align-left\">\u00d5ppijate kaasamine m\u00e4ngu loomisse aitab neil m\u00e4ngu paremini m\u00f5ista ja nautida. Anna \u00f5ppijatele v\u00f5imalus m\u00e4ngu kujundada, n\u00e4iteks valida m\u00e4ngu teema, sisu ja \u00fclesanded.<\/p>\n\n\n\n<div style=\"height:15px\" aria-hidden=\"true\" class=\"wp-block-spacer\"><\/div>\n<\/div>\n<\/div>\n\n\n\n<div class=\"wp-block-columns alignwide is-layout-flex wp-container-core-columns-is-layout-d0bbbce0 wp-block-columns-is-layout-flex\">\n<div class=\"wp-block-column is-layout-flow wp-container-core-column-is-layout-e3d1c41b wp-block-column-is-layout-flow\">\n<h4 class=\"wp-block-heading has-contrast-2-color has-text-color has-link-color wp-elements-663417c670c59335e1c2cbf4ec067705\">Tee m\u00e4ng kasutajas\u00f5bralikuks<\/h4>\n\n\n\n<p class=\"has-text-align-left\">\u00d5ppem\u00e4ngud peaksid olema \u00f5ppijatele kergesti m\u00f5istetavad ja m\u00e4ngitavad. Kasuta lihtsat keelt ja selgeid juhiseid. Anna \u00f5ppijatele piisavalt aega m\u00e4ngu m\u00e4ngimiseks.<\/p>\n\n\n\n<div style=\"height:15px\" aria-hidden=\"true\" class=\"wp-block-spacer\"><\/div>\n<\/div>\n\n\n\n<div class=\"wp-block-column is-layout-flow wp-container-core-column-is-layout-e3d1c41b wp-block-column-is-layout-flow\">\n<h4 class=\"wp-block-heading has-contrast-2-color has-text-color has-link-color wp-elements-d4ac70a743b52636923ac5944a037cb3\">Kasuta kvaliteetseid ressursse<\/h4>\n\n\n\n<p class=\"has-text-align-left\">Kui oled leidnud \u00f5ppem\u00e4ngu, mida soovid kasutada, veendu, et see on kvaliteetne ja vastab \u00f5pieesm\u00e4rkidele ja \u00f5ppijatele v\u00f5i kohanda see v\u00f5imalusel vastavalt.<\/p>\n\n\n\n<div style=\"height:20px\" aria-hidden=\"true\" class=\"wp-block-spacer\"><\/div>\n<\/div>\n\n\n\n<div class=\"wp-block-column is-layout-flow wp-container-core-column-is-layout-e3d1c41b wp-block-column-is-layout-flow\">\n<h4 class=\"wp-block-heading has-contrast-2-color has-text-color has-link-color wp-elements-4b2a7fac5f659c14d533d075c7586693\">Anna \u00f5ppijatele tagasisidet<\/h4>\n\n\n\n<p class=\"has-text-align-left\">Tagasiside aitab \u00f5ppijatel oma \u00f5ppimist j\u00e4lgida ja vigu parandada. Anna \u00f5ppijatele tagasisidet nende edusammude kohta nii m\u00e4ngu ajal kui ka p\u00e4rast seda.<\/p>\n\n\n\n<div style=\"height:15px\" aria-hidden=\"true\" class=\"wp-block-spacer\"><\/div>\n<\/div>\n<\/div>\n\n\n\n<div style=\"height:15px\" aria-hidden=\"true\" class=\"wp-block-spacer\"><\/div>\n\n\n\n<div class=\"wp-block-group alignfull has-base-2-background-color has-background has-global-padding is-layout-constrained wp-container-core-group-is-layout-669513ed wp-block-group-is-layout-constrained\" style=\"margin-top:0;margin-bottom:0;padding-top:var(--wp--preset--spacing--50);padding-right:var(--wp--preset--spacing--50);padding-bottom:var(--wp--preset--spacing--50);padding-left:var(--wp--preset--spacing--50)\">\n<h3 class=\"wp-block-heading has-text-align-center has-large-font-size\" style=\"margin-top:0;margin-bottom:var(--wp--preset--spacing--30);font-style:normal;font-weight:400\">Kasulikke vahendeid \u00f5ppem\u00e4ngude loomiseks<\/h3>\n\n\n\n<ul class=\"wp-block-list is-style-checkmark-list\">\n<li style=\"margin-bottom:var(--wp--preset--spacing--10)\"><a href=\"https:\/\/kahoot.com\/\" target=\"_blank\" rel=\"noreferrer noopener\">Kahoot!<\/a>, <a href=\"https:\/\/quizlet.com\/\" target=\"_blank\" rel=\"noreferrer noopener\">Quizlet<\/a>, <a href=\"https:\/\/quizizz.com\/\" target=\"_blank\" rel=\"noreferrer noopener\">Quizizz<\/a> ja <a href=\"https:\/\/loquiz.com\/\" target=\"_blank\" rel=\"noreferrer noopener\">Loquiz<\/a> on veebiplatvormid, mis v\u00f5imaldavad luua viktoriine ja muid interaktiivseid \u00f5ppem\u00e4nge.<\/li>\n\n\n\n<li style=\"margin-bottom:var(--wp--preset--spacing--10)\"><a href=\"https:\/\/learningapps.org\/\" target=\"_blank\" rel=\"noreferrer noopener\">LearningApps<\/a> on tasuta veebip\u00f5hine t\u00f6\u00f6riist, mis v\u00f5imaldab luua harjutusi, viktoriine ja muid interaktiivseid \u00f5ppem\u00e4nge.<\/li>\n\n\n\n<li style=\"margin-bottom:var(--wp--preset--spacing--10)\"><a href=\"https:\/\/genial.ly\/\" target=\"_blank\" rel=\"noreferrer noopener\">Genial.ly<\/a> on veebiplatvorm, mis v\u00f5imaldab luua interaktiivseid esitlusi, m\u00e4nge ja kaarte.<\/li>\n\n\n\n<li><a href=\"https:\/\/wordwall.net\/\" target=\"_blank\" rel=\"noreferrer noopener\">Wordwall<\/a> on veebiplatvorm, mis v\u00f5imaldab luua s\u00f5na- ja keelem\u00e4nge.<\/li>\n<\/ul>\n<\/div>\n\n\n\n<div class=\"wp-block-group has-global-padding is-layout-constrained wp-block-group-is-layout-constrained\">\n<h3 class=\"wp-block-heading has-text-align-center has-contrast-color has-text-color has-link-color has-large-font-size wp-elements-02194529c01f5cc2a55cb8e2a0f939d4\" style=\"margin-top:var(--wp--preset--spacing--50);margin-bottom:var(--wp--preset--spacing--30);font-style:normal;font-weight:400\">N\u00e4iteid \u00f5ppem\u00e4ngudest<\/h3>\n\n\n\n<blockquote class=\"wp-block-quote is-style-default has-contrast-color has-custom-oran-background-color has-text-color has-background has-link-color wp-elements-a85d6948067ebbffba3805809594bf08 is-layout-flow wp-container-core-quote-is-layout-60a5feb4 wp-block-quote-is-layout-flow\" style=\"margin-top:var(--wp--preset--spacing--20);margin-right:var(--wp--preset--spacing--60);margin-bottom:var(--wp--preset--spacing--20);margin-left:var(--wp--preset--spacing--60);padding-top:var(--wp--preset--spacing--20);padding-bottom:var(--wp--preset--spacing--20)\">\n<p style=\"font-size:clamp(0.901rem, 0.901rem + ((1vw - 0.2rem) * 0.748), 1.35rem);\">Keele\u00f5ppem\u00e4nge:<\/p>\n\n\n\n<ul style=\"font-size:clamp(0.875rem, 0.875rem + ((1vw - 0.2rem) * 0.625), 1.25rem);\" class=\"wp-block-list is-style-checkmark-list\">\n<li><a href=\"https:\/\/sonaveeb.ee\/games\" data-type=\"link\" data-id=\"https:\/\/sonaveeb.ee\/games\" target=\"_blank\" rel=\"noreferrer noopener\">S\u00f5naveeb<\/a><\/li>\n\n\n\n<li><a href=\"https:\/\/sonuk.subscribe.ee\/\" data-type=\"link\" data-id=\"https:\/\/sonuk.subscribe.ee\/\" target=\"_blank\" rel=\"noreferrer noopener\">S\u00f5nuk<\/a><\/li>\n\n\n\n<li>Eesti Keeleressursside Keskuse <a href=\"https:\/\/keeleressursid.ee\/et\/keelemangud\" data-type=\"link\" data-id=\"https:\/\/keeleressursid.ee\/et\/keelemangud\" target=\"_blank\" rel=\"noreferrer noopener\">keelem\u00e4ngud<\/a><\/li>\n\n\n\n<li>Briti N\u00f5ukogu <a href=\"https:\/\/www.britishcouncil.ee\/eesti\/rakendused\" data-type=\"link\" data-id=\"https:\/\/www.britishcouncil.ee\/eesti\/rakendused\" target=\"_blank\" rel=\"noreferrer noopener\">rakendused<\/a> inglise keele harjutamiseks<\/li>\n\n\n\n<li>LingoPlay rakendus, mh <a href=\"https:\/\/www.lingo-play.com\/et\/%C3%B5ppige-hispaania-keelt\/\" data-type=\"link\" data-id=\"https:\/\/www.lingo-play.com\/et\/%C3%B5ppige-hispaania-keelt\/\" target=\"_blank\" rel=\"noreferrer noopener\">hispaania keele<\/a> \u00f5ppimiseks<\/li>\n<\/ul>\n<\/blockquote>\n\n\n\n<blockquote class=\"wp-block-quote is-style-default has-contrast-color has-custom-oran-background-color has-text-color has-background has-link-color wp-elements-21d3546216e79a85b7eebd33f7a7ca93 is-layout-flow wp-block-quote-is-layout-flow\" style=\"margin-top:var(--wp--preset--spacing--20);margin-right:var(--wp--preset--spacing--60);margin-bottom:var(--wp--preset--spacing--20);margin-left:var(--wp--preset--spacing--60);padding-top:var(--wp--preset--spacing--30);padding-bottom:var(--wp--preset--spacing--30)\">\n<p style=\"font-size:clamp(0.901rem, 0.901rem + ((1vw - 0.2rem) * 0.748), 1.35rem);\"><a href=\"https:\/\/www.purposegames.com\/game\/geograafia-mang-quiz\" data-type=\"link\" data-id=\"https:\/\/www.purposegames.com\/game\/geograafia-mang-quiz\" target=\"_blank\" rel=\"noreferrer noopener\">Geograafiam\u00e4ng<\/a>, kus \u00f5ppijad peavad paigutama \u00f5igetesse kohtadesse maailmakaardil erinevaid riike, linnu v\u00f5i vaatamisv\u00e4\u00e4rsusi.<\/p>\n<\/blockquote>\n<\/div>\n\n\n<div style=\"margin-top:var(--wp--preset--spacing--40);margin-bottom:var(--wp--preset--spacing--40)\" class=\"taxonomy-post_tag is-style-pill wp-block-post-terms\"><a href=\"https:\/\/digioppevara.edu.ee\/kvaliteet\/tag\/juhendid\/\" rel=\"tag\">juhendid<\/a><span class=\"wp-block-post-terms__separator\"> <\/span><a href=\"https:\/\/digioppevara.edu.ee\/kvaliteet\/tag\/naited\/\" rel=\"tag\">n\u00e4ited<\/a><span class=\"wp-block-post-terms__separator\"> <\/span><a href=\"https:\/\/digioppevara.edu.ee\/kvaliteet\/tag\/oppemang\/\" rel=\"tag\">\u00f5ppem\u00e4ng<\/a><span class=\"wp-block-post-terms__separator\"> <\/span><a href=\"https:\/\/digioppevara.edu.ee\/kvaliteet\/tag\/soovitused\/\" rel=\"tag\">soovitused<\/a><\/div>","protected":false},"excerpt":{"rendered":"<p>M\u00f5tle l\u00e4bi oma \u00f5pieesm\u00e4rgid Mida soovid, et \u00f5ppijad \u00f5ppem\u00e4ngude kaudu \u00f5piksid? Kas soovid, et \u00f5ppijad \u00f5piksid uusi teadmisi, harjuksid oskustega v\u00f5i rakendaksid oma teadmisi uutes olukordades? Kaalu erinevaid m\u00e4nguvorme \u00d5ppem\u00e4nge on palju erinevaid vorme, n\u00e4iteks m\u00f5istatused, pusled, viktoriinid, simulatsioonid, rollim\u00e4ngud jne. Vali vorm, mis sobib \u00f5pieesm\u00e4rkide ja \u00f5ppijate vanuser\u00fchmaga, arvestades \u00f5ppijate vajadusi ja huvisid. Kaasa [&hellip;]<\/p>\n","protected":false},"author":1,"featured_media":0,"parent":461,"menu_order":0,"comment_status":"open","ping_status":"closed","template":"","meta":{"footnotes":""},"categories":[],"tags":[76,9,26,64],"class_list":["post-675","page","type-page","status-publish","hentry","tag-juhendid","tag-naited","tag-oppemang","tag-soovitused"],"_links":{"self":[{"href":"https:\/\/digioppevara.edu.ee\/kvaliteet\/wp-json\/wp\/v2\/pages\/675","targetHints":{"allow":["GET"]}}],"collection":[{"href":"https:\/\/digioppevara.edu.ee\/kvaliteet\/wp-json\/wp\/v2\/pages"}],"about":[{"href":"https:\/\/digioppevara.edu.ee\/kvaliteet\/wp-json\/wp\/v2\/types\/page"}],"author":[{"embeddable":true,"href":"https:\/\/digioppevara.edu.ee\/kvaliteet\/wp-json\/wp\/v2\/users\/1"}],"replies":[{"embeddable":true,"href":"https:\/\/digioppevara.edu.ee\/kvaliteet\/wp-json\/wp\/v2\/comments?post=675"}],"version-history":[{"count":32,"href":"https:\/\/digioppevara.edu.ee\/kvaliteet\/wp-json\/wp\/v2\/pages\/675\/revisions"}],"predecessor-version":[{"id":1326,"href":"https:\/\/digioppevara.edu.ee\/kvaliteet\/wp-json\/wp\/v2\/pages\/675\/revisions\/1326"}],"up":[{"embeddable":true,"href":"https:\/\/digioppevara.edu.ee\/kvaliteet\/wp-json\/wp\/v2\/pages\/461"}],"wp:attachment":[{"href":"https:\/\/digioppevara.edu.ee\/kvaliteet\/wp-json\/wp\/v2\/media?parent=675"}],"wp:term":[{"taxonomy":"category","embeddable":true,"href":"https:\/\/digioppevara.edu.ee\/kvaliteet\/wp-json\/wp\/v2\/categories?post=675"},{"taxonomy":"post_tag","embeddable":true,"href":"https:\/\/digioppevara.edu.ee\/kvaliteet\/wp-json\/wp\/v2\/tags?post=675"}],"curies":[{"name":"wp","href":"https:\/\/api.w.org\/{rel}","templated":true}]}}