{"id":464,"date":"2023-12-07T16:39:34","date_gmt":"2023-12-07T14:39:34","guid":{"rendered":"https:\/\/digimaterjalid.cs.ut.ee\/?page_id=464"},"modified":"2026-03-06T17:26:29","modified_gmt":"2026-03-06T15:26:29","slug":"digioppevara-hindamine","status":"publish","type":"page","link":"https:\/\/digioppevara.edu.ee\/kvaliteet\/soovitused-valik\/digioppevara-hindamine\/","title":{"rendered":"Digi\u00f5ppevara hindamine"},"content":{"rendered":"\n<blockquote class=\"wp-block-quote is-layout-flow wp-block-quote-is-layout-flow\" style=\"margin-top:0;margin-bottom:0;padding-top:var(--wp--preset--spacing--20);padding-bottom:var(--wp--preset--spacing--20)\">\n<p class=\"has-text-align-center\" style=\"font-size:clamp(0.875rem, 0.875rem + ((1vw - 0.2rem) * 0.625), 1.25rem);\">Kvaliteedin\u00f5uded \u00f5ppimist toetava digi\u00f5ppematerjali jaoks<\/p>\n<\/blockquote>\n\n\n\n<h3 class=\"wp-block-heading has-text-align-center\" style=\"margin-top:var(--wp--preset--spacing--40);margin-bottom:var(--wp--preset--spacing--30);font-style:normal;font-weight:500\">Tuum ehk &#8220;digi&#8221; p\u00f5hjendatavus<\/h3>\n\n\n\n<div class=\"wp-block-columns alignwide is-layout-flex wp-container-core-columns-is-layout-4a4dea4d wp-block-columns-is-layout-flex\" style=\"padding-bottom:var(--wp--preset--spacing--30)\">\n<div class=\"wp-block-column is-layout-flow wp-container-core-column-is-layout-e3d1c41b wp-block-column-is-layout-flow\">\n<h4 class=\"wp-block-heading has-contrast-2-color has-text-color has-link-color wp-elements-b45df7d7829f070efedba5d5119aebb4\">Digipedagoogiline<\/h4>\n\n\n\n<p class=\"has-text-align-left\">Eesm\u00e4rgip\u00e4rane ja metoodiliselt m\u00f5testatud digi\u00f5ppevara v\u00f5imaldavuste kasutamine.<\/p>\n<\/div>\n\n\n\n<div class=\"wp-block-column is-layout-flow wp-container-core-column-is-layout-e3d1c41b wp-block-column-is-layout-flow\">\n<h4 class=\"wp-block-heading has-contrast-2-color has-text-color has-link-color wp-elements-a7fa344b4bb55093647455f47f09b53e\">Kohandamisvajadus<\/h4>\n\n\n\n<p class=\"has-text-align-left\">\u00d5ppematerjal sobib kasutamiseks erinevates \u00f5piolukordades ja erineva taustaga ja vajadustega \u00f5ppijatega.&nbsp;<\/p>\n<\/div>\n\n\n\n<div class=\"wp-block-column is-layout-flow wp-container-core-column-is-layout-e3d1c41b wp-block-column-is-layout-flow\">\n<h4 class=\"wp-block-heading has-contrast-2-color has-text-color has-link-color wp-elements-402dcd49c4890bf245df681831d79b1f\">Uuendamisvajadus<\/h4>\n\n\n\n<p class=\"has-text-align-left\">\u00d5ppematerjal on pidevalt kaasajastatud v\u00f5i on m\u00e4rge vastupidise kohta.<\/p>\n<\/div>\n<\/div>\n\n\n\n<div class=\"wp-block-group alignfull has-base-2-background-color has-background has-global-padding is-layout-constrained wp-container-core-group-is-layout-969c4af0 wp-block-group-is-layout-constrained\" style=\"margin-top:0;margin-bottom:0;padding-top:var(--wp--preset--spacing--40);padding-right:var(--wp--preset--spacing--50);padding-bottom:var(--wp--preset--spacing--30);padding-left:var(--wp--preset--spacing--50)\">\n<h3 class=\"wp-block-heading has-text-align-center\" style=\"margin-top:0;margin-bottom:var(--wp--preset--spacing--30);font-style:normal;font-weight:500\">Sisu<\/h3>\n\n\n\n<div class=\"wp-block-columns alignwide is-layout-flex wp-container-core-columns-is-layout-bfcebac3 wp-block-columns-is-layout-flex\" style=\"padding-bottom:0\">\n<div class=\"wp-block-column is-layout-flow wp-container-core-column-is-layout-e3d1c41b wp-block-column-is-layout-flow\">\n<h4 class=\"wp-block-heading has-contrast-2-color has-text-color has-link-color wp-elements-1d610319ab4446e865757bedacf81226\">Eesm\u00e4rgip\u00e4rane<\/h4>\n\n\n\n<p class=\"has-text-align-left\">\u00d5ppematerjal on loodud kindla eesm\u00e4rgiga ja \u00f5ppijakesksete \u00f5piv\u00e4ljunditega ning toetab nende saavutamist ja \u00f5pioskuste arendamist.<\/p>\n<\/div>\n\n\n\n<div class=\"wp-block-column is-layout-flow wp-container-core-column-is-layout-e3d1c41b wp-block-column-is-layout-flow\">\n<h4 class=\"wp-block-heading has-contrast-2-color has-text-color has-link-color wp-elements-4938cf719cce251004abe00d2d67af00\">Asjakohane<\/h4>\n\n\n\n<p class=\"has-text-align-left\">\u00d5ppematerjal vastab sihtr\u00fchma vajadustele ja v\u00f5imalustele, olles nii raskusastmelt kui ka sisult eakohane ja  \u00f5ppija eelteadmisi arvestav.<\/p>\n<\/div>\n\n\n\n<div class=\"wp-block-column is-layout-flow wp-container-core-column-is-layout-e3d1c41b wp-block-column-is-layout-flow\">\n<h4 class=\"wp-block-heading has-contrast-2-color has-text-color has-link-color wp-elements-e001664c8b25f9a316da74c3dbb03cb2\">Korrektne<\/h4>\n\n\n\n<p class=\"has-text-align-left\">\u00d5ppematerjal moodustab sisulise ja sidusa terviku, olles ainealaselt ja keeleliselt korrektne.<\/p>\n<\/div>\n<\/div>\n<\/div>\n\n\n\n<h3 class=\"wp-block-heading has-text-align-center\" style=\"margin-top:var(--wp--preset--spacing--40);margin-bottom:var(--wp--preset--spacing--30);font-style:normal;font-weight:500\">Disain<\/h3>\n\n\n\n<div class=\"wp-block-columns alignwide is-layout-flex wp-container-core-columns-is-layout-4a4dea4d wp-block-columns-is-layout-flex\" style=\"padding-bottom:var(--wp--preset--spacing--30)\">\n<div class=\"wp-block-column is-layout-flow wp-container-core-column-is-layout-e3d1c41b wp-block-column-is-layout-flow\">\n<h4 class=\"wp-block-heading has-contrast-2-color has-text-color has-link-color wp-elements-2101e0bc0d293b89a8d534c17722c101\">Kasutajas\u00f5bralik<\/h4>\n\n\n\n<p class=\"has-text-align-left\">\u00d5ppematerjal on liigendatud, visuaalselt k\u00f6itev, intuitiivselt navigeeritav.<\/p>\n<\/div>\n\n\n\n<div class=\"wp-block-column is-layout-flow wp-container-core-column-is-layout-e3d1c41b wp-block-column-is-layout-flow\">\n<h4 class=\"wp-block-heading has-contrast-2-color has-text-color has-link-color wp-elements-336f3a88715c09bd4062d1edf8728f07\">Interaktiivne<\/h4>\n\n\n\n<p class=\"has-text-align-left\">\u00d5ppematerjal on \u00f5ppijat kaasav ja v\u00f5imaldab \u00f5ppijal ise juhtida selle kasutamist ning saada \u00f5ppimisele tagasisidet.<\/p>\n<\/div>\n\n\n\n<div class=\"wp-block-column is-layout-flow wp-container-core-column-is-layout-e3d1c41b wp-block-column-is-layout-flow\">\n<h4 class=\"wp-block-heading has-contrast-2-color has-text-color has-link-color wp-elements-f657ceed093bdb77bb2bb84443598b13\">Tehniliselt korrektne<\/h4>\n\n\n\n<p class=\"has-text-align-left\">\u00d5ppematerjal on tehniliselt t\u00f6\u00f6korras ning seda saab kasutada erinevates seadmetes, olenemata operatsioonis\u00fcsteemist ja tarkvarast, v\u00f5i on \u00f5ppematerjali tehnilised piirangud v\u00e4lja toodud.<\/p>\n<\/div>\n<\/div>\n\n\n\n<div class=\"wp-block-group alignfull has-base-2-background-color has-background has-global-padding is-layout-constrained wp-container-core-group-is-layout-969c4af0 wp-block-group-is-layout-constrained\" style=\"margin-top:0;margin-bottom:0;padding-top:var(--wp--preset--spacing--40);padding-right:var(--wp--preset--spacing--50);padding-bottom:var(--wp--preset--spacing--30);padding-left:var(--wp--preset--spacing--50)\">\n<h3 class=\"wp-block-heading has-text-align-center\" style=\"margin-bottom:var(--wp--preset--spacing--30);font-style:normal;font-weight:500\">Rakendamine<\/h3>\n\n\n\n<div class=\"wp-block-columns alignwide is-layout-flex wp-container-core-columns-is-layout-bfcebac3 wp-block-columns-is-layout-flex\" style=\"padding-bottom:0\">\n<div class=\"wp-block-column is-layout-flow wp-container-core-column-is-layout-e3d1c41b wp-block-column-is-layout-flow\">\n<h4 class=\"wp-block-heading has-contrast-2-color has-text-color has-link-color wp-elements-72ab67df1688f42a4183d3c82e62c399\">K\u00e4ttesaadav\/leitav<\/h4>\n\n\n\n<p class=\"has-text-align-left\">\u00d5ppematerjal on avalikustatud ja varustatud metaandmetega.<\/p>\n<\/div>\n\n\n\n<div class=\"wp-block-column is-layout-flow wp-container-core-column-is-layout-e3d1c41b wp-block-column-is-layout-flow\">\n<h4 class=\"wp-block-heading has-contrast-2-color has-text-color has-link-color wp-elements-918ece253bd59cd5f83eb83df4fb32d9\">Autorsus<\/h4>\n\n\n\n<p class=\"has-text-align-left\">\u00d5ppematerjal j\u00e4rgib digitaalsete \u00f5ppematerjalide loomise h\u00e4id tavasid ning autori\u00f5iguse seadust, sh sisaldab informatsiooni autori(te) kohta, teiste autorite materjalidele on korrektselt viidatud, soovitatavalt on lisatud kasutamistingimused.<\/p>\n<\/div>\n\n\n\n<div class=\"wp-block-column is-layout-flow wp-container-core-column-is-layout-e3d1c41b wp-block-column-is-layout-flow\">\n<h4 class=\"wp-block-heading has-contrast-2-color has-text-color has-link-color wp-elements-2fc746a79db292eb6c8a0a31f0a5a5a6\">Juhend<\/h4>\n\n\n\n<p class=\"has-text-align-left\">\u00d5ppematerjal sisaldab soovituslikku juhist selle kohta, miks ja kuidas materjali kasutada ning kasutamiseks vajalikud eelteadmised ja oskused.<\/p>\n<\/div>\n<\/div>\n<\/div>\n\n\n<div style=\"padding-top:var(--wp--preset--spacing--20);margin-top:var(--wp--preset--spacing--40);margin-bottom:var(--wp--preset--spacing--40)\" class=\"taxonomy-post_tag is-style-pill wp-block-post-terms\"><a href=\"https:\/\/digioppevara.edu.ee\/kvaliteet\/tag\/hindamine\/\" rel=\"tag\">hindamine<\/a><span class=\"wp-block-post-terms__separator\"> <\/span><a href=\"https:\/\/digioppevara.edu.ee\/kvaliteet\/tag\/kvaliteedinouded\/\" rel=\"tag\">kvaliteedin\u00f5uded<\/a><span class=\"wp-block-post-terms__separator\"> <\/span><a href=\"https:\/\/digioppevara.edu.ee\/kvaliteet\/tag\/kvaliteet\/\" rel=\"tag\">kvaliteet<\/a><\/div>\n\n<div class=\"has-avatars has-dates has-excerpts no-comments wp-block-latest-comments\">Kommentaare ei ole.<\/div>\n\n\t<div id=\"respond\" style=\"padding-bottom:var(--wp--preset--spacing--30);\" class=\"comment-respond wp-block-post-comments-form\">\n\t\t<h3 id=\"reply-title\" class=\"comment-reply-title\">Lisa kommentaar <small><a rel=\"nofollow\" id=\"cancel-comment-reply-link\" href=\"\/kvaliteet\/wp-json\/wp\/v2\/pages\/464#respond\" style=\"display:none;\">T\u00fchista vastus<\/a><\/small><\/h3><form action=\"https:\/\/digioppevara.edu.ee\/kvaliteet\/wp-comments-post.php\" method=\"post\" id=\"commentform\" class=\"comment-form\"><p class=\"comment_notes\">Sinu e-postiaadressi ei avaldata.<\/p><p class=\"comment-form-comment\"><label for=\"comment\">Kommenteeri <span class=\"required\">*<\/span><\/label> <textarea id=\"comment\" name=\"comment\" cols=\"45\" rows=\"8\" maxlength=\"65525\" required><\/textarea><\/p><p class=\"comment-form-author\"><label for=\"author\">Nimi <span class=\"required\">*<\/span><\/label> <input id=\"author\" name=\"author\" type=\"text\" value=\"\" size=\"30\" maxlength=\"245\" autocomplete=\"name\" required \/><\/p>\n<p class=\"comment-form-email\"><label for=\"email\">E-post <span class=\"required\">*<\/span><\/label> <input id=\"email\" name=\"email\" type=\"email\" value=\"\" size=\"30\" maxlength=\"100\" autocomplete=\"email\" required \/><\/p>\n<p class=\"comment-form-cookies-consent\"><input id=\"wp-comment-cookies-consent\" name=\"wp-comment-cookies-consent\" type=\"checkbox\" value=\"yes\" \/> <label for=\"wp-comment-cookies-consent\">Salvesta minu nimi, e-posti- ja veebiaadress sellesse veebilehitsejasse j\u00e4rgmiste kommentaaride jaoks.<\/label><\/p>\n<p class=\"form-submit wp-block-button\"><input name=\"submit\" type=\"submit\" id=\"submit\" class=\"wp-block-button__link wp-element-button\" value=\"Saada kommentaar\" \/> <input type='hidden' name='comment_post_ID' value='464' id='comment_post_ID' \/>\n<input type='hidden' name='comment_parent' id='comment_parent' value='0' \/>\n<\/p><p style=\"display: none !important;\" class=\"akismet-fields-container\" data-prefix=\"ak_\"><label>&#916;<textarea name=\"ak_hp_textarea\" cols=\"45\" rows=\"8\" maxlength=\"100\"><\/textarea><\/label><input type=\"hidden\" id=\"ak_js_1\" name=\"ak_js\" value=\"160\"\/><script>document.getElementById( \"ak_js_1\" ).setAttribute( \"value\", ( new Date() ).getTime() );<\/script><\/p><\/form>\t<\/div><!-- #respond -->\n\t","protected":false},"excerpt":{"rendered":"<p>Kvaliteedin\u00f5uded \u00f5ppimist toetava digi\u00f5ppematerjali jaoks Tuum ehk &#8220;digi&#8221; p\u00f5hjendatavus Digipedagoogiline Eesm\u00e4rgip\u00e4rane ja metoodiliselt m\u00f5testatud digi\u00f5ppevara v\u00f5imaldavuste kasutamine. Kohandamisvajadus \u00d5ppematerjal sobib kasutamiseks erinevates \u00f5piolukordades ja erineva taustaga ja vajadustega \u00f5ppijatega.&nbsp; Uuendamisvajadus \u00d5ppematerjal on pidevalt kaasajastatud v\u00f5i on m\u00e4rge vastupidise kohta. Sisu Eesm\u00e4rgip\u00e4rane \u00d5ppematerjal on loodud kindla eesm\u00e4rgiga ja \u00f5ppijakesksete \u00f5piv\u00e4ljunditega ning toetab nende saavutamist ja \u00f5pioskuste [&hellip;]<\/p>\n","protected":false},"author":1,"featured_media":0,"parent":461,"menu_order":0,"comment_status":"open","ping_status":"closed","template":"","meta":{"footnotes":""},"categories":[],"tags":[70,82,81],"class_list":["post-464","page","type-page","status-publish","hentry","tag-hindamine","tag-kvaliteedinouded","tag-kvaliteet"],"_links":{"self":[{"href":"https:\/\/digioppevara.edu.ee\/kvaliteet\/wp-json\/wp\/v2\/pages\/464","targetHints":{"allow":["GET"]}}],"collection":[{"href":"https:\/\/digioppevara.edu.ee\/kvaliteet\/wp-json\/wp\/v2\/pages"}],"about":[{"href":"https:\/\/digioppevara.edu.ee\/kvaliteet\/wp-json\/wp\/v2\/types\/page"}],"author":[{"embeddable":true,"href":"https:\/\/digioppevara.edu.ee\/kvaliteet\/wp-json\/wp\/v2\/users\/1"}],"replies":[{"embeddable":true,"href":"https:\/\/digioppevara.edu.ee\/kvaliteet\/wp-json\/wp\/v2\/comments?post=464"}],"version-history":[{"count":34,"href":"https:\/\/digioppevara.edu.ee\/kvaliteet\/wp-json\/wp\/v2\/pages\/464\/revisions"}],"predecessor-version":[{"id":1570,"href":"https:\/\/digioppevara.edu.ee\/kvaliteet\/wp-json\/wp\/v2\/pages\/464\/revisions\/1570"}],"up":[{"embeddable":true,"href":"https:\/\/digioppevara.edu.ee\/kvaliteet\/wp-json\/wp\/v2\/pages\/461"}],"wp:attachment":[{"href":"https:\/\/digioppevara.edu.ee\/kvaliteet\/wp-json\/wp\/v2\/media?parent=464"}],"wp:term":[{"taxonomy":"category","embeddable":true,"href":"https:\/\/digioppevara.edu.ee\/kvaliteet\/wp-json\/wp\/v2\/categories?post=464"},{"taxonomy":"post_tag","embeddable":true,"href":"https:\/\/digioppevara.edu.ee\/kvaliteet\/wp-json\/wp\/v2\/tags?post=464"}],"curies":[{"name":"wp","href":"https:\/\/api.w.org\/{rel}","templated":true}]}}