{"id":461,"date":"2023-12-07T16:32:30","date_gmt":"2023-12-07T14:32:30","guid":{"rendered":"https:\/\/digimaterjalid.cs.ut.ee\/?page_id=461"},"modified":"2026-03-06T15:40:12","modified_gmt":"2026-03-06T13:40:12","slug":"soovitused-valik","status":"publish","type":"page","link":"https:\/\/digioppevara.edu.ee\/kvaliteet\/soovitused-valik\/","title":{"rendered":"Soovitusi erinevat t\u00fc\u00fcpi \u00f5ppevara kasutamiseks"},"content":{"rendered":"\n<div class=\"wp-block-group alignwide is-vertical is-content-justification-center is-layout-flex wp-container-core-group-is-layout-aa1216ed wp-block-group-is-layout-flex\" style=\"margin-top:var(--wp--preset--spacing--20);margin-bottom:var(--wp--preset--spacing--20)\">\n<div class=\"wp-block-buttons is-content-justification-center is-layout-flex wp-container-core-buttons-is-layout-a89b3969 wp-block-buttons-is-layout-flex\">\n<div class=\"wp-block-button\"><a class=\"wp-block-button__link has-medium-font-size has-custom-font-size wp-element-button\" href=\"https:\/\/digioppevara.edu.ee\/kvaliteet\/soovitused-valik\/soovitusi-adaptiivsete-oppesusteemide-kasutamiseks\/\">Adaptiivsed \u00f5ppes\u00fcsteemid<\/a><\/div>\n<\/div>\n\n\n\n<div class=\"wp-block-buttons is-content-justification-center is-layout-flex wp-container-core-buttons-is-layout-a89b3969 wp-block-buttons-is-layout-flex\">\n<div class=\"wp-block-button\"><a class=\"wp-block-button__link has-medium-font-size has-custom-font-size wp-element-button\" href=\"https:\/\/digioppevara.edu.ee\/kvaliteet\/soovitused-valik\/soovitusi-animatsioonide-simulatsioonide-ja-virtuaalsete-laborite-loomiseks-ja-kasutamiseks\/\">Animatsioonid, simulatsioonid ja virtuaalsed laborid<\/a><\/div>\n<\/div>\n\n\n\n<div class=\"wp-block-buttons is-content-justification-center is-layout-flex wp-container-core-buttons-is-layout-a89b3969 wp-block-buttons-is-layout-flex\">\n<div class=\"wp-block-button\"><a class=\"wp-block-button__link has-medium-font-size has-custom-font-size wp-element-button\" href=\"https:\/\/digioppevara.edu.ee\/kvaliteet\/soovitused-valik\/soovitusi-esitluste-loomiseks-ja-kasutamiseks\/\">Esitlused<\/a><\/div>\n\n\n\n<div class=\"wp-block-button\"><a class=\"wp-block-button__link has-medium-font-size has-custom-font-size wp-element-button\" href=\"https:\/\/digioppevara.edu.ee\/kvaliteet\/soovitused-valik\/soovitusi-e-opikute-kasutamiseks\/\">E-\u00f5pikud<\/a><\/div>\n<\/div>\n\n\n\n<div class=\"wp-block-buttons is-content-justification-center is-layout-flex wp-container-core-buttons-is-layout-a89b3969 wp-block-buttons-is-layout-flex\">\n<div class=\"wp-block-button\"><a class=\"wp-block-button__link has-medium-font-size has-custom-font-size wp-element-button\" href=\"https:\/\/digioppevara.edu.ee\/kvaliteet\/soovitused-valik\/soovitusi-kusimustike-testide-toolehtede-loomiseks-ja-kasutamiseks\/\">K\u00fcsimustike, testide ja t\u00f6\u00f6lehtede t\u00f6\u00f6riistad<\/a><\/div>\n<\/div>\n\n\n\n<div class=\"wp-block-buttons is-content-justification-center is-layout-flex wp-container-core-buttons-is-layout-a89b3969 wp-block-buttons-is-layout-flex\">\n<div class=\"wp-block-button\"><a class=\"wp-block-button__link has-medium-font-size has-custom-font-size wp-element-button\" href=\"https:\/\/digioppevara.edu.ee\/kvaliteet\/soovitused-valik\/soovitusi-tehisaru-kasutamiseks-oppetooks\/\">Tehisaru<\/a><\/div>\n<\/div>\n\n\n\n<div class=\"wp-block-buttons is-content-justification-center is-layout-flex wp-container-core-buttons-is-layout-a89b3969 wp-block-buttons-is-layout-flex\">\n<div class=\"wp-block-button\"><a class=\"wp-block-button__link has-medium-font-size has-custom-font-size wp-element-button\" href=\"https:\/\/digioppevara.edu.ee\/kvaliteet\/soovitused-valik\/soovitusi-virtuaalse-ja-liitreaalsuse-kasutamiseks\/\">Virtuaalse ja liitreaalsuse \u00f5pikeskkonnad<\/a><\/div>\n<\/div>\n\n\n\n<div class=\"wp-block-buttons is-content-justification-center is-layout-flex wp-container-core-buttons-is-layout-a89b3969 wp-block-buttons-is-layout-flex\">\n<div class=\"wp-block-button\"><a class=\"wp-block-button__link has-medium-font-size has-custom-font-size wp-element-button\" href=\"https:\/\/digioppevara.edu.ee\/kvaliteet\/soovitused-valik\/soovitusi-opihaldussusteemide-kasutamiseks\/\">\u00d5pihalduss\u00fcsteemid<\/a><\/div>\n<\/div>\n\n\n\n<div class=\"wp-block-buttons is-content-justification-center is-layout-flex wp-container-core-buttons-is-layout-a89b3969 wp-block-buttons-is-layout-flex\">\n<div class=\"wp-block-button\"><a class=\"wp-block-button__link has-medium-font-size has-custom-font-size wp-element-button\" href=\"https:\/\/digioppevara.edu.ee\/kvaliteet\/soovitused-valik\/soovitusi-oppemangude-kasutamiseks\/\">\u00d5ppem\u00e4ngud<\/a><\/div>\n\n\n\n<div class=\"wp-block-button\"><a class=\"wp-block-button__link has-medium-font-size has-custom-font-size wp-element-button\" href=\"https:\/\/digioppevara.edu.ee\/kvaliteet\/soovitused-valik\/soovitusi-oppevideote-kasutamiseks\/\">\u00d5ppevideod<\/a><\/div>\n<\/div>\n<\/div>\n\n\n<div style=\"margin-top:var(--wp--preset--spacing--50);margin-bottom:var(--wp--preset--spacing--50)\" class=\"taxonomy-post_tag is-style-pill wp-block-post-terms\"><a href=\"https:\/\/digioppevara.edu.ee\/kvaliteet\/tag\/juhendid\/\" rel=\"tag\">juhendid<\/a><span class=\"wp-block-post-terms__separator\"> <\/span><a href=\"https:\/\/digioppevara.edu.ee\/kvaliteet\/tag\/kuidas-kasutada\/\" rel=\"tag\">kuidas kasutada<\/a><span class=\"wp-block-post-terms__separator\"> <\/span><a href=\"https:\/\/digioppevara.edu.ee\/kvaliteet\/tag\/multimeedium\/\" rel=\"tag\">multimeedium<\/a><span class=\"wp-block-post-terms__separator\"> <\/span><a href=\"https:\/\/digioppevara.edu.ee\/kvaliteet\/tag\/soovitused\/\" rel=\"tag\">soovitused<\/a><\/div>\n\n\n<p><\/p>\n","protected":false},"excerpt":{"rendered":"","protected":false},"author":1,"featured_media":0,"parent":0,"menu_order":0,"comment_status":"closed","ping_status":"closed","template":"","meta":{"footnotes":""},"categories":[],"tags":[76,95,35,64],"class_list":["post-461","page","type-page","status-publish","hentry","tag-juhendid","tag-kuidas-kasutada","tag-multimeedium","tag-soovitused"],"_links":{"self":[{"href":"https:\/\/digioppevara.edu.ee\/kvaliteet\/wp-json\/wp\/v2\/pages\/461","targetHints":{"allow":["GET"]}}],"collection":[{"href":"https:\/\/digioppevara.edu.ee\/kvaliteet\/wp-json\/wp\/v2\/pages"}],"about":[{"href":"https:\/\/digioppevara.edu.ee\/kvaliteet\/wp-json\/wp\/v2\/types\/page"}],"author":[{"embeddable":true,"href":"https:\/\/digioppevara.edu.ee\/kvaliteet\/wp-json\/wp\/v2\/users\/1"}],"replies":[{"embeddable":true,"href":"https:\/\/digioppevara.edu.ee\/kvaliteet\/wp-json\/wp\/v2\/comments?post=461"}],"version-history":[{"count":37,"href":"https:\/\/digioppevara.edu.ee\/kvaliteet\/wp-json\/wp\/v2\/pages\/461\/revisions"}],"predecessor-version":[{"id":1521,"href":"https:\/\/digioppevara.edu.ee\/kvaliteet\/wp-json\/wp\/v2\/pages\/461\/revisions\/1521"}],"wp:attachment":[{"href":"https:\/\/digioppevara.edu.ee\/kvaliteet\/wp-json\/wp\/v2\/media?parent=461"}],"wp:term":[{"taxonomy":"category","embeddable":true,"href":"https:\/\/digioppevara.edu.ee\/kvaliteet\/wp-json\/wp\/v2\/categories?post=461"},{"taxonomy":"post_tag","embeddable":true,"href":"https:\/\/digioppevara.edu.ee\/kvaliteet\/wp-json\/wp\/v2\/tags?post=461"}],"curies":[{"name":"wp","href":"https:\/\/api.w.org\/{rel}","templated":true}]}}