{"id":46,"date":"2023-11-29T23:12:30","date_gmt":"2023-11-29T21:12:30","guid":{"rendered":"https:\/\/digimaterjalid.cs.ut.ee\/?page_id=46"},"modified":"2026-03-06T16:17:40","modified_gmt":"2026-03-06T14:17:40","slug":"millal-ja-milleks-digioppevara","status":"publish","type":"page","link":"https:\/\/digioppevara.edu.ee\/kvaliteet\/millal-ja-milleks-digioppevara\/","title":{"rendered":"Millal ja milleks kasutada digi\u00f5ppevara?"},"content":{"rendered":"\n<blockquote class=\"wp-block-quote is-style-default has-base-2-background-color has-background is-layout-flow wp-block-quote-is-layout-flow\" style=\"margin-top:var(--wp--preset--spacing--40);margin-bottom:var(--wp--preset--spacing--40)\">\n<p style=\"font-size:clamp(0.875rem, 0.875rem + ((1vw - 0.2rem) * 0.625), 1.25rem);\">Digi\u00f5ppevara \u2013 nagu \u00fcldiselt \u00f5ppevara \u2013 kasutamine peab olema eesm\u00e4rgip\u00e4rane ja metoodiliselt m\u00f5testatud ning v\u00f5ib toetada \u00f5piprotsessi erinevaid etappe t\u00e4helepanu haaramisest ja motiveerimisest kuni \u00f5pitu kinnistamiseni. \u00d5ppevara on loodud kindla eesm\u00e4rgiga ja \u00f5ppijakesksete \u00f5piv\u00e4ljunditega ning toetab nende saavutamist ja \u00f5pioskuste arendamist: vastab sihtr\u00fchma vajadustele ja v\u00f5imalustele ning on nii raskusastmelt kui ka sisult eakohane ja \u00f5ppija eelteadmisi arvestav.<\/p>\n<\/blockquote>\n\n\n\n<div class=\"wp-block-group alignfull has-base-2-background-color has-background has-global-padding is-layout-constrained wp-container-core-group-is-layout-f218c21b wp-block-group-is-layout-constrained\" style=\"margin-top:var(--wp--preset--spacing--30);margin-bottom:var(--wp--preset--spacing--30);padding-top:var(--wp--preset--spacing--40);padding-right:var(--wp--preset--spacing--60);padding-bottom:var(--wp--preset--spacing--40);padding-left:var(--wp--preset--spacing--60)\">\n<p class=\"has-text-align-left\">Digi\u00f5ppevara kasutamine \u00f5ppetegevuse erinevates etappides s\u00f5ltub \u00f5ppet\u00f6\u00f6 iseloomust, eesm\u00e4rgist ja kavandatavatest tegevustest. Digi\u00f5ppevara v\u00f5ib kasutada nii akadeemilise sisu omandamiseks kui ka \u00fcldise abivahendina \u00f5ppimise toetamiseks ning suhtluse t\u00f5hustamiseks.<\/p>\n\n\n\n<div class=\"wp-block-columns alignwide is-layout-flex wp-container-core-columns-is-layout-1f58e298 wp-block-columns-is-layout-flex\" style=\"padding-top:var(--wp--preset--spacing--20);padding-bottom:var(--wp--preset--spacing--10)\">\n<div class=\"wp-block-column is-layout-flow wp-container-core-column-is-layout-e3d1c41b wp-block-column-is-layout-flow\">\n<h4 class=\"wp-block-heading has-contrast-2-color has-text-color has-link-color wp-elements-7886f60d360949fc70f05d3df2c8e20f\">Sisule suunatud<\/h4>\n\n\n\n<p class=\"has-text-align-left\">Sisule suunatud digi\u00f5ppevara v\u00f5imaldab n\u00e4iteks tutvustada uut \u00f5ppesisu ja\/v\u00f5i toetada selle omandamist, sh l\u00e4bi harjutamise, ning anda tagasisidet \u00f5pieesm\u00e4rkide t\u00e4itmise kohta. Sellise \u00f5ppevara hulka kuuluvad n\u00e4iteks e-raamatud, \u00f5ppevideod, \u00fclesanded, harjutused, testid.<\/p>\n<\/div>\n\n\n\n<div class=\"wp-block-column is-layout-flow wp-container-core-column-is-layout-e3d1c41b wp-block-column-is-layout-flow\">\n<h4 class=\"wp-block-heading has-contrast-2-color has-text-color has-link-color wp-elements-e0cd49c021b1e6a3c348575b6c9d9975\">\u00d5piprotsessi toetav<\/h4>\n\n\n\n<p class=\"has-text-align-left\">\u00d5piprotsessi toetav digi\u00f5ppevara v\u00f5imaldab n\u00e4iteks planeerida, dokumenteerida, korrastada ja anal\u00fc\u00fcsida \u00f5ppesisu, kuid ei sisalda algselt akadeemilist sisu. Sellise \u00f5ppevara hulka kuuluvad n\u00e4iteks tekstiredaktorid, slaidiesitlus-, videoloome- ja andmeanal\u00fc\u00fcsit\u00f6\u00f6riistad.<\/p>\n<\/div>\n\n\n\n<div class=\"wp-block-column is-layout-flow wp-container-core-column-is-layout-e3d1c41b wp-block-column-is-layout-flow\">\n<h4 class=\"wp-block-heading has-contrast-2-color has-text-color has-link-color wp-elements-1bf0d684fdcc6e82aea813f401106375\">Suhtlust toetav<\/h4>\n\n\n\n<p>Suhtlust toetav digi\u00f5ppevara v\u00f5imaldab n\u00e4iteks suhelda, koost\u00f6\u00f6d teha v\u00f5i teavet jagada, kuid sarnaselt \u00f5piprotsessi toetavale digi\u00f5ppevarale ei sisalda see algselt akadeemilist sisu. Sellise \u00f5ppevara hulka kuuluvad n\u00e4iteks meilis\u00f5numid, kiirs\u00f5numi- ja videosuhtlusplatvormid, k\u00fcsitlused, ajaveebid.<\/p>\n<\/div>\n<\/div>\n\n\n\n<p class=\"has-text-align-left has-custom-oran-background-color has-background\">Erinevate eesm\u00e4rkidega digi\u00f5ppevara v\u00f5ib mitmek\u00fclgsema \u00f5piprotsessi toetamiseks ka kombineerida. N\u00e4iteks keele\u00f5ppes v\u00f5ib \u00f5petaja kasutada \u00f5pihalduss\u00fcsteemi, et luua \u00f5ppijatele individuaalset \u00f5ppesisu ja j\u00e4lgida nende edusamme. Lisaks v\u00f5ib \u00f5petaja kasutada sotsiaalmeedialahendusi, et luua \u00f5ppijatele v\u00f5imalusi suhtlemiseks ja keele praktiseerimiseks. Sellise kombinatsiooniga saab \u00f5petaja pakkuda personaalsemat ja t\u00f5husamat keele\u00f5pet.<\/p>\n<\/div>\n\n\n\n<div class=\"wp-block-group is-layout-flow wp-container-core-group-is-layout-cd276c71 wp-block-group-is-layout-flow\" style=\"margin-top:var(--wp--preset--spacing--40);margin-bottom:var(--wp--preset--spacing--40)\">\n<blockquote class=\"wp-block-quote is-layout-flow wp-block-quote-is-layout-flow\" style=\"margin-top:var(--wp--preset--spacing--30);margin-bottom:var(--wp--preset--spacing--30)\">\n<p style=\"margin-top:0;margin-bottom:0;font-size:clamp(0.875rem, 0.875rem + ((1vw - 0.2rem) * 0.625), 1.25rem);\">Digi\u00f5ppevara kasutamine peaks pedagoogilisi meetodeid t\u00f5hustama, mitte neid asendama. See t\u00e4hendab, et digi\u00f5ppevara kasutamine ei tohiks olla eesm\u00e4rk omaette, vaid peaks toetama ja edendama \u00fcldisi pedagoogilisi eesm\u00e4rke.<\/p>\n<\/blockquote>\n\n\n\n<p>Enne digi\u00f5ppevara kasutamist tuleks hinnata selle kasutamise vajadust, st tuleks kaaluda selle kasutusv\u00f5imalusi (ingl <em>affordances<\/em>): mida sellega \u00f5ppimise ja \u00f5petamise t\u00f5hustamiseks teha annab. N\u00e4iteks saab digitaalse \u00f5ppevaraga valida \u00f5ppimise aega ja kohta ning kohandada \u00f5ppesisu raskusastet ja \u00f5ppimise tempot.<\/p>\n\n\n\n<p>Digi\u00f5ppevara toetab personaliseeritud \u00f5pet: v\u00f5imaldab \u00f5piprotsessi kohandada vastavalt \u00f5ppija vajadustele, oskustele ja eelistustele, arvestada \u00f5ppija individuaalsete huvidega. Nii on v\u00f5imalik t\u00f5husamalt \u00f5ppida ja ka \u00f5pimotivatsioon on k\u00f5rgem. <\/p>\n\n\n\n<p style=\"margin-bottom:var(--wp--preset--spacing--40)\">Lisaks saavad \u00f5ppijad ja \u00f5petajad digi\u00f5ppevara abil kohandada \u00f5ppimist vastavalt erinevatele \u00f5piolukordadele ja -meetoditele, toetatud on erinevad \u00f5ppevormid ja -eelistused (traditsiooniline klassiruum, kaug\u00f5pe, h\u00fcbriid\u00f5pe vm).<\/p>\n<\/div>\n\n\n\n<div class=\"wp-block-group alignfull has-base-2-background-color has-background has-global-padding is-layout-constrained wp-container-core-group-is-layout-b2564d92 wp-block-group-is-layout-constrained\" style=\"padding-top:var(--wp--preset--spacing--40);padding-right:var(--wp--preset--spacing--60);padding-bottom:var(--wp--preset--spacing--30);padding-left:var(--wp--preset--spacing--60)\">\n<h2 class=\"wp-block-heading has-text-align-center is-style-default has-large-font-size\" style=\"margin-bottom:var(--wp--preset--spacing--40)\">Otsusta, kas Sinu eesm\u00e4rgi saavutamiseks oleks m\u00f5istlik kasutada digi\u00f5ppevara<\/h2>\n\n\n\n<div class=\"wp-block-columns alignwide is-layout-flex wp-container-core-columns-is-layout-a37ede85 wp-block-columns-is-layout-flex\" style=\"padding-right:var(--wp--preset--spacing--40);padding-left:var(--wp--preset--spacing--40)\">\n<div class=\"wp-block-column is-layout-flow wp-container-core-column-is-layout-e3d1c41b wp-block-column-is-layout-flow\">\n<h3 class=\"wp-block-heading has-text-align-left is-style-default has-contrast-2-color has-text-color has-link-color has-body-font-family has-large-font-size wp-elements-37cc1cb52712447ad68f51e6b6175f3f\" style=\"font-style:normal;font-weight:600\">1<\/h3>\n\n\n\n<p class=\"has-text-align-left\">Mis on Sinu \u00f5petamise v\u00f5i Sinu \u00f5ppijate \u00f5ppimise eesm\u00e4rk?<\/p>\n<\/div>\n\n\n\n<div class=\"wp-block-column is-layout-flow wp-container-core-column-is-layout-e3d1c41b wp-block-column-is-layout-flow\">\n<h3 class=\"wp-block-heading has-text-align-left is-style-default has-contrast-2-color has-text-color has-link-color has-body-font-family has-large-font-size wp-elements-4f6c2ce69e3f8dee99be220d1dc48404\" style=\"font-style:normal;font-weight:600\">2<\/h3>\n\n\n\n<p class=\"has-text-align-left\">Kuidas v\u00f5iks digi\u00f5ppevara aidata seda eesm\u00e4rki saavutada?<\/p>\n<\/div>\n<\/div>\n\n\n\n<div class=\"wp-block-columns alignwide is-layout-flex wp-container-core-columns-is-layout-dacc17be wp-block-columns-is-layout-flex\" style=\"padding-top:var(--wp--preset--spacing--10);padding-right:var(--wp--preset--spacing--40);padding-bottom:var(--wp--preset--spacing--10);padding-left:var(--wp--preset--spacing--40)\">\n<div class=\"wp-block-column is-layout-flow wp-container-core-column-is-layout-e3d1c41b wp-block-column-is-layout-flow\">\n<h3 class=\"wp-block-heading has-text-align-left is-style-default has-contrast-2-color has-text-color has-link-color has-body-font-family has-large-font-size wp-elements-42f416d240b7264844be6b7a2f486f86\" style=\"font-style:normal;font-weight:600\">3<\/h3>\n\n\n\n<p class=\"has-text-align-left\">Mis oleks siinkohal digi\u00f5ppevara kasutamise pedagoogiline v\u00e4\u00e4rtus \u2013 miks on nii t\u00f5husam \u00f5ppida, miks on \u00f5ppimine s\u00fcgavam v\u00f5i \u00f5ppijad enam kaasatud, miks saavutatakse paremad v\u00f5i p\u00fcsivamad tulemused?<\/p>\n<\/div>\n\n\n\n<div class=\"wp-block-column is-layout-flow wp-container-core-column-is-layout-e3d1c41b wp-block-column-is-layout-flow\">\n<h3 class=\"wp-block-heading has-text-align-left is-style-default has-contrast-2-color has-text-color has-link-color has-body-font-family has-large-font-size wp-elements-37f56868b733746c10f4938e02d545a3\" style=\"font-style:normal;font-weight:600\">4<\/h3>\n\n\n\n<p class=\"has-text-align-left\">Millised oleksid v\u00f5imalused sama eesm\u00e4rgi saavutamiseks digimaterjale kasutamata ja miks ei ole need nii head kui digiv\u00f5imalused?<\/p>\n<\/div>\n<\/div>\n<\/div>\n\n\n<div style=\"padding-top:var(--wp--preset--spacing--20);margin-top:var(--wp--preset--spacing--40);margin-bottom:var(--wp--preset--spacing--40)\" class=\"taxonomy-post_tag is-style-pill wp-block-post-terms\"><a href=\"https:\/\/digioppevara.edu.ee\/kvaliteet\/tag\/kasutusvoimalused\/\" rel=\"tag\">kasutusv\u00f5imalused<\/a><span class=\"wp-block-post-terms__separator\"> <\/span><a href=\"https:\/\/digioppevara.edu.ee\/kvaliteet\/tag\/pohjendatus\/\" rel=\"tag\">p\u00f5hjendatus<\/a><\/div>\n\n<div class=\"has-avatars has-dates has-excerpts no-comments wp-block-latest-comments\">Kommentaare ei ole.<\/div>\n\n\t<div id=\"respond\" style=\"padding-bottom:var(--wp--preset--spacing--40);\" class=\"comment-respond wp-block-post-comments-form\">\n\t\t<h3 id=\"reply-title\" class=\"comment-reply-title\">Lisa kommentaar <small><a rel=\"nofollow\" id=\"cancel-comment-reply-link\" href=\"\/kvaliteet\/wp-json\/wp\/v2\/pages\/46#respond\" style=\"display:none;\">T\u00fchista vastus<\/a><\/small><\/h3><form action=\"https:\/\/digioppevara.edu.ee\/kvaliteet\/wp-comments-post.php\" method=\"post\" id=\"commentform\" class=\"comment-form\"><p class=\"comment_notes\">Sinu e-postiaadressi ei avaldata.<\/p><p class=\"comment-form-comment\"><label for=\"comment\">Kommenteeri <span class=\"required\">*<\/span><\/label> <textarea id=\"comment\" name=\"comment\" cols=\"45\" rows=\"8\" maxlength=\"65525\" required><\/textarea><\/p><p class=\"comment-form-author\"><label for=\"author\">Nimi <span class=\"required\">*<\/span><\/label> <input id=\"author\" name=\"author\" type=\"text\" value=\"\" size=\"30\" maxlength=\"245\" autocomplete=\"name\" required \/><\/p>\n<p class=\"comment-form-email\"><label for=\"email\">E-post <span class=\"required\">*<\/span><\/label> <input id=\"email\" name=\"email\" type=\"email\" value=\"\" size=\"30\" maxlength=\"100\" autocomplete=\"email\" required \/><\/p>\n<p class=\"comment-form-cookies-consent\"><input id=\"wp-comment-cookies-consent\" name=\"wp-comment-cookies-consent\" type=\"checkbox\" value=\"yes\" \/> <label for=\"wp-comment-cookies-consent\">Salvesta minu nimi, e-posti- ja veebiaadress sellesse veebilehitsejasse j\u00e4rgmiste kommentaaride jaoks.<\/label><\/p>\n<p class=\"form-submit wp-block-button\"><input name=\"submit\" type=\"submit\" id=\"submit\" class=\"wp-block-button__link wp-element-button\" value=\"Saada kommentaar\" \/> <input type='hidden' name='comment_post_ID' value='46' id='comment_post_ID' \/>\n<input type='hidden' name='comment_parent' id='comment_parent' value='0' \/>\n<\/p><p style=\"display: none !important;\" class=\"akismet-fields-container\" data-prefix=\"ak_\"><label>&#916;<textarea name=\"ak_hp_textarea\" cols=\"45\" rows=\"8\" maxlength=\"100\"><\/textarea><\/label><input type=\"hidden\" id=\"ak_js_1\" name=\"ak_js\" value=\"36\"\/><script>document.getElementById( \"ak_js_1\" ).setAttribute( \"value\", ( new Date() ).getTime() );<\/script><\/p><\/form>\t<\/div><!-- #respond -->\n\t","protected":false},"excerpt":{"rendered":"<p>Digi\u00f5ppevara \u2013 nagu \u00fcldiselt \u00f5ppevara \u2013 kasutamine peab olema eesm\u00e4rgip\u00e4rane ja metoodiliselt m\u00f5testatud ning v\u00f5ib toetada \u00f5piprotsessi erinevaid etappe t\u00e4helepanu haaramisest ja motiveerimisest kuni \u00f5pitu kinnistamiseni. \u00d5ppevara on loodud kindla eesm\u00e4rgiga ja \u00f5ppijakesksete \u00f5piv\u00e4ljunditega ning toetab nende saavutamist ja \u00f5pioskuste arendamist: vastab sihtr\u00fchma vajadustele ja v\u00f5imalustele ning on nii raskusastmelt kui ka sisult eakohane ja [&hellip;]<\/p>\n","protected":false},"author":1,"featured_media":0,"parent":0,"menu_order":0,"comment_status":"open","ping_status":"closed","template":"","meta":{"footnotes":""},"categories":[],"tags":[91,11],"class_list":["post-46","page","type-page","status-publish","hentry","tag-kasutusvoimalused","tag-pohjendatus"],"_links":{"self":[{"href":"https:\/\/digioppevara.edu.ee\/kvaliteet\/wp-json\/wp\/v2\/pages\/46","targetHints":{"allow":["GET"]}}],"collection":[{"href":"https:\/\/digioppevara.edu.ee\/kvaliteet\/wp-json\/wp\/v2\/pages"}],"about":[{"href":"https:\/\/digioppevara.edu.ee\/kvaliteet\/wp-json\/wp\/v2\/types\/page"}],"author":[{"embeddable":true,"href":"https:\/\/digioppevara.edu.ee\/kvaliteet\/wp-json\/wp\/v2\/users\/1"}],"replies":[{"embeddable":true,"href":"https:\/\/digioppevara.edu.ee\/kvaliteet\/wp-json\/wp\/v2\/comments?post=46"}],"version-history":[{"count":135,"href":"https:\/\/digioppevara.edu.ee\/kvaliteet\/wp-json\/wp\/v2\/pages\/46\/revisions"}],"predecessor-version":[{"id":1534,"href":"https:\/\/digioppevara.edu.ee\/kvaliteet\/wp-json\/wp\/v2\/pages\/46\/revisions\/1534"}],"wp:attachment":[{"href":"https:\/\/digioppevara.edu.ee\/kvaliteet\/wp-json\/wp\/v2\/media?parent=46"}],"wp:term":[{"taxonomy":"category","embeddable":true,"href":"https:\/\/digioppevara.edu.ee\/kvaliteet\/wp-json\/wp\/v2\/categories?post=46"},{"taxonomy":"post_tag","embeddable":true,"href":"https:\/\/digioppevara.edu.ee\/kvaliteet\/wp-json\/wp\/v2\/tags?post=46"}],"curies":[{"name":"wp","href":"https:\/\/api.w.org\/{rel}","templated":true}]}}