{"id":262,"date":"2023-12-04T21:15:12","date_gmt":"2023-12-04T19:15:12","guid":{"rendered":"https:\/\/digimaterjalid.cs.ut.ee\/?page_id=262"},"modified":"2026-03-03T17:33:00","modified_gmt":"2026-03-03T15:33:00","slug":"tehisaru","status":"publish","type":"page","link":"https:\/\/digioppevara.edu.ee\/kvaliteet\/digioppevara-voimaldavused\/tehisaru\/","title":{"rendered":"Iseloomulikke n\u00e4iteid tehisaru kasutamise eelistest"},"content":{"rendered":"\n<p class=\"has-base-2-background-color has-background\">Tehisaru toetab <strong>\u00fclesannete automatiseerimist<\/strong>. N\u00e4iteks v\u00f5ib tehisaru kasutada \u00f5ppet\u00f6\u00f6 planeerimiseks, -\u00fclesannete ja -materjalide koostamiseks.<\/p>\n\n\n\n<p class=\"has-base-2-background-color has-background\">Tehisaru toetab <strong>\u00f5pianal\u00fc\u00fctikat<\/strong>. N\u00e4iteks v\u00f5ib tehisaru kasutada \u00f5piprotsessi kohandamiseks vastavalt \u00f5ppijate individuaalsetele vajadustele. Tehisaru toetab \u00f5ppijate \u00f5pitulemuste j\u00e4lgimist, nende huvide ja vajaduste v\u00e4ljaselgitamist v\u00f5i nende \u00f5piprotsessi kohta tagasiside andmist. <\/p>\n\n\n\n<p class=\"has-custom-oran-background-color has-background\">Vaata ka <a href=\"https:\/\/digioppevara.edu.ee\/kvaliteet\/soovitused-valik\/soovitusi-tehisaru-kasutamiseks-oppetooks\/\" data-type=\"link\" data-id=\"https:\/\/digioppevara.edu.ee\/kvaliteet\/soovitused-valik\/soovitusi-tehisaru-kasutamiseks-oppetooks\/\">soovitusi<\/a> tehisaru kasutamiseks \u00f5ppet\u00f6\u00f6s.<\/p>\n\n\n\n<div style=\"height:15px\" aria-hidden=\"true\" class=\"wp-block-spacer\"><\/div>\n\n\n<div class=\"taxonomy-post_tag is-style-pill wp-block-post-terms\"><a href=\"https:\/\/digioppevara.edu.ee\/kvaliteet\/tag\/ai\/\" rel=\"tag\">AI<\/a><span class=\"wp-block-post-terms__separator\"> <\/span><a href=\"https:\/\/digioppevara.edu.ee\/kvaliteet\/tag\/automatiseerimine\/\" rel=\"tag\">automatiseerimine<\/a><span class=\"wp-block-post-terms__separator\"> <\/span><a href=\"https:\/\/digioppevara.edu.ee\/kvaliteet\/tag\/kasutusvoimalused\/\" rel=\"tag\">kasutusv\u00f5imalused<\/a><span class=\"wp-block-post-terms__separator\"> <\/span><a href=\"https:\/\/digioppevara.edu.ee\/kvaliteet\/tag\/opianaluutika\/\" rel=\"tag\">\u00f5pianal\u00fc\u00fctika<\/a><span class=\"wp-block-post-terms__separator\"> <\/span><a href=\"https:\/\/digioppevara.edu.ee\/kvaliteet\/tag\/tehisaru\/\" rel=\"tag\">tehisaru<\/a><\/div>\n\n\n<div style=\"height:15px\" aria-hidden=\"true\" class=\"wp-block-spacer\"><\/div>\n","protected":false},"excerpt":{"rendered":"<p>Tehisaru toetab \u00fclesannete automatiseerimist. N\u00e4iteks v\u00f5ib tehisaru kasutada \u00f5ppet\u00f6\u00f6 planeerimiseks, -\u00fclesannete ja -materjalide koostamiseks. Tehisaru toetab \u00f5pianal\u00fc\u00fctikat. N\u00e4iteks v\u00f5ib tehisaru kasutada \u00f5piprotsessi kohandamiseks vastavalt \u00f5ppijate individuaalsetele vajadustele. Tehisaru toetab \u00f5ppijate \u00f5pitulemuste j\u00e4lgimist, nende huvide ja vajaduste v\u00e4ljaselgitamist v\u00f5i nende \u00f5piprotsessi kohta tagasiside andmist. Vaata ka soovitusi tehisaru kasutamiseks \u00f5ppet\u00f6\u00f6s.<\/p>\n","protected":false},"author":1,"featured_media":0,"parent":141,"menu_order":0,"comment_status":"closed","ping_status":"closed","template":"","meta":{"footnotes":""},"categories":[],"tags":[49,47,91,48,46],"class_list":["post-262","page","type-page","status-publish","hentry","tag-ai","tag-automatiseerimine","tag-kasutusvoimalused","tag-opianaluutika","tag-tehisaru"],"_links":{"self":[{"href":"https:\/\/digioppevara.edu.ee\/kvaliteet\/wp-json\/wp\/v2\/pages\/262","targetHints":{"allow":["GET"]}}],"collection":[{"href":"https:\/\/digioppevara.edu.ee\/kvaliteet\/wp-json\/wp\/v2\/pages"}],"about":[{"href":"https:\/\/digioppevara.edu.ee\/kvaliteet\/wp-json\/wp\/v2\/types\/page"}],"author":[{"embeddable":true,"href":"https:\/\/digioppevara.edu.ee\/kvaliteet\/wp-json\/wp\/v2\/users\/1"}],"replies":[{"embeddable":true,"href":"https:\/\/digioppevara.edu.ee\/kvaliteet\/wp-json\/wp\/v2\/comments?post=262"}],"version-history":[{"count":14,"href":"https:\/\/digioppevara.edu.ee\/kvaliteet\/wp-json\/wp\/v2\/pages\/262\/revisions"}],"predecessor-version":[{"id":1300,"href":"https:\/\/digioppevara.edu.ee\/kvaliteet\/wp-json\/wp\/v2\/pages\/262\/revisions\/1300"}],"up":[{"embeddable":true,"href":"https:\/\/digioppevara.edu.ee\/kvaliteet\/wp-json\/wp\/v2\/pages\/141"}],"wp:attachment":[{"href":"https:\/\/digioppevara.edu.ee\/kvaliteet\/wp-json\/wp\/v2\/media?parent=262"}],"wp:term":[{"taxonomy":"category","embeddable":true,"href":"https:\/\/digioppevara.edu.ee\/kvaliteet\/wp-json\/wp\/v2\/categories?post=262"},{"taxonomy":"post_tag","embeddable":true,"href":"https:\/\/digioppevara.edu.ee\/kvaliteet\/wp-json\/wp\/v2\/tags?post=262"}],"curies":[{"name":"wp","href":"https:\/\/api.w.org\/{rel}","templated":true}]}}