{"id":205,"date":"2023-12-04T01:21:05","date_gmt":"2023-12-03T23:21:05","guid":{"rendered":"https:\/\/digimaterjalid.cs.ut.ee\/?page_id=205"},"modified":"2026-03-03T17:17:34","modified_gmt":"2026-03-03T15:17:34","slug":"kohene-tagasiside","status":"publish","type":"page","link":"https:\/\/digioppevara.edu.ee\/kvaliteet\/digioppevara-voimaldavused\/kohene-tagasiside\/","title":{"rendered":"Kohene tagasiside"},"content":{"rendered":"\n<p>Digi\u00f5ppevara v\u00f5imaldab saada \u00f5ppimisele <strong>kohest edasiviivat tagasisidet<\/strong>: n\u00e4iteks enesekontrolli testid aitavad \u00f5ppijal hinnata, kuidas ta \u00f5ppematerjalist aru saab, ning toovad v\u00e4lja, millele veel t\u00e4helepanu p\u00f6\u00f6rata. \u00d5petajad saavad neid andmeid kasutada teadlike otsuste tegemiseks ja sihip\u00e4rase toe pakkumiseks.<\/p>\n\n\n\n<p>Vaata allpool n\u00e4iteid digi\u00f5ppevarast, mis v\u00f5imaldab kohest edasiviivat tagasisidet.<\/p>\n\n\n\n<div class=\"wp-block-group has-global-padding is-layout-constrained wp-block-group-is-layout-constrained\">\n<details class=\"wp-block-details is-style-arrow-icon-details has-contrast-color has-text-color has-link-color has-medium-font-size wp-elements-ba37f98988a57ea7fc24096919463a5c is-layout-flow wp-block-details-is-layout-flow\"><summary><strong>K\u00fcsimustikud, testid ja t\u00f6\u00f6lehed<\/strong>&#8230;<\/summary>\n<p class=\"has-base-2-background-color has-background\">T\u00f6\u00f6riistad nagu Google Forms, Microsoft Forms, LiveWorksheets, Wiser ja Formative v\u00f5imaldavad luua k\u00fcsimustikke, teste ja t\u00f6\u00f6lehti, kus \u00f5ppijad saavad vastata ning saada koheselt tagasisidet oma vastuste \u00f5igsuse ja tulemuste kohta. Lisaks v\u00f5imaldab enamik \u00f5pihalduss\u00fcsteeme, n\u00e4iteks Socrative, Moodle ja Google Classroom, luua \u00fclesandeid, teste ja k\u00fcsimustikke, mis annavad \u00f5ppijale kohest tagasisidet. \u00d5ppijad saavad teada oma tulemused ja hinnangud kohe p\u00e4rast nende \u00fclesannete esitamist.<\/p>\n\n\n\n<p class=\"has-custom-oran-background-color has-background\">Vaata&nbsp;<a href=\"https:\/\/digioppevara.edu.ee\/kvaliteet\/soovitused-valik\/soovitusi-kusimustike-testide-toolehtede-loomiseks-ja-kasutamiseks\/\" data-type=\"link\" data-id=\"https:\/\/digioppevara.edu.ee\/kvaliteet\/soovitused-valik\/soovitusi-kusimustike-testide-toolehtede-loomiseks-ja-kasutamiseks\/\">soovitusi<\/a>&nbsp;k\u00fcsimustike, testide, t\u00f6\u00f6lehtede loomiseks ja kasutamiseks \u00f5ppet\u00f6\u00f6s.<\/p>\n<\/details>\n\n\n\n<details class=\"wp-block-details is-style-arrow-icon-details is-layout-flow wp-block-details-is-layout-flow\"><summary><strong>\u00d5ppem\u00e4ngud<\/strong>&#8230;<\/summary>\n<p class=\"has-base-2-background-color has-background\">N\u00e4iteks pakuvad LearningApps, Kahoot!, Quizlet, Quizizz ja Loquiz \u00f5ppijale kohest tagasisidet iga k\u00fcsimuse v\u00f5i \u00fclesande l\u00f5pus. \u00d5ppijad saavad teada, kas nad vastasid \u00f5igesti v\u00f5i valesti ning saavad tagasisidet oma edusammude kohta m\u00e4ngustatud \u00f5ppeprotsessi k\u00e4igus.<\/p>\n\n\n\n<p class=\"has-custom-oran-background-color has-background\">Vaata&nbsp;<a href=\"https:\/\/digioppevara.edu.ee\/kvaliteet\/soovitused-valik\/soovitusi-oppemangude-kasutamiseks\/\" data-type=\"link\" data-id=\"https:\/\/digioppevara.edu.ee\/kvaliteet\/soovitused-valik\/soovitusi-oppemangude-kasutamiseks\/\">soovitusi<\/a>&nbsp;\u00f5ppem\u00e4ngude kasutamiseks.<\/p>\n<\/details>\n\n\n\n<details class=\"wp-block-details is-style-arrow-icon-details is-layout-flow wp-block-details-is-layout-flow\"><summary><strong>Adaptiivsed \u00f5ppes\u00fcsteemid<\/strong>&#8230;<\/summary>\n<p class=\"has-base-2-background-color has-background\">N\u00e4iteks Khan Academy, Quizalize, Memrise, Nutisport ja Smart Sparrow kohandavad \u00f5ppesisu vastavalt \u00f5ppijate individuaalsetele vajadustele ja edusammudele, pakkudes neile kohandatud \u00f5ppematerjale ja tagasisidet. Lisaks v\u00f5imaldavad enamik \u00f5ppehalduss\u00fcsteeme, n\u00e4iteks Socrates, Moodle ja Google Classroom, kohandada \u00f5piprotsessi vastavalt \u00f5ppijate tulemustele, pakkudes kohest tagasisidet ja suunates neid edasi \u00f5ppimise n\u00f5rgematele aladele.<\/p>\n\n\n\n<p class=\"has-custom-oran-background-color has-background\">Vaata <a href=\"https:\/\/digioppevara.edu.ee\/kvaliteet\/soovitused-valik\/soovitusi-adaptiivsete-oppesusteemide-kasutamiseks\/\" data-type=\"link\" data-id=\"https:\/\/digioppevara.edu.ee\/kvaliteet\/soovitused-valik\/soovitusi-adaptiivsete-oppesusteemide-kasutamiseks\/\">soovitusi<\/a> adaptiivsete \u00f5ppes\u00fcsteemide kasutamiseks.<\/p>\n<\/details>\n\n\n\n<details class=\"wp-block-details is-style-arrow-icon-details is-layout-flow wp-block-details-is-layout-flow\"><summary><strong>Simulaatorid ja virtuaalsed laborid<\/strong>&#8230;<\/summary>\n<p class=\"has-base-2-background-color has-background\">N\u00e4iteks GeoGebra, Virtual Labs, PhET, Codecademy, MIT App Inventor ja Scratch pakuvad \u00f5ppijatele v\u00f5imalust teha praktilisi katseid ja katsetusi virtuaalselt ja saada koheselt tagasisidet nende tegevuse tulemuste kohta.<\/p>\n\n\n\n<p class=\"has-custom-oran-background-color has-background\">Vaata <a href=\"https:\/\/digioppevara.edu.ee\/kvaliteet\/soovitused-valik\/soovitusi-animatsioonide-simulatsioonide-ja-virtuaalsete-laborite-loomiseks-ja-kasutamiseks\/\" data-type=\"link\" data-id=\"https:\/\/digioppevara.edu.ee\/kvaliteet\/soovitused-valik\/soovitusi-animatsioonide-simulatsioonide-ja-virtuaalsete-laborite-loomiseks-ja-kasutamiseks\/\">soovitusi<\/a> animatsioonide, simulatsioonide ja virtuaalsete laborite loomiseks ja kasutamiseks.<\/p>\n<\/details>\n<\/div>\n\n\n\n<div style=\"height:15px\" aria-hidden=\"true\" class=\"wp-block-spacer\"><\/div>\n\n\n<div class=\"taxonomy-post_tag is-style-pill wp-block-post-terms\"><a href=\"https:\/\/digioppevara.edu.ee\/kvaliteet\/tag\/adaptiivne-oppesusteem\/\" rel=\"tag\">adaptiivne \u00f5ppes\u00fcsteem<\/a><span class=\"wp-block-post-terms__separator\"> <\/span><a href=\"https:\/\/digioppevara.edu.ee\/kvaliteet\/tag\/interaktiivsus\/\" rel=\"tag\">interaktiivsus<\/a><span class=\"wp-block-post-terms__separator\"> <\/span><a href=\"https:\/\/digioppevara.edu.ee\/kvaliteet\/tag\/kasutusvoimalused\/\" rel=\"tag\">kasutusv\u00f5imalused<\/a><span class=\"wp-block-post-terms__separator\"> <\/span><a href=\"https:\/\/digioppevara.edu.ee\/kvaliteet\/tag\/kohanduv\/\" rel=\"tag\">kohanduv<\/a><span class=\"wp-block-post-terms__separator\"> <\/span><a href=\"https:\/\/digioppevara.edu.ee\/kvaliteet\/tag\/kohene-tagasiside\/\" rel=\"tag\">kohene tagasiside<\/a><span class=\"wp-block-post-terms__separator\"> <\/span><a href=\"https:\/\/digioppevara.edu.ee\/kvaliteet\/tag\/kusimustikud\/\" rel=\"tag\">k\u00fcsimustikud<\/a><span class=\"wp-block-post-terms__separator\"> <\/span><a href=\"https:\/\/digioppevara.edu.ee\/kvaliteet\/tag\/labor\/\" rel=\"tag\">labor<\/a><span class=\"wp-block-post-terms__separator\"> <\/span><a href=\"https:\/\/digioppevara.edu.ee\/kvaliteet\/tag\/oppemang\/\" rel=\"tag\">\u00f5ppem\u00e4ng<\/a><span class=\"wp-block-post-terms__separator\"> <\/span><a href=\"https:\/\/digioppevara.edu.ee\/kvaliteet\/tag\/simulaator\/\" rel=\"tag\">simulaator<\/a><span class=\"wp-block-post-terms__separator\"> <\/span><a href=\"https:\/\/digioppevara.edu.ee\/kvaliteet\/tag\/tagasiside\/\" rel=\"tag\">tagasiside<\/a><span class=\"wp-block-post-terms__separator\"> <\/span><a href=\"https:\/\/digioppevara.edu.ee\/kvaliteet\/tag\/testid\/\" rel=\"tag\">testid<\/a><span class=\"wp-block-post-terms__separator\"> <\/span><a href=\"https:\/\/digioppevara.edu.ee\/kvaliteet\/tag\/toolehed\/\" rel=\"tag\">t\u00f6\u00f6lehed<\/a><span class=\"wp-block-post-terms__separator\"> <\/span><a href=\"https:\/\/digioppevara.edu.ee\/kvaliteet\/tag\/virtuaalne-labor\/\" rel=\"tag\">virtuaalne labor<\/a><\/div>\n\n\n<div style=\"height:15px\" aria-hidden=\"true\" class=\"wp-block-spacer\"><\/div>\n","protected":false},"excerpt":{"rendered":"<p>Digi\u00f5ppevara v\u00f5imaldab saada \u00f5ppimisele kohest edasiviivat tagasisidet: n\u00e4iteks enesekontrolli testid aitavad \u00f5ppijal hinnata, kuidas ta \u00f5ppematerjalist aru saab, ning toovad v\u00e4lja, millele veel t\u00e4helepanu p\u00f6\u00f6rata. \u00d5petajad saavad neid andmeid kasutada teadlike otsuste tegemiseks ja sihip\u00e4rase toe pakkumiseks. Vaata allpool n\u00e4iteid digi\u00f5ppevarast, mis v\u00f5imaldab kohest edasiviivat tagasisidet.<\/p>\n","protected":false},"author":1,"featured_media":0,"parent":141,"menu_order":0,"comment_status":"open","ping_status":"closed","template":"","meta":{"footnotes":""},"categories":[],"tags":[57,5,91,31,21,23,29,26,28,22,24,25,30],"class_list":["post-205","page","type-page","status-publish","hentry","tag-adaptiivne-oppesusteem","tag-interaktiivsus","tag-kasutusvoimalused","tag-kohanduv","tag-kohene-tagasiside","tag-kusimustikud","tag-labor","tag-oppemang","tag-simulaator","tag-tagasiside","tag-testid","tag-toolehed","tag-virtuaalne-labor"],"_links":{"self":[{"href":"https:\/\/digioppevara.edu.ee\/kvaliteet\/wp-json\/wp\/v2\/pages\/205","targetHints":{"allow":["GET"]}}],"collection":[{"href":"https:\/\/digioppevara.edu.ee\/kvaliteet\/wp-json\/wp\/v2\/pages"}],"about":[{"href":"https:\/\/digioppevara.edu.ee\/kvaliteet\/wp-json\/wp\/v2\/types\/page"}],"author":[{"embeddable":true,"href":"https:\/\/digioppevara.edu.ee\/kvaliteet\/wp-json\/wp\/v2\/users\/1"}],"replies":[{"embeddable":true,"href":"https:\/\/digioppevara.edu.ee\/kvaliteet\/wp-json\/wp\/v2\/comments?post=205"}],"version-history":[{"count":36,"href":"https:\/\/digioppevara.edu.ee\/kvaliteet\/wp-json\/wp\/v2\/pages\/205\/revisions"}],"predecessor-version":[{"id":1291,"href":"https:\/\/digioppevara.edu.ee\/kvaliteet\/wp-json\/wp\/v2\/pages\/205\/revisions\/1291"}],"up":[{"embeddable":true,"href":"https:\/\/digioppevara.edu.ee\/kvaliteet\/wp-json\/wp\/v2\/pages\/141"}],"wp:attachment":[{"href":"https:\/\/digioppevara.edu.ee\/kvaliteet\/wp-json\/wp\/v2\/media?parent=205"}],"wp:term":[{"taxonomy":"category","embeddable":true,"href":"https:\/\/digioppevara.edu.ee\/kvaliteet\/wp-json\/wp\/v2\/categories?post=205"},{"taxonomy":"post_tag","embeddable":true,"href":"https:\/\/digioppevara.edu.ee\/kvaliteet\/wp-json\/wp\/v2\/tags?post=205"}],"curies":[{"name":"wp","href":"https:\/\/api.w.org\/{rel}","templated":true}]}}