{"id":192,"date":"2023-12-04T00:27:55","date_gmt":"2023-12-03T22:27:55","guid":{"rendered":"https:\/\/digimaterjalid.cs.ut.ee\/?page_id=192"},"modified":"2026-03-03T17:19:32","modified_gmt":"2026-03-03T15:19:32","slug":"isikuparastatud-opikogemus","status":"publish","type":"page","link":"https:\/\/digioppevara.edu.ee\/kvaliteet\/digioppevara-voimaldavused\/isikuparastatud-opikogemus\/","title":{"rendered":"Isikup\u00e4rastatud \u00f5pikogemus"},"content":{"rendered":"\n<p>Digi\u00f5ppevara toetab <strong>isikup\u00e4rastatud \u00f5pikogemuse <\/strong>saamist ning v\u00f5imaldab <strong>kohandada \u00f5ppesisu omandamist<\/strong> vastavalt oma \u00f5pieelistustele: nii saab \u00f5ppija endale sobiva v\u00e4ljakutse ning kontrolli oma \u00f5pitempo \u00fcle. N\u00e4iteks saab ta ise valida \u00f5ppevideo m\u00e4ngimise kiirust ning soovitud kohti taasesitada. Lisaks toetab digi\u00f5ppevara erineva tausta ja erinevate vajadustega \u00f5ppijate \u00f5ppeprotsessi, v\u00f5imaldades \u00f5ppida erinevates keskkondades ja erinevatel viisidel. Digi\u00f5ppevara lubab \u00f5ppijatel kohandada oma \u00f5pikeskkonda: nad saavad valida, millist teavet nad soovivad n\u00e4ha ja kuidas see on korraldatud.<\/p>\n\n\n\n<p>Vaata allpool n\u00e4iteid digi\u00f5ppevarast, mis toetab isikup\u00e4rastatud \u00f5pikogemuse saamist.<\/p>\n\n\n\n<div class=\"wp-block-group has-global-padding is-layout-constrained wp-block-group-is-layout-constrained\">\n<details class=\"wp-block-details is-style-arrow-icon-details is-layout-flow wp-container-core-details-is-layout-e3d1c41b wp-block-details-is-layout-flow\"><summary><strong>Videoplatvormid<\/strong>&#8230;<\/summary>\n<p class=\"has-base-2-background-color has-background\">Videoplatvormid nagu YouTube ja Vimeo v\u00f5imaldavad \u00f5ppijatel kohandada \u00f5ppevideo m\u00e4ngimise kiirust ja taasesitamise kohti. \u00d5ppijad saavad ka valida, milliseid videoid nad soovivad vaadata ja millises j\u00e4rjekorras. <\/p>\n\n\n\n<p class=\"has-custom-oran-background-color has-background has-medium-font-size\">Vaata&nbsp;<a href=\"https:\/\/digioppevara.edu.ee\/kvaliteet\/soovitused-valik\/soovitusi-oppevideote-kasutamiseks\/\" data-type=\"link\" data-id=\"https:\/\/digioppevara.edu.ee\/kvaliteet\/soovitused-valik\/soovitusi-oppevideote-kasutamiseks\/\">soovitusi<\/a>&nbsp;\u00f5ppevideote kasutamiseks.<\/p>\n<\/details>\n\n\n\n<details class=\"wp-block-details is-style-arrow-icon-details is-layout-flow wp-block-details-is-layout-flow\"><summary><strong><strong>E-\u00f5pikud ja e-\u00f5ppeplatvormid<\/strong><\/strong>&#8230;<\/summary>\n<p class=\"has-base-2-background-color has-background\">E-\u00f5pikud ja e-\u00f5ppeplatvormidnagu Opiq ja TaskuTark v\u00f5imaldavad \u00f5ppijatel kohandada, milliseid osi nad soovivad \u00f5ppida ja kuidas nad soovivad materjali l\u00e4bi t\u00f6\u00f6tada. Lisaks saavad \u00f5ppijad valida, kuidas nad soovivad \u00f5ppematerjale kuvada, n\u00e4iteks suurendades teksti, ja kuidas neid korraldada vastavalt oma individuaalsetele eelistustele.<\/p>\n\n\n\n<p class=\"has-custom-oran-background-color has-background\">Vaata <a href=\"https:\/\/digioppevara.edu.ee\/kvaliteet\/soovitused-valik\/soovitusi-e-opikute-kasutamiseks\/\" data-type=\"page\" data-id=\"744\">soovitusi<\/a> e-\u00f5pikute kasutamiseks.<\/p>\n<\/details>\n\n\n\n<details class=\"wp-block-details is-style-arrow-icon-details is-layout-flow wp-block-details-is-layout-flow\"><summary><strong><strong><strong>\u00d5pihalduss\u00fcsteemid<\/strong><\/strong><\/strong>&#8230;<\/summary>\n<p class=\"has-base-2-background-color has-background\">\u00d5pihalduss\u00fcsteemid nagu Moodle ja Google Classroom v\u00f5imaldavad \u00f5ppijatel juurdep\u00e4\u00e4su \u00f5ppematerjalidele ja \u00fclesannetele igal ajal ja igas kohas, kasutades interneti\u00fchendust. See v\u00f5imaldab \u00f5ppijatel \u00f5ppida oma tempos ja valida sobiva \u00f5pikeskkonna. <\/p>\n\n\n\n<p class=\"has-custom-oran-background-color has-background\">Vaata <a href=\"https:\/\/digioppevara.edu.ee\/kvaliteet\/soovitused-valik\/soovitusi-opihaldussusteemide-kasutamiseks\/\" data-type=\"page\" data-id=\"835\">soovitusi<\/a> \u00f5pihalduss\u00fcsteemide kasutamiseks.<\/p>\n<\/details>\n\n\n\n<details class=\"wp-block-details is-style-arrow-icon-details is-layout-flow wp-block-details-is-layout-flow\"><summary><strong><strong><strong><strong>Adaptiivsed \u00f5ppes\u00fcsteemid<\/strong><\/strong><\/strong><\/strong>&#8230;<\/summary>\n<p class=\"has-base-2-background-color has-background\">Adaptiivsed \u00f5ppes\u00fcsteemid nagu Khan Academy, Quizalize, Memrise, Nutisport ja Smart Sparrow kohandavad \u00f5ppesisu vastavalt \u00f5ppijate individuaalsetele vajadustele ja edusammudele, pakkudes neile kohandatud \u00f5ppematerjale ja tagasisidet. Lisaks v\u00f5imaldavad enamik \u00f5ppehalduss\u00fcsteeme, n\u00e4iteks Socrates, Moodle ja Google Classroom, kohandada \u00f5piprotsessi vastavalt \u00f5ppijate tulemustele, pakkudes kohest tagasisidet ja suunates neid edasi \u00f5ppima seda, kus arenguruum suurem. <\/p>\n\n\n\n<p class=\"has-custom-oran-background-color has-background\">Vaata <a href=\"https:\/\/digioppevara.edu.ee\/kvaliteet\/soovitused-valik\/soovitusi-adaptiivsete-oppesusteemide-kasutamiseks\/\" data-type=\"page\" data-id=\"828\">soovitusi<\/a> adaptiivsete \u00f5ppes\u00fcsteemide kasutamiseks.<\/p>\n<\/details>\n<\/div>\n\n\n\n<div style=\"height:15px\" aria-hidden=\"true\" class=\"wp-block-spacer\"><\/div>\n\n\n<div class=\"taxonomy-post_tag is-style-pill wp-block-post-terms\"><a href=\"https:\/\/digioppevara.edu.ee\/kvaliteet\/tag\/e-opik\/\" rel=\"tag\">e-\u00f5pik<\/a><span class=\"wp-block-post-terms__separator\"> <\/span><a href=\"https:\/\/digioppevara.edu.ee\/kvaliteet\/tag\/e-oppeplatvorm\/\" rel=\"tag\">e-\u00f5ppeplatvorm<\/a><span class=\"wp-block-post-terms__separator\"> <\/span><a href=\"https:\/\/digioppevara.edu.ee\/kvaliteet\/tag\/interaktiivsus\/\" rel=\"tag\">interaktiivsus<\/a><span class=\"wp-block-post-terms__separator\"> <\/span><a href=\"https:\/\/digioppevara.edu.ee\/kvaliteet\/tag\/isikuparastatud\/\" rel=\"tag\">isikup\u00e4rastatud<\/a><span class=\"wp-block-post-terms__separator\"> <\/span><a href=\"https:\/\/digioppevara.edu.ee\/kvaliteet\/tag\/kasutusvoimalused\/\" rel=\"tag\">kasutusv\u00f5imalused<\/a><span class=\"wp-block-post-terms__separator\"> <\/span><a href=\"https:\/\/digioppevara.edu.ee\/kvaliteet\/tag\/kohanduv\/\" rel=\"tag\">kohanduv<\/a><span class=\"wp-block-post-terms__separator\"> <\/span><a href=\"https:\/\/digioppevara.edu.ee\/kvaliteet\/tag\/oppehaldussusteem\/\" rel=\"tag\">\u00f5ppehalduss\u00fcsteem<\/a><span class=\"wp-block-post-terms__separator\"> <\/span><a href=\"https:\/\/digioppevara.edu.ee\/kvaliteet\/tag\/oppesusteem\/\" rel=\"tag\">\u00f5ppes\u00fcsteem<\/a><span class=\"wp-block-post-terms__separator\"> <\/span><a href=\"https:\/\/digioppevara.edu.ee\/kvaliteet\/tag\/video\/\" rel=\"tag\">video<\/a><\/div>\n\n\n<div style=\"height:15px\" aria-hidden=\"true\" class=\"wp-block-spacer\"><\/div>\n","protected":false},"excerpt":{"rendered":"<p>Digi\u00f5ppevara toetab isikup\u00e4rastatud \u00f5pikogemuse saamist ning v\u00f5imaldab kohandada \u00f5ppesisu omandamist vastavalt oma \u00f5pieelistustele: nii saab \u00f5ppija endale sobiva v\u00e4ljakutse ning kontrolli oma \u00f5pitempo \u00fcle. N\u00e4iteks saab ta ise valida \u00f5ppevideo m\u00e4ngimise kiirust ning soovitud kohti taasesitada. Lisaks toetab digi\u00f5ppevara erineva tausta ja erinevate vajadustega \u00f5ppijate \u00f5ppeprotsessi, v\u00f5imaldades \u00f5ppida erinevates keskkondades ja erinevatel viisidel. Digi\u00f5ppevara lubab [&hellip;]<\/p>\n","protected":false},"author":1,"featured_media":0,"parent":141,"menu_order":0,"comment_status":"closed","ping_status":"closed","template":"","meta":{"footnotes":""},"categories":[],"tags":[51,52,5,14,91,31,53,54,15],"class_list":["post-192","page","type-page","status-publish","hentry","tag-e-opik","tag-e-oppeplatvorm","tag-interaktiivsus","tag-isikuparastatud","tag-kasutusvoimalused","tag-kohanduv","tag-oppehaldussusteem","tag-oppesusteem","tag-video"],"_links":{"self":[{"href":"https:\/\/digioppevara.edu.ee\/kvaliteet\/wp-json\/wp\/v2\/pages\/192","targetHints":{"allow":["GET"]}}],"collection":[{"href":"https:\/\/digioppevara.edu.ee\/kvaliteet\/wp-json\/wp\/v2\/pages"}],"about":[{"href":"https:\/\/digioppevara.edu.ee\/kvaliteet\/wp-json\/wp\/v2\/types\/page"}],"author":[{"embeddable":true,"href":"https:\/\/digioppevara.edu.ee\/kvaliteet\/wp-json\/wp\/v2\/users\/1"}],"replies":[{"embeddable":true,"href":"https:\/\/digioppevara.edu.ee\/kvaliteet\/wp-json\/wp\/v2\/comments?post=192"}],"version-history":[{"count":33,"href":"https:\/\/digioppevara.edu.ee\/kvaliteet\/wp-json\/wp\/v2\/pages\/192\/revisions"}],"predecessor-version":[{"id":1293,"href":"https:\/\/digioppevara.edu.ee\/kvaliteet\/wp-json\/wp\/v2\/pages\/192\/revisions\/1293"}],"up":[{"embeddable":true,"href":"https:\/\/digioppevara.edu.ee\/kvaliteet\/wp-json\/wp\/v2\/pages\/141"}],"wp:attachment":[{"href":"https:\/\/digioppevara.edu.ee\/kvaliteet\/wp-json\/wp\/v2\/media?parent=192"}],"wp:term":[{"taxonomy":"category","embeddable":true,"href":"https:\/\/digioppevara.edu.ee\/kvaliteet\/wp-json\/wp\/v2\/categories?post=192"},{"taxonomy":"post_tag","embeddable":true,"href":"https:\/\/digioppevara.edu.ee\/kvaliteet\/wp-json\/wp\/v2\/tags?post=192"}],"curies":[{"name":"wp","href":"https:\/\/api.w.org\/{rel}","templated":true}]}}