{"id":167,"date":"2023-12-03T23:34:24","date_gmt":"2023-12-03T21:34:24","guid":{"rendered":"https:\/\/digimaterjalid.cs.ut.ee\/?page_id=167"},"modified":"2026-03-03T17:34:53","modified_gmt":"2026-03-03T15:34:53","slug":"naited-veebipohine-ligipaas-sisule","status":"publish","type":"page","link":"https:\/\/digioppevara.edu.ee\/kvaliteet\/digioppevara-voimaldavused\/naited-veebipohine-ligipaas-sisule\/","title":{"rendered":"Iseloomulikke n\u00e4iteid veebip\u00f5hise ligip\u00e4\u00e4su eelistest"},"content":{"rendered":"\n<p class=\"has-base-2-background-color has-background\">Veebip\u00f5hine ligip\u00e4\u00e4s \u00f5ppesisule v\u00f5imaldab <strong>as\u00fcnkroonset \u00f5ppimist<\/strong>. \u00d5ppijad saavad \u00f5ppida endale <strong>sobival ajal, kohas ja tempos<\/strong>, sest neil on v\u00f5imalik \u00f5ppesisule juurde p\u00e4\u00e4seda igal ajal ja igast interneti\u00fchendusega seadmest.<\/p>\n\n\n\n<p class=\"has-base-2-background-color has-background\">Veebip\u00f5hine ligip\u00e4\u00e4s \u00f5ppesisule h\u00f5lbustab <strong>kaug\u00f5pet ja veebip\u00f5hist \u00f5pet<\/strong>. Toetatud on <strong>s\u00fcnkroonne \u00f5ppimine<\/strong>, mis t\u00e4hendab suhtlust reaalajas, nagu n\u00e4iteks veebiseminaril ja videokonverentsil.<\/p>\n\n\n\n<p class=\"has-base-2-background-color has-background\">Veebip\u00f5hine ligip\u00e4\u00e4s \u00f5ppesisule v\u00f5imaldab seda, et \u00f5ppesisu on <strong>kaasajastatud ja asjakohane<\/strong>: vastab sihtr\u00fchma vajadustele ja v\u00f5imalustele, olles nii raskusastmelt kui ka teemadelt eakohane ning \u00f5ppija eelteadmisi arvestav.<\/p>\n\n\n\n<div style=\"height:15px\" aria-hidden=\"true\" class=\"wp-block-spacer\"><\/div>\n\n\n<div class=\"taxonomy-post_tag is-style-pill wp-block-post-terms\"><a href=\"https:\/\/digioppevara.edu.ee\/kvaliteet\/tag\/kasutusvoimalused\/\" rel=\"tag\">kasutusv\u00f5imalused<\/a><span class=\"wp-block-post-terms__separator\"> <\/span><a href=\"https:\/\/digioppevara.edu.ee\/kvaliteet\/tag\/ligipaas\/\" rel=\"tag\">ligip\u00e4\u00e4s<\/a><span class=\"wp-block-post-terms__separator\"> <\/span><a href=\"https:\/\/digioppevara.edu.ee\/kvaliteet\/tag\/veebipohine\/\" rel=\"tag\">veebip\u00f5hine<\/a><\/div>\n\n\n<div style=\"height:15px\" aria-hidden=\"true\" class=\"wp-block-spacer\"><\/div>\n","protected":false},"excerpt":{"rendered":"<p>Veebip\u00f5hine ligip\u00e4\u00e4s \u00f5ppesisule v\u00f5imaldab as\u00fcnkroonset \u00f5ppimist. \u00d5ppijad saavad \u00f5ppida endale sobival ajal, kohas ja tempos, sest neil on v\u00f5imalik \u00f5ppesisule juurde p\u00e4\u00e4seda igal ajal ja igast interneti\u00fchendusega seadmest. Veebip\u00f5hine ligip\u00e4\u00e4s \u00f5ppesisule h\u00f5lbustab kaug\u00f5pet ja veebip\u00f5hist \u00f5pet. Toetatud on s\u00fcnkroonne \u00f5ppimine, mis t\u00e4hendab suhtlust reaalajas, nagu n\u00e4iteks veebiseminaril ja videokonverentsil. Veebip\u00f5hine ligip\u00e4\u00e4s \u00f5ppesisule v\u00f5imaldab seda, et [&hellip;]<\/p>\n","protected":false},"author":1,"featured_media":0,"parent":141,"menu_order":0,"comment_status":"open","ping_status":"closed","template":"","meta":{"footnotes":""},"categories":[],"tags":[91,12,13],"class_list":["post-167","page","type-page","status-publish","hentry","tag-kasutusvoimalused","tag-ligipaas","tag-veebipohine"],"_links":{"self":[{"href":"https:\/\/digioppevara.edu.ee\/kvaliteet\/wp-json\/wp\/v2\/pages\/167","targetHints":{"allow":["GET"]}}],"collection":[{"href":"https:\/\/digioppevara.edu.ee\/kvaliteet\/wp-json\/wp\/v2\/pages"}],"about":[{"href":"https:\/\/digioppevara.edu.ee\/kvaliteet\/wp-json\/wp\/v2\/types\/page"}],"author":[{"embeddable":true,"href":"https:\/\/digioppevara.edu.ee\/kvaliteet\/wp-json\/wp\/v2\/users\/1"}],"replies":[{"embeddable":true,"href":"https:\/\/digioppevara.edu.ee\/kvaliteet\/wp-json\/wp\/v2\/comments?post=167"}],"version-history":[{"count":26,"href":"https:\/\/digioppevara.edu.ee\/kvaliteet\/wp-json\/wp\/v2\/pages\/167\/revisions"}],"predecessor-version":[{"id":1301,"href":"https:\/\/digioppevara.edu.ee\/kvaliteet\/wp-json\/wp\/v2\/pages\/167\/revisions\/1301"}],"up":[{"embeddable":true,"href":"https:\/\/digioppevara.edu.ee\/kvaliteet\/wp-json\/wp\/v2\/pages\/141"}],"wp:attachment":[{"href":"https:\/\/digioppevara.edu.ee\/kvaliteet\/wp-json\/wp\/v2\/media?parent=167"}],"wp:term":[{"taxonomy":"category","embeddable":true,"href":"https:\/\/digioppevara.edu.ee\/kvaliteet\/wp-json\/wp\/v2\/categories?post=167"},{"taxonomy":"post_tag","embeddable":true,"href":"https:\/\/digioppevara.edu.ee\/kvaliteet\/wp-json\/wp\/v2\/tags?post=167"}],"curies":[{"name":"wp","href":"https:\/\/api.w.org\/{rel}","templated":true}]}}