{"id":141,"date":"2023-12-03T20:53:00","date_gmt":"2023-12-03T18:53:00","guid":{"rendered":"https:\/\/digimaterjalid.cs.ut.ee\/?page_id=141"},"modified":"2026-03-11T16:51:00","modified_gmt":"2026-03-11T14:51:00","slug":"digioppevara-voimaldavused","status":"publish","type":"page","link":"https:\/\/digioppevara.edu.ee\/kvaliteet\/digioppevara-voimaldavused\/","title":{"rendered":"Digi\u00f5ppevara kasutusv\u00f5imalused"},"content":{"rendered":"\n<blockquote class=\"wp-block-quote is-layout-flow wp-container-core-quote-is-layout-8065e8f4 wp-block-quote-is-layout-flow\" style=\"margin-top:var(--wp--preset--spacing--40);margin-right:0;margin-bottom:var(--wp--preset--spacing--40);margin-left:0;padding-top:var(--wp--preset--spacing--30);padding-right:var(--wp--preset--spacing--30);padding-bottom:var(--wp--preset--spacing--30);padding-left:var(--wp--preset--spacing--30)\">\n<p class=\"has-text-align-center\" style=\"font-size:clamp(0.875rem, 0.875rem + ((1vw - 0.2rem) * 0.625), 1.25rem);\">Digi\u00f5ppevara kasutamine on p\u00f5hjendatud, kui see v\u00f5tab arvesse v\u00e4hemalt \u00fchte allj\u00e4rgnevatest kasutusv\u00f5imalustest (inglise k <em>affordances<\/em>).<\/p>\n<\/blockquote>\n\n\n\n<div class=\"wp-block-group alignfull has-base-2-background-color has-background has-global-padding is-layout-constrained wp-container-core-group-is-layout-3aaaaffa wp-block-group-is-layout-constrained\" style=\"margin-top:0;margin-bottom:0;padding-top:var(--wp--preset--spacing--50);padding-right:var(--wp--preset--spacing--50);padding-bottom:var(--wp--preset--spacing--50);padding-left:var(--wp--preset--spacing--50)\">\n<div class=\"wp-block-columns alignwide is-layout-flex wp-container-core-columns-is-layout-ab7289dd wp-block-columns-is-layout-flex\" style=\"margin-top:0;margin-bottom:0;padding-top:0;padding-bottom:0\">\n<div class=\"wp-block-column is-layout-flow wp-container-core-column-is-layout-e3d1c41b wp-block-column-is-layout-flow\">\n<h4 class=\"wp-block-heading is-style-default has-contrast-2-color has-text-color has-link-color wp-elements-e60dccb04027cd0f4fbc28489991e6b8\"><strong>Interaktiivsus<\/strong><\/h4>\n\n\n\n<p class=\"has-text-align-left\">Interaktiivsus v\u00f5imaldab \u00f5ppijal aktiivselt \u00f5pikeskkonnas ja -protsessis osaleda, lubades tal teha valikuid ja otsuseid oma tegevuse kohta. N\u00e4iteks laseb interaktiivsus \u00f5ppijal j\u00e4lgida oma \u00f5piprotsessi ning ise otsustada, kuidas seda digi\u00f5ppevaraga paremini toetada. Lisaks \u2013 selle asemel, et lihtsalt passiivselt lugeda v\u00f5i vaadata \u2013 saab ta digitaalses keskkonnas aktiivselt tegutseda (navigeerida v\u00f5i t\u00f6\u00f6\u00fclesandeid t\u00e4ita midagi kl\u00f5psates, lohistades v\u00f5i tippides).<\/p>\n\n\n\n<p class=\"has-custom-oran-background-color has-background\">Vaata n\u00e4iteid digi\u00f5ppevarast, mis toetab  <a href=\"https:\/\/digioppevara.edu.ee\/kvaliteet\/digioppevara-voimaldavused\/isikuparastatud-opikogemus\/\" data-type=\"link\" data-id=\"https:\/\/digioppevara.edu.ee\/kvaliteet\/digioppevara-voimaldavused\/isikuparastatud-opikogemus\/\">isikup\u00e4rastatud \u00f5ppekogemuse<\/a> ja <a href=\"https:\/\/digioppevara.edu.ee\/kvaliteet\/digioppevara-voimaldavused\/kohene-tagasiside\/\" data-type=\"page\" data-id=\"205\">kohese edasiviiva tagasiside<\/a> saamist.<\/p>\n<\/div>\n\n\n\n<div class=\"wp-block-column is-layout-flow wp-container-core-column-is-layout-e3d1c41b wp-block-column-is-layout-flow\">\n<h4 class=\"wp-block-heading is-style-default has-contrast-2-color has-text-color has-link-color wp-elements-0856ade58078d5d35717190c8c7bf102\"><strong>Veebip\u00f5hine ligip\u00e4\u00e4s<\/strong><\/h4>\n\n\n\n<p class=\"has-text-align-left\">Veebip\u00f5hine ligip\u00e4\u00e4s annab \u00f5ppijatele kiire ja paindliku juurdep\u00e4\u00e4su \u00f5ppesisule, olenemata nende geograafilisest asukohast. Nii saavad nad \u00f5ppida oma valitud ajal ja kohas ning valida sobiva \u00f5ppeviisi ja materjalide t\u00fc\u00fcbi vastavalt oma vajadustele ja eelistustele. Lisaks lihtsustab veebip\u00f5hine ligip\u00e4\u00e4s \u00f5ppesisu uuendamist ja kaasajastamist. Kuigi veebip\u00f5hine ligip\u00e4\u00e4s v\u00f5imaldab paindlikkust, tuleks kaaluda, kui kaua ja millises vormis digitaalseid \u00f5ppematerjale s\u00e4ilitada. Liigse ja pikaajalise salvestamise v\u00e4ltimine toetab energiat\u00f5husust.<\/p>\n\n\n\n<p class=\"has-custom-oran-background-color has-background has-medium-font-size\">Vaata iseloomulikke n\u00e4iteid <a href=\"https:\/\/digioppevara.edu.ee\/kvaliteet\/digioppevara-voimaldavused\/naited-veebipohine-ligipaas-sisule\/\" data-type=\"link\" data-id=\"https:\/\/digioppevara.edu.ee\/kvaliteet\/\">vahetu ligip\u00e4\u00e4su eelistest.<\/a><\/p>\n<\/div>\n<\/div>\n\n\n\n<div class=\"wp-block-columns alignwide is-layout-flex wp-container-core-columns-is-layout-f5198e34 wp-block-columns-is-layout-flex\" style=\"margin-top:0;margin-bottom:0;padding-top:var(--wp--preset--spacing--40);padding-bottom:0\">\n<div class=\"wp-block-column is-layout-flow wp-container-core-column-is-layout-e3d1c41b wp-block-column-is-layout-flow\">\n<h4 class=\"wp-block-heading is-style-default has-contrast-2-color has-text-color has-link-color wp-elements-58750e3d7b1e3e10fe74582c353469e3\"><strong>Tehisaru<\/strong><\/h4>\n\n\n\n<p class=\"has-text-align-left\">Tehisaru aitab \u00f5piprotsessi t\u00f5hustada. N\u00e4iteks v\u00f5ib tehisaru kasutada \u00f5ppijate hindamiseks, materjalide koostamiseks v\u00f5i \u00f5ppet\u00f6\u00f6 planeerimiseks. \u00d5ppijad saavad tehisaru abil n\u00e4iteks koguda ideid, mida kriitiliselt hinnata, saada tagasisidet enda koostatud tekstile v\u00f5i \u00f5ppida koostama k\u00e4sklusi (algoritme), mille abil soovitud tulemuseni j\u00f5uda. Tehisaru lahenduste kasutamisel tuleks p\u00f6\u00f6rata t\u00e4helepanu ka loodavate andmete kogusele ja s\u00e4ilitamisele. Andmete teadlik haldamine ning optimeerimine aitab v\u00e4hendada serverite energiatarbimist ja toetada kestlikke lahendusi.<\/p>\n\n\n\n<p class=\"has-custom-oran-background-color has-background\">Vaata iseloomulikke n\u00e4iteid <a href=\"https:\/\/digioppevara.edu.ee\/kvaliteet\/digioppevara-voimaldavused\/tehisaru\/\" data-type=\"page\" data-id=\"262\">tehisaru kasutamise eelistest<\/a>.<\/p>\n<\/div>\n\n\n\n<div class=\"wp-block-column is-layout-flow wp-container-core-column-is-layout-e3d1c41b wp-block-column-is-layout-flow\">\n<h4 class=\"wp-block-heading is-style-default has-contrast-2-color has-text-color has-link-color wp-elements-c0b30d75d00b1ccc8bd311e8394c3b88\"><strong>Erinevad meediumid<\/strong><\/h4>\n\n\n\n<p class=\"has-text-align-left\">Erinevad meediumid teevad \u00f5ppimisest huvitavama ja t\u00f5husama kogemuse, v\u00f5imaldades \u00f5ppijatel \u00f5pitut paremini m\u00f5ista, meelde j\u00e4tta ja rakendada. <\/p>\n\n\n\n<p class=\"has-custom-oran-background-color has-background\">Vaata iseloomulikke n\u00e4iteid <a href=\"https:\/\/digioppevara.edu.ee\/kvaliteet\/digioppevara-voimaldavused\/erinevad-meediumid\/\" data-type=\"page\" data-id=\"242\">erinevate meediumite kasutamise eelistest<\/a>.<\/p>\n<\/div>\n<\/div>\n<\/div>\n\n\n\n<p style=\"margin-top:var(--wp--preset--spacing--40)\">Lisaks eelmainitud kasutusv\u00f5imalustele t\u00e4hendab digi\u00f5ppevara l\u00f5imimine \u00f5ppeprotsessi h\u00f5lpsamat ligip\u00e4\u00e4su lisaressurssidele. See aga <strong>toetab iseseisvat \u00f5pet<\/strong>. \u00d5ppijad saavad ise valida, millist lisainformatsiooni nad soovivad, st kohandada \u00f5ppimist vastavalt oma huvi- ja oskustasemele. Lisaressursid v\u00f5imaldavad \u00f5ppijatel <strong>teemast s\u00fcgavamalt aru saada<\/strong>, pakkudes t\u00e4iendavaid taustteadmisi ja \u00fcksikasju. \u00d5ppijad v\u00f5ivad leida <strong>praktilisi n\u00e4iteid ja rakendusi<\/strong>, mis aitavad neil n\u00e4ha, kuidas \u00f5pitavat igap\u00e4evaelus rakendada. Samuti v\u00f5ivad nad teema kohta avastada <strong>erinevaid vaatenurki<\/strong>, mis soodustab kriitilist m\u00f5tlemist. Erinevate kultuuride ja rahvaste vaatenurkadega tutvumine aitab neil avardada oma silmaringi ja maailmapilti.<\/p>\n\n\n\n<p>Et saada kasutada sobivat digitaalset \u00f5ppematerjali, peavad nii \u00f5petaja kui ka \u00f5ppija olema digitaalselt p\u00e4devad: v\u00f5imelised digitaalset \u00f5ppematerjali leidma, kohandama v\u00f5i ise looma ning teistega jagama. Digi\u00f5ppevara kasutamine omakorda toetab digip\u00e4devuse arendamist, pakkudes praktilisi kogemusi ja oskuste arendamise v\u00f5imalusi.<\/p>\n\n\n<div style=\"padding-bottom:0;padding-top:var(--wp--preset--spacing--30);margin-top:var(--wp--preset--spacing--30);margin-bottom:var(--wp--preset--spacing--30);margin-left:0;margin-right:0\" class=\"taxonomy-post_tag is-style-pill wp-block-post-terms\"><a href=\"https:\/\/digioppevara.edu.ee\/kvaliteet\/tag\/digipadevus\/\" rel=\"tag\">digip\u00e4devus<\/a><span class=\"wp-block-post-terms__separator\"> <\/span><a href=\"https:\/\/digioppevara.edu.ee\/kvaliteet\/tag\/energiatohusus\/\" rel=\"tag\">energiat\u00f5husus<\/a><span class=\"wp-block-post-terms__separator\"> <\/span><a href=\"https:\/\/digioppevara.edu.ee\/kvaliteet\/tag\/interaktiivsus\/\" rel=\"tag\">interaktiivsus<\/a><span class=\"wp-block-post-terms__separator\"> <\/span><a href=\"https:\/\/digioppevara.edu.ee\/kvaliteet\/tag\/iseseisev-ope\/\" rel=\"tag\">iseseisev \u00f5pe<\/a><span class=\"wp-block-post-terms__separator\"> <\/span><a href=\"https:\/\/digioppevara.edu.ee\/kvaliteet\/tag\/isikuparastatud\/\" rel=\"tag\">isikup\u00e4rastatud<\/a><span class=\"wp-block-post-terms__separator\"> <\/span><a href=\"https:\/\/digioppevara.edu.ee\/kvaliteet\/tag\/kasutusvoimalused\/\" rel=\"tag\">kasutusv\u00f5imalused<\/a><span class=\"wp-block-post-terms__separator\"> <\/span><a href=\"https:\/\/digioppevara.edu.ee\/kvaliteet\/tag\/kohene-tagasiside\/\" rel=\"tag\">kohene tagasiside<\/a><span class=\"wp-block-post-terms__separator\"> <\/span><a href=\"https:\/\/digioppevara.edu.ee\/kvaliteet\/tag\/ligipaas\/\" rel=\"tag\">ligip\u00e4\u00e4s<\/a><span class=\"wp-block-post-terms__separator\"> <\/span><a href=\"https:\/\/digioppevara.edu.ee\/kvaliteet\/tag\/multimeedium\/\" rel=\"tag\">multimeedium<\/a><span class=\"wp-block-post-terms__separator\"> <\/span><a href=\"https:\/\/digioppevara.edu.ee\/kvaliteet\/tag\/naited\/\" rel=\"tag\">n\u00e4ited<\/a><span class=\"wp-block-post-terms__separator\"> <\/span><a href=\"https:\/\/digioppevara.edu.ee\/kvaliteet\/tag\/pohjendatus\/\" rel=\"tag\">p\u00f5hjendatus<\/a><span class=\"wp-block-post-terms__separator\"> <\/span><a href=\"https:\/\/digioppevara.edu.ee\/kvaliteet\/tag\/veebipohine\/\" rel=\"tag\">veebip\u00f5hine<\/a><\/div>\n\n<div class=\"has-avatars has-dates has-excerpts no-comments wp-block-latest-comments\">Kommentaare ei ole.<\/div>\n\n\t<div id=\"respond\" style=\"padding-bottom:var(--wp--preset--spacing--30);margin-right:0;margin-left:0;\" class=\"comment-respond wp-block-post-comments-form\">\n\t\t<h3 id=\"reply-title\" class=\"comment-reply-title\">Lisa kommentaar <small><a rel=\"nofollow\" id=\"cancel-comment-reply-link\" href=\"\/kvaliteet\/wp-json\/wp\/v2\/pages\/141#respond\" style=\"display:none;\">T\u00fchista vastus<\/a><\/small><\/h3><form action=\"https:\/\/digioppevara.edu.ee\/kvaliteet\/wp-comments-post.php\" method=\"post\" id=\"commentform\" class=\"comment-form\"><p class=\"comment_notes\">Sinu e-postiaadressi ei avaldata.<\/p><p class=\"comment-form-comment\"><label for=\"comment\">Kommenteeri <span class=\"required\">*<\/span><\/label> <textarea id=\"comment\" name=\"comment\" cols=\"45\" rows=\"8\" maxlength=\"65525\" required><\/textarea><\/p><p class=\"comment-form-author\"><label for=\"author\">Nimi <span class=\"required\">*<\/span><\/label> <input id=\"author\" name=\"author\" type=\"text\" value=\"\" size=\"30\" maxlength=\"245\" autocomplete=\"name\" required \/><\/p>\n<p class=\"comment-form-email\"><label for=\"email\">E-post <span class=\"required\">*<\/span><\/label> <input id=\"email\" name=\"email\" type=\"email\" value=\"\" size=\"30\" maxlength=\"100\" autocomplete=\"email\" required \/><\/p>\n<p class=\"comment-form-cookies-consent\"><input id=\"wp-comment-cookies-consent\" name=\"wp-comment-cookies-consent\" type=\"checkbox\" value=\"yes\" \/> <label for=\"wp-comment-cookies-consent\">Salvesta minu nimi, e-posti- ja veebiaadress sellesse veebilehitsejasse j\u00e4rgmiste kommentaaride jaoks.<\/label><\/p>\n<p class=\"form-submit wp-block-button\"><input name=\"submit\" type=\"submit\" id=\"submit\" class=\"wp-block-button__link wp-element-button\" value=\"Saada kommentaar\" \/> <input type='hidden' name='comment_post_ID' value='141' id='comment_post_ID' \/>\n<input type='hidden' name='comment_parent' id='comment_parent' value='0' \/>\n<\/p><p style=\"display: none !important;\" class=\"akismet-fields-container\" data-prefix=\"ak_\"><label>&#916;<textarea name=\"ak_hp_textarea\" cols=\"45\" rows=\"8\" maxlength=\"100\"><\/textarea><\/label><input type=\"hidden\" id=\"ak_js_1\" name=\"ak_js\" value=\"244\"\/><script>document.getElementById( \"ak_js_1\" ).setAttribute( \"value\", ( new Date() ).getTime() );<\/script><\/p><\/form>\t<\/div><!-- #respond -->\n\t","protected":false},"excerpt":{"rendered":"<p>Digi\u00f5ppevara kasutamine on p\u00f5hjendatud, kui see v\u00f5tab arvesse v\u00e4hemalt \u00fchte allj\u00e4rgnevatest kasutusv\u00f5imalustest (inglise k affordances). Interaktiivsus Interaktiivsus v\u00f5imaldab \u00f5ppijal aktiivselt \u00f5pikeskkonnas ja -protsessis osaleda, lubades tal teha valikuid ja otsuseid oma tegevuse kohta. N\u00e4iteks laseb interaktiivsus \u00f5ppijal j\u00e4lgida oma \u00f5piprotsessi ning ise otsustada, kuidas seda digi\u00f5ppevaraga paremini toetada. Lisaks \u2013 selle asemel, et lihtsalt passiivselt [&hellip;]<\/p>\n","protected":false},"author":1,"featured_media":0,"parent":0,"menu_order":0,"comment_status":"open","ping_status":"closed","template":"","meta":{"footnotes":""},"categories":[],"tags":[50,100,5,33,14,91,21,12,35,9,11,13],"class_list":["post-141","page","type-page","status-publish","hentry","tag-digipadevus","tag-energiatohusus","tag-interaktiivsus","tag-iseseisev-ope","tag-isikuparastatud","tag-kasutusvoimalused","tag-kohene-tagasiside","tag-ligipaas","tag-multimeedium","tag-naited","tag-pohjendatus","tag-veebipohine"],"_links":{"self":[{"href":"https:\/\/digioppevara.edu.ee\/kvaliteet\/wp-json\/wp\/v2\/pages\/141","targetHints":{"allow":["GET"]}}],"collection":[{"href":"https:\/\/digioppevara.edu.ee\/kvaliteet\/wp-json\/wp\/v2\/pages"}],"about":[{"href":"https:\/\/digioppevara.edu.ee\/kvaliteet\/wp-json\/wp\/v2\/types\/page"}],"author":[{"embeddable":true,"href":"https:\/\/digioppevara.edu.ee\/kvaliteet\/wp-json\/wp\/v2\/users\/1"}],"replies":[{"embeddable":true,"href":"https:\/\/digioppevara.edu.ee\/kvaliteet\/wp-json\/wp\/v2\/comments?post=141"}],"version-history":[{"count":143,"href":"https:\/\/digioppevara.edu.ee\/kvaliteet\/wp-json\/wp\/v2\/pages\/141\/revisions"}],"predecessor-version":[{"id":1593,"href":"https:\/\/digioppevara.edu.ee\/kvaliteet\/wp-json\/wp\/v2\/pages\/141\/revisions\/1593"}],"wp:attachment":[{"href":"https:\/\/digioppevara.edu.ee\/kvaliteet\/wp-json\/wp\/v2\/media?parent=141"}],"wp:term":[{"taxonomy":"category","embeddable":true,"href":"https:\/\/digioppevara.edu.ee\/kvaliteet\/wp-json\/wp\/v2\/categories?post=141"},{"taxonomy":"post_tag","embeddable":true,"href":"https:\/\/digioppevara.edu.ee\/kvaliteet\/wp-json\/wp\/v2\/tags?post=141"}],"curies":[{"name":"wp","href":"https:\/\/api.w.org\/{rel}","templated":true}]}}